{"id":742,"date":"2012-03-07T00:30:33","date_gmt":"2012-03-07T00:30:33","guid":{"rendered":"http:\/\/luposan.d250.hu\/luposan\/?page_id=742"},"modified":"2012-03-12T02:22:34","modified_gmt":"2012-03-12T02:22:34","slug":"josera-emotion-line-kids","status":"publish","type":"page","link":"https:\/\/luposan.d250.hu\/luposan\/josera\/josera-emotion-line-kids\/","title":{"rendered":"Emotion Line Kids"},"content":{"rendered":"<p>&nbsp;<\/p>\n<p>&nbsp;<\/p>\n<p><img loading=\"lazy\" class=\"alignright size-full wp-image-711\" title=\"josera emotion line 02 kids\" src=\"http:\/\/luposan.d250.hu\/wp-content\/uploads\/2012\/03\/josera-emotion-line-02-kids.jpg\" alt=\"\" width=\"70\" height=\"164\" \/><\/p>\n<p style=\"text-align: justify;\">A Kids ide\u00e1lis v\u00e1laszt\u00e1s a Family ut\u00e1n. M\u00e1r nyolchetes \u00e9letkort\u00f3l adhat\u00f3, eg\u00e9szen a kutya kifejlett kor\u00e1ig. A Juniorhoz hasonl\u00f3an, gazdag \u00e9rt\u00e9kes feh\u00e9rj\u00e9kben \u00e9s csak k\u00f6nnyen em\u00e9szthet\u00f4, kiv\u00e1l\u00f3 min\u00f4s\u00e9g\u00fb h\u00fasalapanyagokb\u00f3l k\u00e9sz\u00fcl. Az Emotion\u00a0Line csal\u00e1d tagjak\u00e9nt tartalmazza mindazon kieg\u00e9sz\u00edt\u00f4ket, amelyek a luxust\u00e1pok sor\u00e1ba emelik. \u00c9leszt\u00f4 \u00e9s cik\u00f3ria az em\u00e9szt\u00f4rendszer t\u00e1mogat\u00e1s\u00e1ra, \u00fajz\u00e9landi\u00a0z\u00f6ldkagyl\u00f3 a csontozat zavartalan fejl\u00f4d\u00e9s\u00e9\u00e9rt. A Kids nem tartalmaz cukrot, mentes sz\u00f3j\u00e1t\u00f3l \u00e9s b\u00faz\u00e1t\u00f3l is. T\u00f6r\u00e9smentes fejl\u00f4d\u00e9st biztos\u00edt a k\u00f6ly\u00f6kkuty\u00e1knak,\u00a0hogy eg\u00e9szs\u00e9ges feln\u00f4tt \u00e1llat v\u00e1lj\u00e9k bel\u00f4l\u00fck.<\/p>\n<p><strong>\u00d6sszet\u00e9tel:<\/strong><br \/>\nbaromfih\u00fasliszt (5% kacsah\u00fas), rizs,<br \/>\nkukoricaliszt, teljes ki\u00f4rl\u00e9s\u00fb kukorica,<br \/>\nr\u00e9pap\u00e9p, baromfizs\u00edr, \u00e1sv\u00e1nyi anyagok,<br \/>\n\u00e9leszt\u00f4, cik\u00f3ria, \u00faj-z\u00e9landi z\u00f6ldkagyl\u00f3<\/p>\n<p>&nbsp;<\/p>\n<p>&nbsp;<\/p>\n<p><strong>Etet\u00e9si \u00fatmutat\u00f3<\/strong><\/p>\n<p>&nbsp;<\/p>\n<table width=\"570\" border=\"1\" cellspacing=\"0\" cellpadding=\"0\">\n<tbody>\n<tr>\n<td valign=\"top\" width=\"104\"><strong>\u00c9letkor h\u00f3nap<\/strong><\/td>\n<td width=\"81\"><strong>2-3<\/strong><\/td>\n<td width=\"95\"><strong>4<\/strong><\/td>\n<td width=\"95\"><strong>5-6<\/strong><\/td>\n<td width=\"106\"><strong>7-12<\/strong><\/td>\n<td width=\"89\"><strong>13-20<\/strong><\/td>\n<\/tr>\n<tr>\n<td width=\"104\"><strong>5kg<\/strong><\/td>\n<td width=\"81\"><strong>80-100g<\/strong><\/td>\n<td width=\"95\"><strong>100-120g<\/strong><\/td>\n<td width=\"95\"><strong>120-130g<\/strong><\/td>\n<td width=\"106\"><strong>\u00a0<\/strong><\/td>\n<td width=\"89\"><strong>\u00a0<\/strong><\/td>\n<\/tr>\n<tr>\n<td width=\"104\"><strong>10kg<\/strong><\/td>\n<td width=\"81\"><strong>150-160g<\/strong><\/td>\n<td width=\"95\"><strong>170-200g<\/strong><\/td>\n<td width=\"95\"><strong>200-220g<\/strong><\/td>\n<td width=\"106\"><strong>\u00a0<\/strong><\/td>\n<td width=\"89\"><strong>\u00a0<\/strong><\/td>\n<\/tr>\n<tr>\n<td width=\"104\"><strong>20kg<\/strong><\/td>\n<td width=\"81\"><strong>250-270g<\/strong><\/td>\n<td width=\"95\"><strong>280-340g<\/strong><\/td>\n<td width=\"95\"><strong>340-360g<\/strong><\/td>\n<td width=\"106\"><strong>360-400g<\/strong><\/td>\n<td width=\"89\"><strong>\u00a0<\/strong><\/td>\n<\/tr>\n<tr>\n<td width=\"104\"><strong>35kg<\/strong><\/td>\n<td width=\"81\"><strong>400-450g<\/strong><\/td>\n<td width=\"95\"><strong>450-500g<\/strong><\/td>\n<td width=\"95\"><strong>500-525g<\/strong><\/td>\n<td width=\"106\"><strong>525-570g<\/strong><\/td>\n<td width=\"89\"><strong>\u00a0<\/strong><\/td>\n<\/tr>\n<tr>\n<td width=\"104\"><strong>60kg<\/strong><\/td>\n<td width=\"81\"><strong>550-600g<\/strong><\/td>\n<td width=\"95\"><strong>600-720g<\/strong><\/td>\n<td width=\"95\"><strong>720-850g<\/strong><\/td>\n<td width=\"106\"><strong>850-1000g<\/strong><\/td>\n<td width=\"89\"><strong>1000-1200g<\/strong><\/td>\n<\/tr>\n<tr>\n<td width=\"104\"><strong>80kg<\/strong><\/td>\n<td width=\"81\"><strong>600-750g<\/strong><\/td>\n<td width=\"95\"><strong>800-940g<\/strong><\/td>\n<td width=\"95\"><strong>940-1000g<\/strong><\/td>\n<td width=\"106\"><strong>1000-1200g<\/strong><\/td>\n<td width=\"89\"><strong>1200-1300g<\/strong><\/td>\n<\/tr>\n<\/tbody>\n<\/table>\n<p>&nbsp;<\/p>\n<div id=\"main\">\n<div id=\"tartalom\">\n<p align=\"left\"><strong>\u00d6sszetev\u0151k<\/strong><\/p>\n<table width=\"570\" border=\"1\" cellspacing=\"0\" cellpadding=\"0\">\n<tbody>\n<tr>\n<td width=\"304\"><strong>Szerep\u00fck<\/strong><\/td>\n<td width=\"147\"><strong>Alkot\u00f3r\u00e9szek<\/strong><\/td>\n<td width=\"54\"><strong>%<\/strong><\/td>\n<td width=\"55\"><strong>Kids<\/strong><\/td>\n<\/tr>\n<tr>\n<td valign=\"top\" width=\"304\">N\u00f6veked\u00e9s, mozg\u00e1s, regener\u00e1ci\u00f3<\/td>\n<td valign=\"top\" width=\"147\">Nyers feh\u00e9rje<\/td>\n<td valign=\"top\" width=\"54\">%<\/td>\n<td valign=\"top\" width=\"55\">25,0<\/td>\n<\/tr>\n<tr>\n<td valign=\"top\" width=\"304\">Sz\u00e9p, er\u0151s sz\u0151rzet, eg\u00e9szs\u00e9ges b\u0151r<\/td>\n<td valign=\"top\" width=\"147\">Zs\u00edr ( \u00e9ter kivonat)<\/td>\n<td valign=\"top\" width=\"54\">%<\/td>\n<td valign=\"top\" width=\"55\">12,0<\/td>\n<\/tr>\n<tr>\n<td valign=\"top\" width=\"304\">Em\u00e9szt\u00e9s<\/td>\n<td valign=\"top\" width=\"147\">Nyers rost<\/td>\n<td valign=\"top\" width=\"54\">%<\/td>\n<td valign=\"top\" width=\"55\">2,50<\/td>\n<\/tr>\n<tr>\n<td valign=\"top\" width=\"304\">\u00c1sv\u00e1nyi anyag ell\u00e1t\u00e1s<\/td>\n<td valign=\"top\" width=\"147\">Nyers hamu<\/td>\n<td valign=\"top\" width=\"54\">%<\/td>\n<td valign=\"top\" width=\"55\">6,50<\/td>\n<\/tr>\n<tr>\n<td valign=\"top\" width=\"304\">Csontok, fogazat, v\u00e9ralvad\u00e1s, idegrendszer<\/td>\n<td valign=\"top\" width=\"147\">K\u00e1lcium<\/td>\n<td valign=\"top\" width=\"54\">%<\/td>\n<td valign=\"top\" width=\"55\">1,20<\/td>\n<\/tr>\n<tr>\n<td valign=\"top\" width=\"304\">Csontok, fogazat, mozg\u00e1s<\/td>\n<td valign=\"top\" width=\"147\">Foszfor<\/td>\n<td valign=\"top\" width=\"54\">%<\/td>\n<td valign=\"top\" width=\"55\">0,90<\/td>\n<\/tr>\n<tr>\n<td valign=\"top\" width=\"304\">V\u00edz- \u00e9s elektrolit- h\u00e1ztart\u00e1s egyens\u00falya<\/td>\n<td valign=\"top\" width=\"147\">N\u00e1trium<\/td>\n<td valign=\"top\" width=\"54\">%<\/td>\n<td valign=\"top\" width=\"55\">0,40<\/td>\n<\/tr>\n<tr>\n<td valign=\"top\" width=\"304\">Izomzat \u00e9s idegrendszer<\/td>\n<td valign=\"top\" width=\"147\">Magn\u00e9zium<\/td>\n<td valign=\"top\" width=\"54\">%<\/td>\n<td valign=\"top\" width=\"55\">0,10<\/td>\n<\/tr>\n<tr>\n<td valign=\"top\" width=\"304\"><\/td>\n<td valign=\"top\" width=\"147\">Metaboliz\u00e1lhat\u00f3 energia<\/td>\n<td valign=\"top\" width=\"54\">MJ\/kg<\/td>\n<td valign=\"top\" width=\"55\">15,6<\/td>\n<\/tr>\n<tr>\n<td valign=\"top\" width=\"304\"><\/td>\n<td width=\"147\"><strong>Vitamin- tartalom\/ kg<\/strong><\/td>\n<td colspan=\"2\" valign=\"top\"><\/td>\n<\/tr>\n<tr>\n<td valign=\"top\" width=\"304\">L\u00e1t\u00e1s, fertilit\u00e1s, ellen\u00e1ll\u00f3k\u00e9pess\u00e9g<\/td>\n<td valign=\"top\" width=\"147\">A<\/td>\n<td valign=\"top\" width=\"54\">I.E<\/td>\n<td valign=\"top\" width=\"55\">18000<\/td>\n<\/tr>\n<tr>\n<td valign=\"top\" width=\"304\">\u00c1sv\u00e1nyi anyag egyens\u00faly<\/td>\n<td valign=\"top\" width=\"147\">D<\/td>\n<td valign=\"top\" width=\"54\">I.E<\/td>\n<td valign=\"top\" width=\"55\">1800<\/td>\n<\/tr>\n<tr>\n<td valign=\"top\" width=\"304\">Mozg\u00e1s, reprodukci\u00f3<\/td>\n<td valign=\"top\" width=\"147\">E<\/td>\n<td valign=\"top\" width=\"54\">mg<\/td>\n<td valign=\"top\" width=\"55\">220<\/td>\n<\/tr>\n<tr>\n<td valign=\"top\" width=\"304\">Idegrendszer, metabolikus energia<\/td>\n<td valign=\"top\" width=\"147\">B1<\/td>\n<td valign=\"top\" width=\"54\">mg<\/td>\n<td valign=\"top\" width=\"55\">15<\/td>\n<\/tr>\n<tr>\n<td valign=\"top\" width=\"304\">N\u00f6veked\u00e9s, em\u00e9szt\u00e9s<\/td>\n<td valign=\"top\" width=\"147\">B2<\/td>\n<td valign=\"top\" width=\"54\">mg<\/td>\n<td valign=\"top\" width=\"55\">20<\/td>\n<\/tr>\n<tr>\n<td valign=\"top\" width=\"304\">N\u00f6veked\u00e9s, izomfejl\u0151d\u00e9s, idegrendszer<\/td>\n<td valign=\"top\" width=\"147\">B6<\/td>\n<td valign=\"top\" width=\"54\">mg<\/td>\n<td valign=\"top\" width=\"55\">20<\/td>\n<\/tr>\n<tr>\n<td valign=\"top\" width=\"304\">V\u00e9rk\u00e9pz\u00e9s, n\u00f6veked\u00e9s, anyagcsere<\/td>\n<td valign=\"top\" width=\"147\">B12<\/td>\n<td valign=\"top\" width=\"54\">mcg<\/td>\n<td valign=\"top\" width=\"55\">100<\/td>\n<\/tr>\n<tr>\n<td valign=\"top\" width=\"304\">Immunrendszer,v\u00e9rk\u00e9pz\u00e9s<\/td>\n<td valign=\"top\" width=\"147\">Folsav<\/td>\n<td valign=\"top\" width=\"54\">mg<\/td>\n<td valign=\"top\" width=\"55\">5<\/td>\n<\/tr>\n<tr>\n<td valign=\"top\" width=\"304\">Ellen\u00e1ll\u00f3k\u00e9pess\u00e9g, anyagcsere<\/td>\n<td valign=\"top\" width=\"147\">Ca-d- Pantoten\u00e1t<\/td>\n<td valign=\"top\" width=\"54\">mg<\/td>\n<td valign=\"top\" width=\"55\">50<\/td>\n<\/tr>\n<tr>\n<td valign=\"top\" width=\"304\">B\u0151r, em\u00e9szt\u00e9s, metabolikus energia<\/td>\n<td valign=\"top\" width=\"147\">Niacin<\/td>\n<td valign=\"top\" width=\"54\">mg<\/td>\n<td valign=\"top\" width=\"55\">90<\/td>\n<\/tr>\n<tr>\n<td valign=\"top\" width=\"304\">Eg\u00e9szs\u00e9ges, f\u00e9nyl\u0151 sz\u0151rzet<\/td>\n<td valign=\"top\" width=\"147\">Biotin<\/td>\n<td valign=\"top\" width=\"54\">mcg<\/td>\n<td valign=\"top\" width=\"55\">1000<\/td>\n<\/tr>\n<tr>\n<td valign=\"top\" width=\"304\"><\/td>\n<td width=\"147\"><strong>Nyomelem\/ kg<\/strong><\/td>\n<td colspan=\"2\" valign=\"top\"><\/td>\n<\/tr>\n<tr>\n<td valign=\"top\" width=\"304\">V\u00e9rk\u00e9pz\u00e9s, l\u00e9gz\u00e9s<\/td>\n<td valign=\"top\" width=\"147\">Vas<\/td>\n<td valign=\"top\" width=\"54\">mg<\/td>\n<td valign=\"top\" width=\"55\">200<\/td>\n<\/tr>\n<tr>\n<td valign=\"top\" width=\"304\">Eg\u00e9szs\u00e9ges b\u0151r, l\u00e1t\u00e1s, anyagcsere<\/td>\n<td valign=\"top\" width=\"147\">Cink<\/td>\n<td valign=\"top\" width=\"54\">mg<\/td>\n<td valign=\"top\" width=\"55\">160<\/td>\n<\/tr>\n<tr>\n<td valign=\"top\" width=\"304\">F\u00e9nyes sz\u0151r, er\u0151s csontok, anyagcsere<\/td>\n<td valign=\"top\" width=\"147\">Mang\u00e1n<\/td>\n<td valign=\"top\" width=\"54\">mg<\/td>\n<td valign=\"top\" width=\"55\">16<\/td>\n<\/tr>\n<tr>\n<td valign=\"top\" width=\"304\">V\u00e9rk\u00e9pz\u00e9s, eg\u00e9szs\u00e9ges b\u0151r<\/td>\n<td valign=\"top\" width=\"147\">R\u00e9z<\/td>\n<td valign=\"top\" width=\"54\">mg<\/td>\n<td valign=\"top\" width=\"55\">20<\/td>\n<\/tr>\n<tr>\n<td valign=\"top\" width=\"304\">Thyroid<\/td>\n<td valign=\"top\" width=\"147\">J\u00f3d<\/td>\n<td valign=\"top\" width=\"54\">mg<\/td>\n<td valign=\"top\" width=\"55\">2<\/td>\n<\/tr>\n<tr>\n<td valign=\"top\" width=\"304\">V\u00e9rk\u00e9pz\u00e9s<\/td>\n<td valign=\"top\" width=\"147\">Kobalt<\/td>\n<td valign=\"top\" width=\"54\">mg<\/td>\n<td valign=\"top\" width=\"55\">0,7<\/td>\n<\/tr>\n<tr>\n<td valign=\"top\" width=\"304\">Izomzat<\/td>\n<td valign=\"top\" width=\"147\">Szel\u00e9n<\/td>\n<td valign=\"top\" width=\"54\">mg<\/td>\n<td valign=\"top\" width=\"55\">0,25<\/td>\n<\/tr>\n<\/tbody>\n<\/table>\n<\/div>\n<\/div>\n","protected":false},"excerpt":{"rendered":"<p>&nbsp; &nbsp; A Kids ide\u00e1lis v\u00e1laszt\u00e1s a Family ut\u00e1n. M\u00e1r nyolchetes \u00e9letkort\u00f3l adhat\u00f3, eg\u00e9szen a kutya kifejlett kor\u00e1ig. A Juniorhoz hasonl\u00f3an, gazdag \u00e9rt\u00e9kes feh\u00e9rj\u00e9kben \u00e9s csak k\u00f6nnyen em\u00e9szthet\u00f4, kiv\u00e1l\u00f3 min\u00f4s\u00e9g\u00fb h\u00fasalapanyagokb\u00f3l k\u00e9sz\u00fcl. Az Emotion\u00a0Line csal\u00e1d tagjak\u00e9nt tartalmazza mindazon kieg\u00e9sz\u00edt\u00f4ket, amelyek a luxust\u00e1pok sor\u00e1ba emelik. \u00c9leszt\u00f4 \u00e9s cik\u00f3ria az em\u00e9szt\u00f4rendszer t\u00e1mogat\u00e1s\u00e1ra, \u00fajz\u00e9landi\u00a0z\u00f6ldkagyl\u00f3 a csontozat zavartalan fejl\u00f4d\u00e9s\u00e9\u00e9rt. &hellip; <\/p>\n<p><a class=\"more-link block-button\" href=\"https:\/\/luposan.d250.hu\/luposan\/josera\/josera-emotion-line-kids\/\">Olvass tov\u00e1bb &raquo;<\/a><\/p>\n","protected":false},"author":1,"featured_media":711,"parent":372,"menu_order":7,"comment_status":"closed","ping_status":"closed","template":"","meta":[],"_links":{"self":[{"href":"https:\/\/luposan.d250.hu\/luposan\/wp-json\/wp\/v2\/pages\/742"}],"collection":[{"href":"https:\/\/luposan.d250.hu\/luposan\/wp-json\/wp\/v2\/pages"}],"about":[{"href":"https:\/\/luposan.d250.hu\/luposan\/wp-json\/wp\/v2\/types\/page"}],"author":[{"embeddable":true,"href":"https:\/\/luposan.d250.hu\/luposan\/wp-json\/wp\/v2\/users\/1"}],"replies":[{"embeddable":true,"href":"https:\/\/luposan.d250.hu\/luposan\/wp-json\/wp\/v2\/comments?post=742"}],"version-history":[{"count":9,"href":"https:\/\/luposan.d250.hu\/luposan\/wp-json\/wp\/v2\/pages\/742\/revisions"}],"predecessor-version":[{"id":803,"href":"https:\/\/luposan.d250.hu\/luposan\/wp-json\/wp\/v2\/pages\/742\/revisions\/803"}],"up":[{"embeddable":true,"href":"https:\/\/luposan.d250.hu\/luposan\/wp-json\/wp\/v2\/pages\/372"}],"wp:featuredmedia":[{"embeddable":true,"href":"https:\/\/luposan.d250.hu\/luposan\/wp-json\/wp\/v2\/media\/711"}],"wp:attachment":[{"href":"https:\/\/luposan.d250.hu\/luposan\/wp-json\/wp\/v2\/media?parent=742"}],"curies":[{"name":"wp","href":"https:\/\/api.w.org\/{rel}","templated":true}]}}