{"id":736,"date":"2012-03-07T00:24:11","date_gmt":"2012-03-07T00:24:11","guid":{"rendered":"http:\/\/luposan.d250.hu\/luposan\/?page_id=736"},"modified":"2012-03-12T02:00:05","modified_gmt":"2012-03-12T02:00:05","slug":"josera-basic-line-sensitive","status":"publish","type":"page","link":"https:\/\/luposan.d250.hu\/luposan\/josera\/josera-basic-line-sensitive\/","title":{"rendered":"Basic Line Sensitive"},"content":{"rendered":"<p><img loading=\"lazy\" class=\"alignright size-full wp-image-708\" title=\"josera basic line 04 sensitive\" src=\"http:\/\/luposan.d250.hu\/wp-content\/uploads\/2012\/03\/josera-basic-line-04-sensitive.jpg\" alt=\"\" width=\"85\" height=\"200\" \/><\/p>\n<p style=\"text-align: justify;\">A SENSITIVE teljes \u00e9rt\u00e9k\u0171 kutyat\u00e1p, mely a k\u00f6nnyen em\u00e9szthet\u0151 \u00f6sszetev\u0151knek k\u00f6sz\u00f6nhet\u0151en egyar\u00e1nt megfelel a norm\u00e1l, valamint \u00e9rz\u00e9keny em\u00e9szt\u0151rendszer\u0171 kuty\u00e1knak is. Feh\u00e9rjeforr\u00e1sk\u00e9nt els\u0151sorban csirkeh\u00fast, sz\u00e9nhidr\u00e1tforr\u00e1sk\u00e9nt pedig rizst tartalmaz.<\/p>\n<p><strong>\u00d6sszet\u00e9tel:<\/strong><\/p>\n<p>Baromfih\u00fasliszt, rizs, kukorica, kukoricaliszt,<\/p>\n<p>baromfizs\u00edr, r\u00e9pap\u00e9p, \u00e1sv\u00e1nyi anyagok.<\/p>\n<p>&nbsp;<\/p>\n<p><strong>Etet\u00e9si \u00fatmutat\u00f3<\/strong><\/p>\n<p>&nbsp;<\/p>\n<table width=\"301\" border=\"1\" cellspacing=\"0\" cellpadding=\"0\">\n<tbody>\n<tr>\n<td width=\"155\">\n<strong>Kifejlett kori testt\u00f6meg<\/strong><\/td>\n<td width=\"146\"><strong>Aj\u00e1nlott mennyis\u00e9g\/nap<\/strong><\/td>\n<\/tr>\n<tr>\n<td width=\"155\"><strong>5kg<\/strong><\/td>\n<td width=\"146\">90-110g<\/td>\n<\/tr>\n<tr>\n<td width=\"155\"><strong>10kg<\/strong><\/td>\n<td width=\"146\">140-170g<\/td>\n<\/tr>\n<tr>\n<td width=\"155\"><strong>20kg<\/strong><\/td>\n<td width=\"146\">210-270g<\/td>\n<\/tr>\n<tr>\n<td width=\"155\"><strong>35kg<\/strong><\/td>\n<td width=\"146\">310-390g<\/td>\n<\/tr>\n<tr>\n<td width=\"155\"><strong>60kg<\/strong><\/td>\n<td width=\"146\">440-560g<\/td>\n<\/tr>\n<tr>\n<td width=\"155\"><strong>80kg<\/strong><\/td>\n<td width=\"146\">520-670g<\/td>\n<\/tr>\n<\/tbody>\n<\/table>\n<p>&nbsp;<\/p>\n<p align=\"center\">\n<p align=\"left\"><strong>\u00d6sszetev\u0151k<\/strong><\/p>\n<p align=\"center\">\n<table border=\"1\" cellspacing=\"0\" cellpadding=\"0\">\n<tbody>\n<tr>\n<td width=\"234\"><strong>Szerep\u00fck<\/strong><\/td>\n<td width=\"164\"><strong>Alkot\u00f3r\u00e9szek<\/strong><\/td>\n<td width=\"72\"><strong>%<\/strong><\/td>\n<td width=\"101\"><strong>Sensitive<\/strong><\/td>\n<\/tr>\n<tr>\n<td valign=\"top\" width=\"234\">N\u00f6veked\u00e9s, mozg\u00e1s, regener\u00e1ci\u00f3<\/td>\n<td valign=\"top\" width=\"164\">Nyers feh\u00e9rje<\/td>\n<td valign=\"top\" width=\"72\">%<\/td>\n<td valign=\"top\" width=\"101\">25,0<\/td>\n<\/tr>\n<tr>\n<td valign=\"top\" width=\"234\">\u00c9p, er\u0151s sz\u0151rzet, eg\u00e9szs\u00e9ges b\u0151r<\/td>\n<td valign=\"top\" width=\"164\">Nyers zs\u00edr<\/td>\n<td valign=\"top\" width=\"72\">%<\/td>\n<td valign=\"top\" width=\"101\">13,0<\/td>\n<\/tr>\n<tr>\n<td valign=\"top\" width=\"234\">Em\u00e9szt\u00e9s<\/td>\n<td valign=\"top\" width=\"164\">Nyers rost<\/td>\n<td valign=\"top\" width=\"72\">%<\/td>\n<td valign=\"top\" width=\"101\">2,50<\/td>\n<\/tr>\n<tr>\n<td valign=\"top\" width=\"234\">\u00c1sv\u00e1nyi anyag ell\u00e1t\u00e1s<\/td>\n<td valign=\"top\" width=\"164\">Nyers hamu<\/td>\n<td valign=\"top\" width=\"72\">%<\/td>\n<td valign=\"top\" width=\"101\">7,00<\/td>\n<\/tr>\n<tr>\n<td valign=\"top\" width=\"234\">Csontok, fogazat, v\u00e9ralvad\u00e1s, idegrendszer<\/td>\n<td valign=\"top\" width=\"164\">K\u00e1lcium<\/td>\n<td valign=\"top\" width=\"72\">%<\/td>\n<td valign=\"top\" width=\"101\">1,40<\/td>\n<\/tr>\n<tr>\n<td valign=\"top\" width=\"234\">Csontok, fogazat, mozg\u00e1s<\/td>\n<td valign=\"top\" width=\"164\">Foszfor<\/td>\n<td valign=\"top\" width=\"72\">%<\/td>\n<td valign=\"top\" width=\"101\">1,00<\/td>\n<\/tr>\n<tr>\n<td valign=\"top\" width=\"234\">V\u00edz- \u00e9s elektrolit- h\u00e1ztart\u00e1s egyens\u00falya<\/td>\n<td valign=\"top\" width=\"164\">N\u00e1trium<\/td>\n<td valign=\"top\" width=\"72\">%<\/td>\n<td valign=\"top\" width=\"101\">0,40<\/td>\n<\/tr>\n<tr>\n<td valign=\"top\" width=\"234\">Izomzat \u00e9s idegrendszer<\/td>\n<td valign=\"top\" width=\"164\">Magn\u00e9zium<\/td>\n<td valign=\"top\" width=\"72\">%<\/td>\n<td valign=\"top\" width=\"101\">0,12<\/td>\n<\/tr>\n<tr>\n<td valign=\"top\" width=\"234\">&nbsp;<\/td>\n<td width=\"164\"><strong>Vitamin-tartalom\/ kg<\/strong><\/td>\n<td colspan=\"2\" valign=\"top\">&nbsp;<\/td>\n<\/tr>\n<tr>\n<td valign=\"top\" width=\"234\">L\u00e1t\u00e1s, fertilit\u00e1s, ellen\u00e1ll\u00f3k\u00e9pess\u00e9g<\/td>\n<td valign=\"top\" width=\"164\">A<\/td>\n<td valign=\"top\" width=\"72\">I.E<\/td>\n<td valign=\"top\" width=\"101\">13000<\/td>\n<\/tr>\n<tr>\n<td valign=\"top\" width=\"234\">\u00c1sv\u00e1nyi anyag egyens\u00faly<\/td>\n<td valign=\"top\" width=\"164\">D3<\/td>\n<td valign=\"top\" width=\"72\">I.E<\/td>\n<td valign=\"top\" width=\"101\">1300<\/td>\n<\/tr>\n<tr>\n<td valign=\"top\" width=\"234\">Mozg\u00e1s, reprodukci\u00f3<\/td>\n<td valign=\"top\" width=\"164\">E<\/td>\n<td valign=\"top\" width=\"72\">mg<\/td>\n<td valign=\"top\" width=\"101\">150<\/td>\n<\/tr>\n<tr>\n<td valign=\"top\" width=\"234\">Idegrendszer, metabolikus energia<\/td>\n<td valign=\"top\" width=\"164\">B1<\/td>\n<td valign=\"top\" width=\"72\">mg<\/td>\n<td valign=\"top\" width=\"101\">10<\/td>\n<\/tr>\n<tr>\n<td valign=\"top\" width=\"234\">N\u00f6veked\u00e9s, em\u00e9szt\u00e9s<\/td>\n<td valign=\"top\" width=\"164\">B2<\/td>\n<td valign=\"top\" width=\"72\">mg<\/td>\n<td valign=\"top\" width=\"101\">15<\/td>\n<\/tr>\n<tr>\n<td valign=\"top\" width=\"234\">N\u00f6veked\u00e9s, izomfejl\u0151d\u00e9s, idegrendszer<\/td>\n<td valign=\"top\" width=\"164\">B6<\/td>\n<td valign=\"top\" width=\"72\">mg<\/td>\n<td valign=\"top\" width=\"101\">15<\/td>\n<\/tr>\n<tr>\n<td valign=\"top\" width=\"234\">V\u00e9rk\u00e9pz\u00e9s, n\u00f6veked\u00e9s, anyagcsere<\/td>\n<td valign=\"top\" width=\"164\">B12<\/td>\n<td valign=\"top\" width=\"72\">mcg<\/td>\n<td valign=\"top\" width=\"101\">70<\/td>\n<\/tr>\n<tr>\n<td valign=\"top\" width=\"234\">Immunrendszer,v\u00e9rk\u00e9pz\u00e9s<\/td>\n<td valign=\"top\" width=\"164\">Folsav<\/td>\n<td valign=\"top\" width=\"72\">mg<\/td>\n<td valign=\"top\" width=\"101\">4<\/td>\n<\/tr>\n<tr>\n<td valign=\"top\" width=\"234\">Ellen\u00e1ll\u00f3k\u00e9pess\u00e9g, anyagcsere<\/td>\n<td valign=\"top\" width=\"164\">Ca-d- Pantoten\u00e1t<\/td>\n<td valign=\"top\" width=\"72\">mg<\/td>\n<td valign=\"top\" width=\"101\">35<\/td>\n<\/tr>\n<tr>\n<td valign=\"top\" width=\"234\">B\u0151r, em\u00e9szt\u00e9s, metabolikus energia<\/td>\n<td valign=\"top\" width=\"164\">Niacin<\/td>\n<td valign=\"top\" width=\"72\">mg<\/td>\n<td valign=\"top\" width=\"101\">60<\/td>\n<\/tr>\n<tr>\n<td valign=\"top\" width=\"234\">Eg\u00e9szs\u00e9ges, f\u00e9nyl\u0151 sz\u0151rzet<\/td>\n<td valign=\"top\" width=\"164\">Biotin<\/td>\n<td valign=\"top\" width=\"72\">mcg<\/td>\n<td valign=\"top\" width=\"101\">650<\/td>\n<\/tr>\n<tr>\n<td valign=\"top\" width=\"234\">&nbsp;<\/td>\n<td width=\"164\"><strong>Nyomelem\/ kg<\/strong><\/td>\n<td colspan=\"2\" valign=\"top\">&nbsp;<\/td>\n<\/tr>\n<tr>\n<td valign=\"top\" width=\"234\">V\u00e9rk\u00e9pz\u00e9s, l\u00e9gz\u00e9s<\/td>\n<td valign=\"top\" width=\"164\">Vas<\/td>\n<td valign=\"top\" width=\"72\">mg<\/td>\n<td valign=\"top\" width=\"101\">200<\/td>\n<\/tr>\n<tr>\n<td valign=\"top\" width=\"234\">Eg\u00e9szs\u00e9ges b\u0151r, l\u00e1t\u00e1s, anyagcsere<\/td>\n<td valign=\"top\" width=\"164\">Cink<\/td>\n<td valign=\"top\" width=\"72\">mg<\/td>\n<td valign=\"top\" width=\"101\">160<\/td>\n<\/tr>\n<tr>\n<td valign=\"top\" width=\"234\">F\u00e9nyes sz\u0151r, er\u0151s csontok, anyagcsere<\/td>\n<td valign=\"top\" width=\"164\">Mang\u00e1n<\/td>\n<td valign=\"top\" width=\"72\">mg<\/td>\n<td valign=\"top\" width=\"101\">16<\/td>\n<\/tr>\n<tr>\n<td valign=\"top\" width=\"234\">V\u00e9rk\u00e9pz\u00e9s, eg\u00e9szs\u00e9ges b\u0151r<\/td>\n<td valign=\"top\" width=\"164\">R\u00e9z<\/td>\n<td valign=\"top\" width=\"72\">mg<\/td>\n<td valign=\"top\" width=\"101\">20<\/td>\n<\/tr>\n<tr>\n<td valign=\"top\" width=\"234\">Thyroid<\/td>\n<td valign=\"top\" width=\"164\">J\u00f3d<\/td>\n<td valign=\"top\" width=\"72\">mg<\/td>\n<td valign=\"top\" width=\"101\">2<\/td>\n<\/tr>\n<tr>\n<td valign=\"top\" width=\"234\">V\u00e9rk\u00e9pz\u00e9s<\/td>\n<td valign=\"top\" width=\"164\">Kobalt<\/td>\n<td valign=\"top\" width=\"72\">mg<\/td>\n<td valign=\"top\" width=\"101\">0,7<\/td>\n<\/tr>\n<tr>\n<td valign=\"top\" width=\"234\">Izomzat<\/td>\n<td valign=\"top\" width=\"164\">Szel\u00e9n<\/td>\n<td valign=\"top\" width=\"72\">mg<\/td>\n<td valign=\"top\" width=\"101\">0,25<\/td>\n<\/tr>\n<\/tbody>\n<\/table>\n<p align=\"center\">\n","protected":false},"excerpt":{"rendered":"<p>A SENSITIVE teljes \u00e9rt\u00e9k\u0171 kutyat\u00e1p, mely a k\u00f6nnyen em\u00e9szthet\u0151 \u00f6sszetev\u0151knek k\u00f6sz\u00f6nhet\u0151en egyar\u00e1nt megfelel a norm\u00e1l, valamint \u00e9rz\u00e9keny em\u00e9szt\u0151rendszer\u0171 kuty\u00e1knak is. Feh\u00e9rjeforr\u00e1sk\u00e9nt els\u0151sorban csirkeh\u00fast, sz\u00e9nhidr\u00e1tforr\u00e1sk\u00e9nt pedig rizst tartalmaz. \u00d6sszet\u00e9tel: Baromfih\u00fasliszt, rizs, kukorica, kukoricaliszt, baromfizs\u00edr, r\u00e9pap\u00e9p, \u00e1sv\u00e1nyi anyagok. &nbsp; Etet\u00e9si \u00fatmutat\u00f3 &nbsp; Kifejlett kori testt\u00f6meg Aj\u00e1nlott mennyis\u00e9g\/nap 5kg 90-110g 10kg 140-170g 20kg 210-270g 35kg 310-390g 60kg 440-560g &hellip; <\/p>\n<p><a class=\"more-link block-button\" href=\"https:\/\/luposan.d250.hu\/luposan\/josera\/josera-basic-line-sensitive\/\">Olvass tov\u00e1bb &raquo;<\/a><\/p>\n","protected":false},"author":1,"featured_media":708,"parent":372,"menu_order":4,"comment_status":"closed","ping_status":"closed","template":"","meta":[],"_links":{"self":[{"href":"https:\/\/luposan.d250.hu\/luposan\/wp-json\/wp\/v2\/pages\/736"}],"collection":[{"href":"https:\/\/luposan.d250.hu\/luposan\/wp-json\/wp\/v2\/pages"}],"about":[{"href":"https:\/\/luposan.d250.hu\/luposan\/wp-json\/wp\/v2\/types\/page"}],"author":[{"embeddable":true,"href":"https:\/\/luposan.d250.hu\/luposan\/wp-json\/wp\/v2\/users\/1"}],"replies":[{"embeddable":true,"href":"https:\/\/luposan.d250.hu\/luposan\/wp-json\/wp\/v2\/comments?post=736"}],"version-history":[{"count":5,"href":"https:\/\/luposan.d250.hu\/luposan\/wp-json\/wp\/v2\/pages\/736\/revisions"}],"predecessor-version":[{"id":795,"href":"https:\/\/luposan.d250.hu\/luposan\/wp-json\/wp\/v2\/pages\/736\/revisions\/795"}],"up":[{"embeddable":true,"href":"https:\/\/luposan.d250.hu\/luposan\/wp-json\/wp\/v2\/pages\/372"}],"wp:featuredmedia":[{"embeddable":true,"href":"https:\/\/luposan.d250.hu\/luposan\/wp-json\/wp\/v2\/media\/708"}],"wp:attachment":[{"href":"https:\/\/luposan.d250.hu\/luposan\/wp-json\/wp\/v2\/media?parent=736"}],"curies":[{"name":"wp","href":"https:\/\/api.w.org\/{rel}","templated":true}]}}