{"id":731,"date":"2012-03-07T00:15:38","date_gmt":"2012-03-07T00:15:38","guid":{"rendered":"http:\/\/luposan.d250.hu\/luposan\/?page_id=731"},"modified":"2012-03-12T01:32:27","modified_gmt":"2012-03-12T01:32:27","slug":"josera-basic-line-regular","status":"publish","type":"page","link":"https:\/\/luposan.d250.hu\/luposan\/josera\/josera-basic-line-regular\/","title":{"rendered":"Basic Line Regular"},"content":{"rendered":"<p style=\"text-align: justify;\"><img loading=\"lazy\" class=\"alignright size-full wp-image-706\" title=\"josera basic line 02 regular\" src=\"http:\/\/luposan.d250.hu\/wp-content\/uploads\/2012\/03\/josera-basic-line-02-regular.jpg\" alt=\"\" width=\"85\" height=\"200\" \/>A REGULAR teljes \u00e9rt\u00e9k\u00fb kutyat\u00e1p, mely gondosan kiv\u00e1lasztott alapanyagokb\u00f3l, csirke \u00e9s lazach\u00fas felhaszn\u00e1l\u00e1s\u00e1val k\u00e9sz\u00fcl. Sz\u00e9nhidr\u00e1tforr\u00e1sk\u00e9nt k\u00f6nnyen em\u00e9szthet\u00f4 rizst tartalmaz. Az omega-3 \u00e9s omega-6 zs\u00edrsavak gondoskodnak arr\u00f3l, hogy kuty\u00e1ja sz\u00f4re f\u00e9nyes, b\u00f4re pedig eg\u00e9szs\u00e9ges legyen.<\/p>\n<p style=\"text-align: justify;\"><strong>\u00d6sszet\u00e9tel:<\/strong><br \/>\nbaromfih\u00fasliszt, \u00e1rpa, rizs, kukorica,<br \/>\nkukoricaliszt, r\u00e9pap\u00e9p, lazach\u00fas,<br \/>\ntepert\u00f4liszt, \u00e1sv\u00e1nyi anyagok<\/p>\n<p>&nbsp;<\/p>\n<p><strong>Etet\u00e9si \u00fatmutat\u00f3<\/strong><\/p>\n<p>&nbsp;<\/p>\n<table width=\"301\" border=\"1\" cellspacing=\"0\" cellpadding=\"0\">\n<tbody>\n<tr>\n<td width=\"155\"><strong>Kifejlett kori testt\u00f6meg<\/strong><\/td>\n<td width=\"146\"><strong>Aj\u00e1nlott mennyis\u00e9g\/nap<\/strong><\/td>\n<\/tr>\n<tr>\n<td width=\"155\"><strong>5kg<\/strong><\/td>\n<td width=\"146\">70-100g<\/td>\n<\/tr>\n<tr>\n<td width=\"155\"><strong>10kg<\/strong><\/td>\n<td width=\"146\">120-160g<\/td>\n<\/tr>\n<tr>\n<td width=\"155\"><strong>20kg<\/strong><\/td>\n<td width=\"146\">200-260g<\/td>\n<\/tr>\n<tr>\n<td width=\"155\"><strong>35kg<\/strong><\/td>\n<td width=\"146\">280-380g<\/td>\n<\/tr>\n<tr>\n<td width=\"155\"><strong>60kg<\/strong><\/td>\n<td width=\"146\">400-540g<\/td>\n<\/tr>\n<tr>\n<td width=\"155\"><strong>80kg<\/strong><\/td>\n<td width=\"146\">500-600g<\/td>\n<\/tr>\n<\/tbody>\n<\/table>\n<p>&nbsp;<\/p>\n<p align=\"left\"><strong>\u00d6sszetev\u0151k<\/strong><\/p>\n<table width=\"565\" border=\"1\" cellspacing=\"0\" cellpadding=\"0\">\n<tbody>\n<tr>\n<td width=\"255\"><strong>Szerep\u00fck<\/strong><\/td>\n<td width=\"158\"><strong>Alkot\u00f3r\u00e9szek<\/strong><\/td>\n<td width=\"42\"><strong>%<\/strong><\/td>\n<td width=\"100\"><strong>Regular<\/strong><\/td>\n<\/tr>\n<tr>\n<td valign=\"top\" width=\"255\">N\u00f6veked\u00e9s, mozg\u00e1s, regener\u00e1ci\u00f3<\/td>\n<td valign=\"top\" width=\"158\">Nyers feh\u00e9rje<\/td>\n<td valign=\"top\" width=\"42\">%<\/td>\n<td valign=\"top\" width=\"100\">25,0<\/td>\n<\/tr>\n<tr>\n<td valign=\"top\" width=\"255\">\u00c9p, er\u0151s sz\u0151rzet, eg\u00e9szs\u00e9ges b\u0151r<\/td>\n<td valign=\"top\" width=\"158\">Nyers zs\u00edr<\/td>\n<td valign=\"top\" width=\"42\">%<\/td>\n<td valign=\"top\" width=\"100\">15,0<\/td>\n<\/tr>\n<tr>\n<td valign=\"top\" width=\"255\">Em\u00e9szt\u00e9s<\/td>\n<td valign=\"top\" width=\"158\">Nyers rost<\/td>\n<td valign=\"top\" width=\"42\">%<\/td>\n<td valign=\"top\" width=\"100\">3,00<\/td>\n<\/tr>\n<tr>\n<td valign=\"top\" width=\"255\">\u00c1sv\u00e1nyi anyag ell\u00e1t\u00e1s<\/td>\n<td valign=\"top\" width=\"158\">Nyers hamu<\/td>\n<td valign=\"top\" width=\"42\">%<\/td>\n<td valign=\"top\" width=\"100\">7,50<\/td>\n<\/tr>\n<tr>\n<td valign=\"top\" width=\"255\">Csontok, fogazat, v\u00e9ralvad\u00e1s, idegrendszer<\/td>\n<td valign=\"top\" width=\"158\">K\u00e1lcium<\/td>\n<td valign=\"top\" width=\"42\">%<\/td>\n<td valign=\"top\" width=\"100\">1,50<\/td>\n<\/tr>\n<tr>\n<td valign=\"top\" width=\"255\">Csontok, fogazat, mozg\u00e1s<\/td>\n<td valign=\"top\" width=\"158\">Foszfor<\/td>\n<td valign=\"top\" width=\"42\">%<\/td>\n<td valign=\"top\" width=\"100\">1,00<\/td>\n<\/tr>\n<tr>\n<td valign=\"top\" width=\"255\">V\u00edz- \u00e9s elektrolit- h\u00e1ztart\u00e1s egyens\u00falya<\/td>\n<td valign=\"top\" width=\"158\">N\u00e1trium<\/td>\n<td valign=\"top\" width=\"42\">%<\/td>\n<td valign=\"top\" width=\"100\">0,40<\/td>\n<\/tr>\n<tr>\n<td valign=\"top\" width=\"255\">Izomzat \u00e9s idegrendszer<\/td>\n<td valign=\"top\" width=\"158\">Magn\u00e9zium<\/td>\n<td valign=\"top\" width=\"42\">%<\/td>\n<td valign=\"top\" width=\"100\">0,12<\/td>\n<\/tr>\n<tr>\n<td valign=\"top\" width=\"255\"><\/td>\n<td width=\"158\"><strong>Vitamin-tartalom\/ kg<\/strong><\/td>\n<td colspan=\"2\" valign=\"top\"><\/td>\n<\/tr>\n<tr>\n<td valign=\"top\" width=\"255\">L\u00e1t\u00e1s, fertilit\u00e1s, ellen\u00e1ll\u00f3k\u00e9pess\u00e9g<\/td>\n<td valign=\"top\" width=\"158\">A<\/td>\n<td valign=\"top\" width=\"42\">I.E<\/td>\n<td valign=\"top\" width=\"100\">13000<\/td>\n<\/tr>\n<tr>\n<td valign=\"top\" width=\"255\">\u00c1sv\u00e1nyi anyag egyens\u00faly<\/td>\n<td valign=\"top\" width=\"158\">D3<\/td>\n<td valign=\"top\" width=\"42\">I.E<\/td>\n<td valign=\"top\" width=\"100\">1300<\/td>\n<\/tr>\n<tr>\n<td valign=\"top\" width=\"255\">Mozg\u00e1s, reprodukci\u00f3<\/td>\n<td valign=\"top\" width=\"158\">E<\/td>\n<td valign=\"top\" width=\"42\">mg<\/td>\n<td valign=\"top\" width=\"100\">150<\/td>\n<\/tr>\n<tr>\n<td valign=\"top\" width=\"255\">Idegrendszer, metabolikus energia<\/td>\n<td valign=\"top\" width=\"158\">B1<\/td>\n<td valign=\"top\" width=\"42\">mg<\/td>\n<td valign=\"top\" width=\"100\">10<\/td>\n<\/tr>\n<tr>\n<td valign=\"top\" width=\"255\">N\u00f6veked\u00e9s, em\u00e9szt\u00e9s<\/td>\n<td valign=\"top\" width=\"158\">B2<\/td>\n<td valign=\"top\" width=\"42\">mg<\/td>\n<td valign=\"top\" width=\"100\">15<\/td>\n<\/tr>\n<tr>\n<td valign=\"top\" width=\"255\">N\u00f6veked\u00e9s, izomfejl\u0151d\u00e9s, idegrendszer<\/td>\n<td valign=\"top\" width=\"158\">B6<\/td>\n<td valign=\"top\" width=\"42\">mg<\/td>\n<td valign=\"top\" width=\"100\">15<\/td>\n<\/tr>\n<tr>\n<td valign=\"top\" width=\"255\">V\u00e9rk\u00e9pz\u00e9s, n\u00f6veked\u00e9s, anyagcsere<\/td>\n<td valign=\"top\" width=\"158\">B12<\/td>\n<td valign=\"top\" width=\"42\">mcg<\/td>\n<td valign=\"top\" width=\"100\">70<\/td>\n<\/tr>\n<tr>\n<td valign=\"top\" width=\"255\">Immunrendszer,v\u00e9rk\u00e9pz\u00e9s<\/td>\n<td valign=\"top\" width=\"158\">Folsav<\/td>\n<td valign=\"top\" width=\"42\">mg<\/td>\n<td valign=\"top\" width=\"100\">4<\/td>\n<\/tr>\n<tr>\n<td valign=\"top\" width=\"255\">Ellen\u00e1ll\u00f3k\u00e9pess\u00e9g, anyagcsere<\/td>\n<td valign=\"top\" width=\"158\">Ca-d- Pantoten\u00e1t<\/td>\n<td valign=\"top\" width=\"42\">mg<\/td>\n<td valign=\"top\" width=\"100\">35<\/td>\n<\/tr>\n<tr>\n<td valign=\"top\" width=\"255\">B\u0151r, em\u00e9szt\u00e9s, metabolikus energia<\/td>\n<td valign=\"top\" width=\"158\">Niacin<\/td>\n<td valign=\"top\" width=\"42\">mg<\/td>\n<td valign=\"top\" width=\"100\">60<\/td>\n<\/tr>\n<tr>\n<td valign=\"top\" width=\"255\">Eg\u00e9szs\u00e9ges, f\u00e9nyl\u0151 sz\u0151rzet<\/td>\n<td valign=\"top\" width=\"158\">Biotin<\/td>\n<td valign=\"top\" width=\"42\">mcg<\/td>\n<td valign=\"top\" width=\"100\">650<\/td>\n<\/tr>\n<tr>\n<td valign=\"top\" width=\"255\"><\/td>\n<td width=\"158\"><strong>Nyomelem\/ kg<\/strong><\/td>\n<td colspan=\"2\" valign=\"top\"><\/td>\n<\/tr>\n<tr>\n<td valign=\"top\" width=\"255\">V\u00e9rk\u00e9pz\u00e9s, l\u00e9gz\u00e9s<\/td>\n<td valign=\"top\" width=\"158\">Vas<\/td>\n<td valign=\"top\" width=\"42\">mg<\/td>\n<td valign=\"top\" width=\"100\">200<\/td>\n<\/tr>\n<tr>\n<td valign=\"top\" width=\"255\">Eg\u00e9szs\u00e9ges b\u0151r, l\u00e1t\u00e1s, anyagcsere<\/td>\n<td valign=\"top\" width=\"158\">Cink<\/td>\n<td valign=\"top\" width=\"42\">mg<\/td>\n<td valign=\"top\" width=\"100\">160<\/td>\n<\/tr>\n<tr>\n<td valign=\"top\" width=\"255\">F\u00e9nyes sz\u0151r, er\u0151s csontok, anyagcsere<\/td>\n<td valign=\"top\" width=\"158\">Mang\u00e1n<\/td>\n<td valign=\"top\" width=\"42\">mg<\/td>\n<td valign=\"top\" width=\"100\">16<\/td>\n<\/tr>\n<tr>\n<td valign=\"top\" width=\"255\">V\u00e9rk\u00e9pz\u00e9s, eg\u00e9szs\u00e9ges b\u0151r<\/td>\n<td valign=\"top\" width=\"158\">R\u00e9z<\/td>\n<td valign=\"top\" width=\"42\">mg<\/td>\n<td valign=\"top\" width=\"100\">20<\/td>\n<\/tr>\n<tr>\n<td valign=\"top\" width=\"255\">Thyroid<\/td>\n<td valign=\"top\" width=\"158\">J\u00f3d<\/td>\n<td valign=\"top\" width=\"42\">mg<\/td>\n<td valign=\"top\" width=\"100\">2<\/td>\n<\/tr>\n<tr>\n<td valign=\"top\" width=\"255\">V\u00e9rk\u00e9pz\u00e9s<\/td>\n<td valign=\"top\" width=\"158\">Kobalt<\/td>\n<td valign=\"top\" width=\"42\">mg<\/td>\n<td valign=\"top\" width=\"100\">0,7<\/td>\n<\/tr>\n<tr>\n<td valign=\"top\" width=\"255\">Izomzat<\/td>\n<td valign=\"top\" width=\"158\">Szel\u00e9n<\/td>\n<td valign=\"top\" width=\"42\">mg<\/td>\n<td valign=\"top\" width=\"100\">0,25<\/td>\n<\/tr>\n<\/tbody>\n<\/table>\n","protected":false},"excerpt":{"rendered":"<p>A REGULAR teljes \u00e9rt\u00e9k\u00fb kutyat\u00e1p, mely gondosan kiv\u00e1lasztott alapanyagokb\u00f3l, csirke \u00e9s lazach\u00fas felhaszn\u00e1l\u00e1s\u00e1val k\u00e9sz\u00fcl. Sz\u00e9nhidr\u00e1tforr\u00e1sk\u00e9nt k\u00f6nnyen em\u00e9szthet\u00f4 rizst tartalmaz. Az omega-3 \u00e9s omega-6 zs\u00edrsavak gondoskodnak arr\u00f3l, hogy kuty\u00e1ja sz\u00f4re f\u00e9nyes, b\u00f4re pedig eg\u00e9szs\u00e9ges legyen. \u00d6sszet\u00e9tel: baromfih\u00fasliszt, \u00e1rpa, rizs, kukorica, kukoricaliszt, r\u00e9pap\u00e9p, lazach\u00fas, tepert\u00f4liszt, \u00e1sv\u00e1nyi anyagok &nbsp; Etet\u00e9si \u00fatmutat\u00f3 &nbsp; Kifejlett kori testt\u00f6meg Aj\u00e1nlott mennyis\u00e9g\/nap 5kg &hellip; <\/p>\n<p><a class=\"more-link block-button\" href=\"https:\/\/luposan.d250.hu\/luposan\/josera\/josera-basic-line-regular\/\">Olvass tov\u00e1bb &raquo;<\/a><\/p>\n","protected":false},"author":1,"featured_media":706,"parent":372,"menu_order":2,"comment_status":"closed","ping_status":"closed","template":"","meta":[],"_links":{"self":[{"href":"https:\/\/luposan.d250.hu\/luposan\/wp-json\/wp\/v2\/pages\/731"}],"collection":[{"href":"https:\/\/luposan.d250.hu\/luposan\/wp-json\/wp\/v2\/pages"}],"about":[{"href":"https:\/\/luposan.d250.hu\/luposan\/wp-json\/wp\/v2\/types\/page"}],"author":[{"embeddable":true,"href":"https:\/\/luposan.d250.hu\/luposan\/wp-json\/wp\/v2\/users\/1"}],"replies":[{"embeddable":true,"href":"https:\/\/luposan.d250.hu\/luposan\/wp-json\/wp\/v2\/comments?post=731"}],"version-history":[{"count":7,"href":"https:\/\/luposan.d250.hu\/luposan\/wp-json\/wp\/v2\/pages\/731\/revisions"}],"predecessor-version":[{"id":789,"href":"https:\/\/luposan.d250.hu\/luposan\/wp-json\/wp\/v2\/pages\/731\/revisions\/789"}],"up":[{"embeddable":true,"href":"https:\/\/luposan.d250.hu\/luposan\/wp-json\/wp\/v2\/pages\/372"}],"wp:featuredmedia":[{"embeddable":true,"href":"https:\/\/luposan.d250.hu\/luposan\/wp-json\/wp\/v2\/media\/706"}],"wp:attachment":[{"href":"https:\/\/luposan.d250.hu\/luposan\/wp-json\/wp\/v2\/media?parent=731"}],"curies":[{"name":"wp","href":"https:\/\/api.w.org\/{rel}","templated":true}]}}