{"id":653,"date":"2012-03-06T19:21:04","date_gmt":"2012-03-06T19:21:04","guid":{"rendered":"http:\/\/luposan.d250.hu\/luposan\/?page_id=653"},"modified":"2012-03-12T02:32:12","modified_gmt":"2012-03-12T02:32:12","slug":"josera-emotion-line-festival","status":"publish","type":"page","link":"https:\/\/luposan.d250.hu\/luposan\/josera\/josera-emotion-line-festival\/","title":{"rendered":"Emotion Line Festival"},"content":{"rendered":"<p style=\"text-align: justify;\"><img loading=\"lazy\" class=\"alignright size-full wp-image-712\" title=\"josera emotion line 03 festival\" src=\"http:\/\/luposan.d250.hu\/wp-content\/uploads\/2012\/03\/josera-emotion-line-03-festival.jpg\" alt=\"\" width=\"79\" height=\"170\" \/>A Festivalt a benne tal\u00e1lhat\u00f3 \u00e9rt\u00e9kes lazacfeh\u00e9rje, a k\u00f6nnyen em\u00e9szthet\u00f4 rizs \u00e9s a k\u00fcl\u00f6nleges f\u00fbszerez\u00e9s\u00fb, \u00edzletes bevonat emeli a luxus min\u00f4s\u00e9g\u00fb kutyat\u00e1pok k\u00f6z\u00e9. Kis \u00e9s nagy test\u00fb kuty\u00e1knak egyar\u00e1nt aj\u00e1nlhat\u00f3, norm\u00e1l aktivit\u00e1s, vagy\u00a0nagy ig\u00e9nybev\u00e9tel eset\u00e9n is. A finoman f\u00fbszerezett, \u00edzletes sz\u00f3sszal bevont krokettet m\u00e9g a v\u00e1logat\u00f3s kuty\u00e1k is sz\u00edvesen megeszik. A z\u00f6ldkagyl\u00f3b\u00f3l sz\u00e1rmaz\u00f3\u00a0term\u00e9szetes kondroitin-szulf\u00e1t \u00e9s az ide\u00e1lis Ca:P ar\u00e1ny biztos\u00edtj\u00e1k az er\u00f4s, ellen\u00e1ll\u00f3 csontozatot \u00e9s \u00edz\u00fcleteket. Az omega-3 \u00e9s omega-6 zs\u00edrsavak f\u00e9nyess\u00e9 \u00e9s eg\u00e9szs\u00e9gess\u00e9 var\u00e1zsolj\u00e1k kuty\u00e1ja sz\u00f4r\u00e9t. A Festival v\u00edzbe \u00e1ztatva\u00a0is etethet\u00f4, rendk\u00edv\u00fcl \u00edzletes, megk\u00f6nny\u00edti a kutya \u00e1tszoktat\u00e1s\u00e1t a nedves \u00e9telr\u00f4l a sz\u00e1raz t\u00e1pra.<\/p>\n<p><strong>\u00d6sszet\u00e9tel:<\/strong> baromfih\u00fasliszt, rizs (min. 15%), teljes ki\u00f4rl\u00e9s\u00fb kukorica, kukoricaliszt, baromfizs\u00edr, lazacliszt (min. 6%), r\u00e9pap\u00e9p, \u00e9leszt\u00f4, \u00e1sv\u00e1nyi anyagok, cik\u00f3ria, \u00f4r\u00f6lt kagyl\u00f3<\/p>\n<p>&nbsp;<\/p>\n<p><strong>Etet\u00e9si \u00fatmutat\u00f3<\/strong><\/p>\n<table border=\"1\" cellspacing=\"0\" cellpadding=\"0\">\n<tbody>\n<tr>\n<td width=\"175\"><strong>Kifejlett kori testt\u00f6meg<\/strong><\/td>\n<td width=\"180\"><strong>Aj\u00e1nlott mennyis\u00e9g\/nap<\/strong><\/td>\n<\/tr>\n<tr>\n<td valign=\"top\" width=\"175\"><strong>5kg<\/strong><\/td>\n<td valign=\"top\" width=\"180\"><strong>75-100g<\/strong><\/td>\n<\/tr>\n<tr>\n<td valign=\"top\" width=\"175\"><strong>10kg<\/strong><\/td>\n<td valign=\"top\" width=\"180\"><strong>120-160g<\/strong><\/td>\n<\/tr>\n<tr>\n<td valign=\"top\" width=\"175\"><strong>20kg<\/strong><\/td>\n<td valign=\"top\" width=\"180\"><strong>200-260g<\/strong><\/td>\n<\/tr>\n<tr>\n<td valign=\"top\" width=\"175\"><strong>35kg<\/strong><\/td>\n<td valign=\"top\" width=\"180\"><strong>280-380g<\/strong><\/td>\n<\/tr>\n<tr>\n<td valign=\"top\" width=\"175\"><strong>60kg<\/strong><\/td>\n<td valign=\"top\" width=\"180\"><strong>410-550g<\/strong><\/td>\n<\/tr>\n<tr>\n<td valign=\"top\" width=\"175\"><strong>80kg<\/strong><\/td>\n<td valign=\"top\" width=\"180\"><strong>500-600g<\/strong><\/td>\n<\/tr>\n<\/tbody>\n<\/table>\n<p>&nbsp;<\/p>\n<p align=\"left\"><strong>\u00d6sszetev\u0151k<\/strong><\/p>\n<table width=\"546\" border=\"1\" cellspacing=\"0\" cellpadding=\"0\">\n<tbody>\n<tr>\n<td width=\"270\"><strong>Szerep\u00fck<\/strong><\/td>\n<td width=\"156\"><strong>Alkot\u00f3r\u00e9szek<\/strong><\/td>\n<td width=\"50\"><strong>%<\/strong><\/td>\n<td width=\"60\"><strong>Festival<\/strong><\/td>\n<\/tr>\n<tr>\n<td valign=\"top\" width=\"270\"><strong>N\u00f6veked\u00e9s, mozg\u00e1s, regener\u00e1ci\u00f3<\/strong><\/td>\n<td valign=\"top\" width=\"156\"><strong>Nyers feh\u00e9rje<\/strong><\/td>\n<td valign=\"top\" width=\"50\"><strong>%<\/strong><\/td>\n<td valign=\"top\" width=\"60\"><strong>26,0<\/strong><\/td>\n<\/tr>\n<tr>\n<td valign=\"top\" width=\"270\"><strong>Sz\u00e9p, er\u0151s sz\u0151rzet, eg\u00e9szs\u00e9ges b\u0151r<\/strong><\/td>\n<td valign=\"top\" width=\"156\"><strong>Zs\u00edr ( \u00e9ter kivonat)<\/strong><\/td>\n<td valign=\"top\" width=\"50\"><strong>%<\/strong><\/td>\n<td valign=\"top\" width=\"60\"><strong>16,0<\/strong><\/td>\n<\/tr>\n<tr>\n<td valign=\"top\" width=\"270\"><strong>Em\u00e9szt\u00e9s<\/strong><\/td>\n<td valign=\"top\" width=\"156\"><strong>Nyers rost<\/strong><\/td>\n<td valign=\"top\" width=\"50\"><strong>%<\/strong><\/td>\n<td valign=\"top\" width=\"60\"><strong>3,0<\/strong><\/td>\n<\/tr>\n<tr>\n<td valign=\"top\" width=\"270\"><strong>\u00c1sv\u00e1nyi anyag ell\u00e1t\u00e1s<\/strong><\/td>\n<td valign=\"top\" width=\"156\"><strong>Nyers hamu<\/strong><\/td>\n<td valign=\"top\" width=\"50\"><strong>%<\/strong><\/td>\n<td valign=\"top\" width=\"60\"><strong>6,5<\/strong><\/td>\n<\/tr>\n<tr>\n<td valign=\"top\" width=\"270\"><strong>Csontok, fogazat, v\u00e9ralvad\u00e1s, idegrendszer<\/strong><\/td>\n<td valign=\"top\" width=\"156\"><strong>K\u00e1lcium<\/strong><\/td>\n<td valign=\"top\" width=\"50\"><strong>%<\/strong><\/td>\n<td valign=\"top\" width=\"60\"><strong>1,2<\/strong><\/td>\n<\/tr>\n<tr>\n<td valign=\"top\" width=\"270\"><strong>Csontok, fogazat, mozg\u00e1s<\/strong><\/td>\n<td valign=\"top\" width=\"156\"><strong>Foszfor<\/strong><\/td>\n<td valign=\"top\" width=\"50\"><strong>%<\/strong><\/td>\n<td valign=\"top\" width=\"60\"><strong>0,90<\/strong><\/td>\n<\/tr>\n<tr>\n<td valign=\"top\" width=\"270\"><strong>V\u00edz \u00e9s elektrolit h\u00e1ztart\u00e1s egyens\u00falya<\/strong><\/td>\n<td valign=\"top\" width=\"156\"><strong>N\u00e1trium<\/strong><\/td>\n<td valign=\"top\" width=\"50\"><strong>%<\/strong><\/td>\n<td valign=\"top\" width=\"60\"><strong>0,40<\/strong><\/td>\n<\/tr>\n<tr>\n<td valign=\"top\" width=\"270\"><strong>Izomzat \u00e9s idegrendszer<\/strong><\/td>\n<td valign=\"top\" width=\"156\"><strong>Magn\u00e9zium<\/strong><\/td>\n<td valign=\"top\" width=\"50\"><strong>%<\/strong><\/td>\n<td valign=\"top\" width=\"60\"><strong>0,10<\/strong><\/td>\n<\/tr>\n<tr>\n<td valign=\"top\" width=\"270\"><strong>\u00a0<\/strong><\/td>\n<td valign=\"top\" width=\"156\"><strong>Metaboliz\u00e1lhat\u00f3 energia<\/strong><\/td>\n<td valign=\"top\" width=\"50\"><strong>MJ\/kg<\/strong><\/td>\n<td valign=\"top\" width=\"60\"><strong>16,1<\/strong><\/td>\n<\/tr>\n<tr>\n<td valign=\"top\" width=\"270\"><strong>\u00a0<\/strong><\/td>\n<td width=\"156\"><strong>Vitamin tartalom\/ kg<\/strong><\/td>\n<td colspan=\"2\" valign=\"top\"><strong>\u00a0<\/strong><\/td>\n<\/tr>\n<tr>\n<td valign=\"top\" width=\"270\"><strong>L\u00e1t\u00e1s, fertilit\u00e1s, ellen\u00e1ll\u00f3k\u00e9pess\u00e9g<\/strong><\/td>\n<td valign=\"top\" width=\"156\"><strong>A<\/strong><\/td>\n<td valign=\"top\" width=\"50\"><strong>I.E<\/strong><\/td>\n<td valign=\"top\" width=\"60\"><strong>17000<\/strong><\/td>\n<\/tr>\n<tr>\n<td valign=\"top\" width=\"270\"><strong>\u00c1sv\u00e1nyi anyag egyens\u00faly<\/strong><\/td>\n<td valign=\"top\" width=\"156\"><strong>D<\/strong><\/td>\n<td valign=\"top\" width=\"50\"><strong>I.E<\/strong><\/td>\n<td valign=\"top\" width=\"60\"><strong>1700<\/strong><\/td>\n<\/tr>\n<tr>\n<td valign=\"top\" width=\"270\"><strong>Mozg\u00e1s, reprodukci\u00f3<\/strong><\/td>\n<td valign=\"top\" width=\"156\"><strong>E<\/strong><\/td>\n<td valign=\"top\" width=\"50\"><strong>mg<\/strong><\/td>\n<td valign=\"top\" width=\"60\"><strong>200<\/strong><\/td>\n<\/tr>\n<tr>\n<td valign=\"top\" width=\"270\"><strong>Idegrendszer, metabolikus energia<\/strong><\/td>\n<td valign=\"top\" width=\"156\"><strong>B1<\/strong><\/td>\n<td valign=\"top\" width=\"50\"><strong>mg<\/strong><\/td>\n<td valign=\"top\" width=\"60\"><strong>15<\/strong><\/td>\n<\/tr>\n<tr>\n<td valign=\"top\" width=\"270\"><strong>N\u00f6veked\u00e9s, em\u00e9szt\u00e9s<\/strong><\/td>\n<td valign=\"top\" width=\"156\"><strong>B2<\/strong><\/td>\n<td valign=\"top\" width=\"50\"><strong>mg<\/strong><\/td>\n<td valign=\"top\" width=\"60\"><strong>20<\/strong><\/td>\n<\/tr>\n<tr>\n<td valign=\"top\" width=\"270\"><strong>N\u00f6veked\u00e9s, izomfejl\u0151d\u00e9s, idegrendszer<\/strong><\/td>\n<td valign=\"top\" width=\"156\"><strong>B6<\/strong><\/td>\n<td valign=\"top\" width=\"50\"><strong>mg<\/strong><\/td>\n<td valign=\"top\" width=\"60\"><strong>20<\/strong><\/td>\n<\/tr>\n<tr>\n<td valign=\"top\" width=\"270\"><strong>V\u00e9rk\u00e9pz\u00e9s, n\u00f6veked\u00e9s, anyagcsere<\/strong><\/td>\n<td valign=\"top\" width=\"156\"><strong>B12<\/strong><\/td>\n<td valign=\"top\" width=\"50\"><strong>mcg<\/strong><\/td>\n<td valign=\"top\" width=\"60\"><strong>100<\/strong><\/td>\n<\/tr>\n<tr>\n<td valign=\"top\" width=\"270\"><strong>Immunrendszer,v\u00e9rk\u00e9pz\u00e9s<\/strong><\/td>\n<td valign=\"top\" width=\"156\"><strong>Folsav<\/strong><\/td>\n<td valign=\"top\" width=\"50\"><strong>mg<\/strong><\/td>\n<td valign=\"top\" width=\"60\"><strong>5<\/strong><\/td>\n<\/tr>\n<tr>\n<td valign=\"top\" width=\"270\"><strong>Ellen\u00e1ll\u00f3k\u00e9pess\u00e9g, anyagcsere<\/strong><\/td>\n<td valign=\"top\" width=\"156\"><strong>Ca-d- Pantoten\u00e1t<\/strong><\/td>\n<td valign=\"top\" width=\"50\"><strong>mg<\/strong><\/td>\n<td valign=\"top\" width=\"60\"><strong>50<\/strong><\/td>\n<\/tr>\n<tr>\n<td valign=\"top\" width=\"270\"><strong>B\u0151r, em\u00e9szt\u00e9s, metabolikus energia<\/strong><\/td>\n<td valign=\"top\" width=\"156\"><strong>Niacin<\/strong><\/td>\n<td valign=\"top\" width=\"50\"><strong>mg<\/strong><\/td>\n<td valign=\"top\" width=\"60\"><strong>85<\/strong><\/td>\n<\/tr>\n<tr>\n<td valign=\"top\" width=\"270\"><strong>Eg\u00e9szs\u00e9ges, f\u00e9nyl\u0151 sz\u0151rzet<\/strong><\/td>\n<td valign=\"top\" width=\"156\"><strong>Biotin<\/strong><\/td>\n<td valign=\"top\" width=\"50\"><strong>mcg<\/strong><\/td>\n<td valign=\"top\" width=\"60\"><strong>950<\/strong><\/td>\n<\/tr>\n<tr>\n<td valign=\"top\" width=\"270\"><strong>\u00a0<\/strong><\/td>\n<td width=\"156\"><strong>Nyomelem\/ kg<\/strong><\/td>\n<td colspan=\"2\" valign=\"top\"><strong>\u00a0<\/strong><\/td>\n<\/tr>\n<tr>\n<td valign=\"top\" width=\"270\"><strong>V\u00e9rk\u00e9pz\u00e9s, l\u00e9gz\u00e9s<\/strong><\/td>\n<td valign=\"top\" width=\"156\"><strong>Vas<\/strong><\/td>\n<td valign=\"top\" width=\"50\"><strong>mg<\/strong><\/td>\n<td valign=\"top\" width=\"60\"><strong>200<\/strong><\/td>\n<\/tr>\n<tr>\n<td valign=\"top\" width=\"270\"><strong>Eg\u00e9szs\u00e9ges b\u0151r, l\u00e1t\u00e1s, anyagcsere<\/strong><\/td>\n<td valign=\"top\" width=\"156\"><strong>Cink<\/strong><\/td>\n<td valign=\"top\" width=\"50\"><strong>mg<\/strong><\/td>\n<td valign=\"top\" width=\"60\"><strong>160<\/strong><\/td>\n<\/tr>\n<tr>\n<td valign=\"top\" width=\"270\"><strong>F\u00e9nyes sz\u0151r, er\u0151s csontok, anyagcsere<\/strong><\/td>\n<td valign=\"top\" width=\"156\"><strong>Mang\u00e1n<\/strong><\/td>\n<td valign=\"top\" width=\"50\"><strong>mg<\/strong><\/td>\n<td valign=\"top\" width=\"60\"><strong>16<\/strong><\/td>\n<\/tr>\n<tr>\n<td valign=\"top\" width=\"270\"><strong>V\u00e9rk\u00e9pz\u00e9s, eg\u00e9szs\u00e9ges b\u0151r<\/strong><\/td>\n<td valign=\"top\" width=\"156\"><strong>R\u00e9z<\/strong><\/td>\n<td valign=\"top\" width=\"50\"><strong>mg<\/strong><\/td>\n<td valign=\"top\" width=\"60\"><strong>20<\/strong><\/td>\n<\/tr>\n<tr>\n<td valign=\"top\" width=\"270\"><strong>Thyroid<\/strong><\/td>\n<td valign=\"top\" width=\"156\"><strong>J\u00f3d<\/strong><\/td>\n<td valign=\"top\" width=\"50\"><strong>mg<\/strong><\/td>\n<td valign=\"top\" width=\"60\"><strong>2<\/strong><\/td>\n<\/tr>\n<tr>\n<td valign=\"top\" width=\"270\"><strong>V\u00e9rk\u00e9pz\u00e9s<\/strong><\/td>\n<td valign=\"top\" width=\"156\"><strong>Kobalt<\/strong><\/td>\n<td valign=\"top\" width=\"50\"><strong>mg<\/strong><\/td>\n<td valign=\"top\" width=\"60\"><strong>0,7<\/strong><\/td>\n<\/tr>\n<tr>\n<td valign=\"top\" width=\"270\"><strong>Izomzat<\/strong><\/td>\n<td valign=\"top\" width=\"156\"><strong>Szel\u00e9n<\/strong><\/td>\n<td valign=\"top\" width=\"50\"><strong>mg<\/strong><\/td>\n<td valign=\"top\" width=\"60\"><strong>0,25<\/strong><\/td>\n<\/tr>\n<\/tbody>\n<\/table>\n","protected":false},"excerpt":{"rendered":"<p>A Festivalt a benne tal\u00e1lhat\u00f3 \u00e9rt\u00e9kes lazacfeh\u00e9rje, a k\u00f6nnyen em\u00e9szthet\u00f4 rizs \u00e9s a k\u00fcl\u00f6nleges f\u00fbszerez\u00e9s\u00fb, \u00edzletes bevonat emeli a luxus min\u00f4s\u00e9g\u00fb kutyat\u00e1pok k\u00f6z\u00e9. Kis \u00e9s nagy test\u00fb kuty\u00e1knak egyar\u00e1nt aj\u00e1nlhat\u00f3, norm\u00e1l aktivit\u00e1s, vagy\u00a0nagy ig\u00e9nybev\u00e9tel eset\u00e9n is. A finoman f\u00fbszerezett, \u00edzletes sz\u00f3sszal bevont krokettet m\u00e9g a v\u00e1logat\u00f3s kuty\u00e1k is sz\u00edvesen megeszik. A z\u00f6ldkagyl\u00f3b\u00f3l sz\u00e1rmaz\u00f3\u00a0term\u00e9szetes kondroitin-szulf\u00e1t \u00e9s &hellip; <\/p>\n<p><a class=\"more-link block-button\" href=\"https:\/\/luposan.d250.hu\/luposan\/josera\/josera-emotion-line-festival\/\">Olvass tov\u00e1bb &raquo;<\/a><\/p>\n","protected":false},"author":1,"featured_media":712,"parent":372,"menu_order":8,"comment_status":"closed","ping_status":"closed","template":"","meta":[],"_links":{"self":[{"href":"https:\/\/luposan.d250.hu\/luposan\/wp-json\/wp\/v2\/pages\/653"}],"collection":[{"href":"https:\/\/luposan.d250.hu\/luposan\/wp-json\/wp\/v2\/pages"}],"about":[{"href":"https:\/\/luposan.d250.hu\/luposan\/wp-json\/wp\/v2\/types\/page"}],"author":[{"embeddable":true,"href":"https:\/\/luposan.d250.hu\/luposan\/wp-json\/wp\/v2\/users\/1"}],"replies":[{"embeddable":true,"href":"https:\/\/luposan.d250.hu\/luposan\/wp-json\/wp\/v2\/comments?post=653"}],"version-history":[{"count":11,"href":"https:\/\/luposan.d250.hu\/luposan\/wp-json\/wp\/v2\/pages\/653\/revisions"}],"predecessor-version":[{"id":810,"href":"https:\/\/luposan.d250.hu\/luposan\/wp-json\/wp\/v2\/pages\/653\/revisions\/810"}],"up":[{"embeddable":true,"href":"https:\/\/luposan.d250.hu\/luposan\/wp-json\/wp\/v2\/pages\/372"}],"wp:featuredmedia":[{"embeddable":true,"href":"https:\/\/luposan.d250.hu\/luposan\/wp-json\/wp\/v2\/media\/712"}],"wp:attachment":[{"href":"https:\/\/luposan.d250.hu\/luposan\/wp-json\/wp\/v2\/media?parent=653"}],"curies":[{"name":"wp","href":"https:\/\/api.w.org\/{rel}","templated":true}]}}