{"id":645,"date":"2012-03-06T19:17:57","date_gmt":"2012-03-06T19:17:57","guid":{"rendered":"http:\/\/luposan.d250.hu\/luposan\/?page_id=645"},"modified":"2012-03-12T02:04:15","modified_gmt":"2012-03-12T02:04:15","slug":"josera-emotion-line-family","status":"publish","type":"page","link":"https:\/\/luposan.d250.hu\/luposan\/josera\/josera-emotion-line-family\/","title":{"rendered":"Emotion Line Family"},"content":{"rendered":"<p><img loading=\"lazy\" class=\"alignright size-full wp-image-710\" title=\"josera emotion line 01 family\" src=\"http:\/\/luposan.d250.hu\/wp-content\/uploads\/2012\/03\/josera-emotion-line-01-family.gif\" alt=\"\" width=\"75\" height=\"164\" \/> A FAMILY magas energiatartalm\u00fa k\u00e9sz t\u00e1p, \u00e9rt\u00e9kes feh\u00e9rj\u00e9kkel, E vitaminnal az immunrendszer t\u00e1mogat\u00e1s\u00e1\u00e9rt, valamint biotinnal az eg\u00e9szs\u00e9gezs \u00e9s f\u00e9nyl\u0151 sz\u0151r\u00e9rt. Szuka kuty\u00e1knak a vemhess\u00e9g utols\u00f3 harmad\u00e1ban \u00e9s a szoptat\u00e1s idej\u00e9re aj\u00e1nlott. M\u00e1r n\u00e9gy hetes kort\u00f3l adhat\u00f3 k\u00f6ly\u00f6kkuty\u00e1knak, v\u00edzbe \u00e1ztatva kiv\u00e1l\u00f3 kieg\u00e9sz\u00edt\u0151 t\u00e1pl\u00e1l\u00e9k az anyatej mell\u00e9. A k\u00e9sz t\u00e1p inulint is tartalmaz. Ez a term\u00e9szetes probiotikum t\u00e1mogatja a kiskuty\u00e1k em\u00e9szt\u0151rendszer\u00e9t a kritikus v\u00e1laszt\u00e1si id\u0151szakban.<\/p>\n<p>&nbsp;<\/p>\n<p><strong>\u00d6sszet\u00e9tel:<\/strong>\u00a0baromfih\u00fasliszt, rizs, kukorica, kukoricaliszt, baromfizs\u00edr, \u00e1sv\u00e1nyi anyagok, \u00e9leszt\u0151, cik\u00f3ria<\/p>\n<p>&nbsp;<\/p>\n<p><strong>Etet\u00e9si \u00fatmutat\u00f3<\/strong><\/p>\n<table border=\"1\" cellspacing=\"0\" cellpadding=\"0\">\n<tbody>\n<tr>\n<td colspan=\"2\" valign=\"top\" width=\"147\"><strong>Testt\u00f6meg<\/strong><\/td>\n<td colspan=\"2\" valign=\"top\" width=\"147\"><strong>Vemhess\u00e9g hete<\/strong><\/td>\n<td colspan=\"2\" valign=\"top\" width=\"147\"><strong>K\u00f6ly\u00f6kkutya \u00e9letkora ( h\u00f3nap)<\/strong><\/td>\n<\/tr>\n<tr>\n<td colspan=\"2\" valign=\"top\" width=\"147\">6-9<\/td>\n<td colspan=\"2\" valign=\"top\" width=\"147\">1<\/td>\n<td colspan=\"2\" valign=\"top\" width=\"147\">2<\/td>\n<\/tr>\n<tr>\n<td valign=\"top\" width=\"110\">5kg<\/td>\n<td colspan=\"2\" valign=\"top\" width=\"110\">125-140g<\/td>\n<td colspan=\"2\" valign=\"top\" width=\"110\">30-50g<\/td>\n<td valign=\"top\" width=\"110\">50-90g<\/td>\n<\/tr>\n<tr>\n<td valign=\"top\" width=\"110\">10kg<\/td>\n<td colspan=\"2\" valign=\"top\" width=\"110\">190-230g<\/td>\n<td colspan=\"2\" valign=\"top\" width=\"110\">40-80g<\/td>\n<td valign=\"top\" width=\"110\">90-140g<\/td>\n<\/tr>\n<tr>\n<td valign=\"top\" width=\"110\">20kg<\/td>\n<td colspan=\"2\" valign=\"top\" width=\"110\">315-365g<\/td>\n<td colspan=\"2\" valign=\"top\" width=\"110\">60-120g<\/td>\n<td valign=\"top\" width=\"110\">140-250g<\/td>\n<\/tr>\n<tr>\n<td valign=\"top\" width=\"110\">35kg<\/td>\n<td colspan=\"2\" valign=\"top\" width=\"110\">450-540g<\/td>\n<td colspan=\"2\" valign=\"top\" width=\"110\">80-200g<\/td>\n<td valign=\"top\" width=\"110\">230-400g<\/td>\n<\/tr>\n<tr>\n<td valign=\"top\" width=\"110\">60kg<\/td>\n<td colspan=\"2\" valign=\"top\" width=\"110\">600-760g<\/td>\n<td colspan=\"2\" valign=\"top\" width=\"110\">120-280g<\/td>\n<td valign=\"top\" width=\"110\">300-550g<\/td>\n<\/tr>\n<tr>\n<td valign=\"top\" width=\"110\">80kg<\/td>\n<td colspan=\"2\" valign=\"top\" width=\"110\">850-930g<\/td>\n<td colspan=\"2\" valign=\"top\" width=\"110\">150-330g<\/td>\n<td valign=\"top\" width=\"110\">350-650g<\/td>\n<\/tr>\n<\/tbody>\n<\/table>\n<p>&nbsp;<\/p>\n<p align=\"left\"><strong>\u00d6sszetev\u0151k<\/strong><\/p>\n<table border=\"1\" cellspacing=\"0\" cellpadding=\"0\">\n<tbody>\n<tr>\n<td valign=\"top\" width=\"148\"><strong>Szerep\u00fck<\/strong><\/td>\n<td colspan=\"2\" valign=\"top\" width=\"148\"><strong>Alkot\u00f3r\u00e9szek<\/strong><\/td>\n<td colspan=\"2\" valign=\"top\" width=\"148\"><strong>%<\/strong><\/td>\n<td valign=\"top\" width=\"148\"><strong>Family<\/strong><\/td>\n<\/tr>\n<tr>\n<td valign=\"top\" width=\"148\">N\u00f6veked\u00e9s, mozg\u00e1s, regener\u00e1ci\u00f3<\/td>\n<td colspan=\"2\" valign=\"top\" width=\"148\">Nyers feh\u00e9rje<\/td>\n<td colspan=\"2\" valign=\"top\" width=\"148\">%<\/td>\n<td valign=\"top\" width=\"148\">29,0<\/td>\n<\/tr>\n<tr>\n<td valign=\"top\" width=\"148\">Sz\u00e9p, er\u0151s sz\u0151rzet, eg\u00e9szs\u00e9ges b\u0151r<\/td>\n<td colspan=\"2\" valign=\"top\" width=\"148\">Zs\u00edr ( \u00e9ter kivonat)<\/td>\n<td colspan=\"2\" valign=\"top\" width=\"148\">%<\/td>\n<td valign=\"top\" width=\"148\">17,0<\/td>\n<\/tr>\n<tr>\n<td valign=\"top\" width=\"148\">Em\u00e9szt\u00e9s<\/td>\n<td colspan=\"2\" valign=\"top\" width=\"148\">Nyers rost<\/td>\n<td colspan=\"2\" valign=\"top\" width=\"148\">%<\/td>\n<td valign=\"top\" width=\"148\">2,30<\/td>\n<\/tr>\n<tr>\n<td valign=\"top\" width=\"148\">\u00c1sv\u00e1nyi anyag ell\u00e1t\u00e1s<\/td>\n<td colspan=\"2\" valign=\"top\" width=\"148\">Nyers hamu<\/td>\n<td colspan=\"2\" valign=\"top\" width=\"148\">%<\/td>\n<td valign=\"top\" width=\"148\">7,0<\/td>\n<\/tr>\n<tr>\n<td valign=\"top\" width=\"148\">Csontok, fogazat, v\u00e9ralvad\u00e1s, idegrendszer<\/td>\n<td colspan=\"2\" valign=\"top\" width=\"148\">K\u00e1lcium<\/td>\n<td colspan=\"2\" valign=\"top\" width=\"148\">%<\/td>\n<td valign=\"top\" width=\"148\">1,50<\/td>\n<\/tr>\n<tr>\n<td valign=\"top\" width=\"148\">Csontok, fogazat, mozg\u00e1s<\/td>\n<td colspan=\"2\" valign=\"top\" width=\"148\">Foszfor<\/td>\n<td colspan=\"2\" valign=\"top\" width=\"148\">%<\/td>\n<td valign=\"top\" width=\"148\">1,0<\/td>\n<\/tr>\n<tr>\n<td valign=\"top\" width=\"148\">V\u00edz \u00e9s elektrolit h\u00e1ztart\u00e1s egyens\u00falya<\/td>\n<td colspan=\"2\" valign=\"top\" width=\"148\">N\u00e1trium<\/td>\n<td colspan=\"2\" valign=\"top\" width=\"148\">%<\/td>\n<td valign=\"top\" width=\"148\">0,40<\/td>\n<\/tr>\n<tr>\n<td valign=\"top\" width=\"148\">Izomzat \u00e9s idegrendszer<\/td>\n<td colspan=\"2\" valign=\"top\" width=\"148\">Magn\u00e9zium<\/td>\n<td colspan=\"2\" valign=\"top\" width=\"148\">%<\/td>\n<td valign=\"top\" width=\"148\">0,10<\/td>\n<\/tr>\n<tr>\n<td colspan=\"2\" valign=\"top\" width=\"198\">Metaboliz\u00e1lhat\u00f3 energia<\/td>\n<td colspan=\"2\" valign=\"top\" width=\"198\">MJ\/kg<\/td>\n<td colspan=\"2\" valign=\"top\" width=\"198\">17,0<\/td>\n<\/tr>\n<tr>\n<td colspan=\"6\" valign=\"top\" width=\"593\"><strong>Vitamin tartalom\/ kg<\/strong><\/td>\n<\/tr>\n<tr>\n<td valign=\"top\" width=\"148\">L\u00e1t\u00e1s, fertilit\u00e1s, ellen\u00e1ll\u00f3k\u00e9pess\u00e9g<\/td>\n<td colspan=\"2\" valign=\"top\" width=\"148\">A<\/td>\n<td colspan=\"2\" valign=\"top\" width=\"148\">I.E<\/td>\n<td valign=\"top\" width=\"148\">18000<\/td>\n<\/tr>\n<tr>\n<td valign=\"top\" width=\"148\">\u00c1sv\u00e1nyi anyag egyens\u00faly<\/td>\n<td colspan=\"2\" valign=\"top\" width=\"148\">D<\/td>\n<td colspan=\"2\" valign=\"top\" width=\"148\">I.E<\/td>\n<td valign=\"top\" width=\"148\">1800<\/td>\n<\/tr>\n<tr>\n<td valign=\"top\" width=\"148\">Mozg\u00e1s, reprodukci\u00f3<\/td>\n<td colspan=\"2\" valign=\"top\" width=\"148\">E<\/td>\n<td colspan=\"2\" valign=\"top\" width=\"148\">mg<\/td>\n<td valign=\"top\" width=\"148\">220<\/td>\n<\/tr>\n<tr>\n<td valign=\"top\" width=\"148\">Idegrendszer, metabolikus energia<\/td>\n<td colspan=\"2\" valign=\"top\" width=\"148\">B1<\/td>\n<td colspan=\"2\" valign=\"top\" width=\"148\">mg<\/td>\n<td valign=\"top\" width=\"148\">15<\/td>\n<\/tr>\n<tr>\n<td valign=\"top\" width=\"148\">N\u00f6veked\u00e9s, em\u00e9szt\u00e9s<\/td>\n<td colspan=\"2\" valign=\"top\" width=\"148\">B2<\/td>\n<td colspan=\"2\" valign=\"top\" width=\"148\">mg<\/td>\n<td valign=\"top\" width=\"148\">20<\/td>\n<\/tr>\n<tr>\n<td valign=\"top\" width=\"148\">N\u00f6veked\u00e9s, izomfejl\u0151d\u00e9s, idegrendszer<\/td>\n<td colspan=\"2\" valign=\"top\" width=\"148\">B6<\/td>\n<td colspan=\"2\" valign=\"top\" width=\"148\">mg<\/td>\n<td valign=\"top\" width=\"148\">20<\/td>\n<\/tr>\n<tr>\n<td valign=\"top\" width=\"148\">V\u00e9rk\u00e9pz\u00e9s, n\u00f6veked\u00e9s, anyagcsere<\/td>\n<td colspan=\"2\" valign=\"top\" width=\"148\">B12<\/td>\n<td colspan=\"2\" valign=\"top\" width=\"148\">mcg<\/td>\n<td valign=\"top\" width=\"148\">100<\/td>\n<\/tr>\n<tr>\n<td valign=\"top\" width=\"148\">Immunrendszer,v\u00e9rk\u00e9pz\u00e9s<\/td>\n<td colspan=\"2\" valign=\"top\" width=\"148\">Folsav<\/td>\n<td colspan=\"2\" valign=\"top\" width=\"148\">mg<\/td>\n<td valign=\"top\" width=\"148\">5<\/td>\n<\/tr>\n<tr>\n<td valign=\"top\" width=\"148\">Ellen\u00e1ll\u00f3k\u00e9pess\u00e9g, anyagcsere<\/td>\n<td colspan=\"2\" valign=\"top\" width=\"148\">Ca-d- Pantoten\u00e1t<\/td>\n<td colspan=\"2\" valign=\"top\" width=\"148\">mg<\/td>\n<td valign=\"top\" width=\"148\">50<\/td>\n<\/tr>\n<tr>\n<td valign=\"top\" width=\"148\">B\u0151r, em\u00e9szt\u00e9s, metabolikus energia<\/td>\n<td colspan=\"2\" valign=\"top\" width=\"148\">Niacin<\/td>\n<td colspan=\"2\" valign=\"top\" width=\"148\">mg<\/td>\n<td valign=\"top\" width=\"148\">90<\/td>\n<\/tr>\n<tr>\n<td valign=\"top\" width=\"148\">Eg\u00e9szs\u00e9ges, f\u00e9nyl\u0151 sz\u0151rzet<\/td>\n<td colspan=\"2\" valign=\"top\" width=\"148\">Biotin<\/td>\n<td colspan=\"2\" valign=\"top\" width=\"148\">mcg<\/td>\n<td valign=\"top\" width=\"148\">1000<\/td>\n<\/tr>\n<tr>\n<td colspan=\"6\" valign=\"top\" width=\"593\"><strong>Nyomelem\/ kg<\/strong><\/td>\n<\/tr>\n<tr>\n<td valign=\"top\" width=\"148\">V\u00e9rk\u00e9pz\u00e9s, l\u00e9gz\u00e9s<\/td>\n<td colspan=\"2\" valign=\"top\" width=\"148\">Vas<\/td>\n<td colspan=\"2\" valign=\"top\" width=\"148\">mg<\/td>\n<td valign=\"top\" width=\"148\">250<\/td>\n<\/tr>\n<tr>\n<td valign=\"top\" width=\"148\">Eg\u00e9szs\u00e9ges b\u0151r, l\u00e1t\u00e1s, anyagcsere<\/td>\n<td colspan=\"2\" valign=\"top\" width=\"148\">Cink<\/td>\n<td colspan=\"2\" valign=\"top\" width=\"148\">mg<\/td>\n<td valign=\"top\" width=\"148\">200<\/td>\n<\/tr>\n<tr>\n<td valign=\"top\" width=\"148\">F\u00e9nyes sz\u0151r, er\u0151s csontok, anyagcsere<\/td>\n<td colspan=\"2\" valign=\"top\" width=\"148\">Mang\u00e1n<\/td>\n<td colspan=\"2\" valign=\"top\" width=\"148\">mg<\/td>\n<td valign=\"top\" width=\"148\">20,0<\/td>\n<\/tr>\n<tr>\n<td valign=\"top\" width=\"148\">V\u00e9rk\u00e9pz\u00e9s, eg\u00e9szs\u00e9ges b\u0151r<\/td>\n<td colspan=\"2\" valign=\"top\" width=\"148\">R\u00e9z<\/td>\n<td colspan=\"2\" valign=\"top\" width=\"148\">mg<\/td>\n<td valign=\"top\" width=\"148\">25,0<\/td>\n<\/tr>\n<tr>\n<td valign=\"top\" width=\"148\">Thyroid<\/td>\n<td colspan=\"2\" valign=\"top\" width=\"148\">J\u00f3d<\/td>\n<td colspan=\"2\" valign=\"top\" width=\"148\">mg<\/td>\n<td valign=\"top\" width=\"148\">2,50<\/td>\n<\/tr>\n<tr>\n<td valign=\"top\" width=\"148\">V\u00e9rk\u00e9pz\u00e9s<\/td>\n<td colspan=\"2\" valign=\"top\" width=\"148\">Kobalt<\/td>\n<td colspan=\"2\" valign=\"top\" width=\"148\">mg<\/td>\n<td valign=\"top\" width=\"148\">0,90<\/td>\n<\/tr>\n<tr>\n<td valign=\"top\" width=\"148\">Izomzat<\/td>\n<td colspan=\"2\" valign=\"top\" width=\"148\">Szel\u00e9n<\/td>\n<td colspan=\"2\" valign=\"top\" width=\"148\">mg<\/td>\n<td valign=\"top\" width=\"148\">0,30<\/td>\n<\/tr>\n<\/tbody>\n<\/table>\n","protected":false},"excerpt":{"rendered":"<p>A FAMILY magas energiatartalm\u00fa k\u00e9sz t\u00e1p, \u00e9rt\u00e9kes feh\u00e9rj\u00e9kkel, E vitaminnal az immunrendszer t\u00e1mogat\u00e1s\u00e1\u00e9rt, valamint biotinnal az eg\u00e9szs\u00e9gezs \u00e9s f\u00e9nyl\u0151 sz\u0151r\u00e9rt. Szuka kuty\u00e1knak a vemhess\u00e9g utols\u00f3 harmad\u00e1ban \u00e9s a szoptat\u00e1s idej\u00e9re aj\u00e1nlott. M\u00e1r n\u00e9gy hetes kort\u00f3l adhat\u00f3 k\u00f6ly\u00f6kkuty\u00e1knak, v\u00edzbe \u00e1ztatva kiv\u00e1l\u00f3 kieg\u00e9sz\u00edt\u0151 t\u00e1pl\u00e1l\u00e9k az anyatej mell\u00e9. A k\u00e9sz t\u00e1p inulint is tartalmaz. Ez a term\u00e9szetes probiotikum &hellip; <\/p>\n<p><a class=\"more-link block-button\" href=\"https:\/\/luposan.d250.hu\/luposan\/josera\/josera-emotion-line-family\/\">Olvass tov\u00e1bb &raquo;<\/a><\/p>\n","protected":false},"author":1,"featured_media":710,"parent":372,"menu_order":6,"comment_status":"closed","ping_status":"closed","template":"","meta":[],"_links":{"self":[{"href":"https:\/\/luposan.d250.hu\/luposan\/wp-json\/wp\/v2\/pages\/645"}],"collection":[{"href":"https:\/\/luposan.d250.hu\/luposan\/wp-json\/wp\/v2\/pages"}],"about":[{"href":"https:\/\/luposan.d250.hu\/luposan\/wp-json\/wp\/v2\/types\/page"}],"author":[{"embeddable":true,"href":"https:\/\/luposan.d250.hu\/luposan\/wp-json\/wp\/v2\/users\/1"}],"replies":[{"embeddable":true,"href":"https:\/\/luposan.d250.hu\/luposan\/wp-json\/wp\/v2\/comments?post=645"}],"version-history":[{"count":6,"href":"https:\/\/luposan.d250.hu\/luposan\/wp-json\/wp\/v2\/pages\/645\/revisions"}],"predecessor-version":[{"id":798,"href":"https:\/\/luposan.d250.hu\/luposan\/wp-json\/wp\/v2\/pages\/645\/revisions\/798"}],"up":[{"embeddable":true,"href":"https:\/\/luposan.d250.hu\/luposan\/wp-json\/wp\/v2\/pages\/372"}],"wp:featuredmedia":[{"embeddable":true,"href":"https:\/\/luposan.d250.hu\/luposan\/wp-json\/wp\/v2\/media\/710"}],"wp:attachment":[{"href":"https:\/\/luposan.d250.hu\/luposan\/wp-json\/wp\/v2\/media?parent=645"}],"curies":[{"name":"wp","href":"https:\/\/api.w.org\/{rel}","templated":true}]}}