{"id":638,"date":"2012-03-06T19:13:24","date_gmt":"2012-03-06T19:13:24","guid":{"rendered":"http:\/\/luposan.d250.hu\/luposan\/?page_id=638"},"modified":"2012-03-07T00:48:34","modified_gmt":"2012-03-07T00:48:34","slug":"josera-junior","status":"publish","type":"page","link":"https:\/\/luposan.d250.hu\/luposan\/josera\/josera-junior\/","title":{"rendered":"Basic Line Junior"},"content":{"rendered":"<p style=\"text-align: justify;\"><img loading=\"lazy\" class=\"alignright size-full wp-image-682\" title=\"josera_basic_line_01_junior\" src=\"http:\/\/luposan.d250.hu\/wp-content\/uploads\/2012\/03\/basic_line_01_junior.jpg\" alt=\"\" width=\"85\" height=\"200\" \/>A JUNIOR speci\u00e1lisan k\u00f6ly\u00f6k- \u00e9s n\u00f6vend\u00e9kkuty\u00e1k r\u00e9sz\u00e9re kifejlesztett teljes \u00e9rt\u00e9k\u0171 kutyat\u00e1p. A fiatal \u00e1llatok anyagcser\u00e9je gyors, test\u00fck folyamatos n\u00f6veked\u00e9sben van. Csak a t\u00f6r\u00e9smentesen fejl\u0151d\u0151 kiskuty\u00e1kb\u00f3l v\u00e1lik eg\u00e9szs\u00e9ges feln\u0151tt \u00e1llat. Fontos, hogy az izomzat, a csontozat \u00e9s a bels\u0151 szervek fejl\u0151d\u00e9se \u00f6sszhangban legyen. Az optim\u00e1lis Ca:P ar\u00e1ny, az \u00e9rt\u00e9kes feh\u00e9rj\u00e9k, \u00e9s k\u00f6nnyen em\u00e9szthet\u0151, kiv\u00e1l\u00f3 min\u0151s\u00e9g\u0171 h\u00fasalapanyagok r\u00e9v\u00e9n a JUNIOR minden tekintetben kiel\u00e9g\u00edti a k\u00f6ly\u00f6kkuty\u00e1k k\u00fcl\u00f6nleges t\u00e1pl\u00e1l\u00f3ig\u00e9ny\u00e9t.<\/p>\n<p style=\"text-align: justify;\"><strong>\u00d6sszet\u00e9tel:<\/strong>\u00a0baromfih\u00fasliszt, kukorica, rizs, kukoricaliszt, baromfizs\u00edr, r\u00e9pap\u00e9p, \u00e1sv\u00e1nyi anyagok<\/p>\n<p>\u00a0 <strong>Etet\u00e9si \u00fatmutat\u00f3<\/strong><\/p>\n<table border=\"1\" cellspacing=\"0\" cellpadding=\"0\">\n<tbody>\n<tr>\n<td colspan=\"2\" valign=\"top\"><strong>\u00c9letkor h\u00f3nap<\/strong><\/td>\n<td valign=\"top\" width=\"89\"><strong>2-3<\/strong><\/td>\n<td colspan=\"2\" valign=\"top\"><strong>4<\/strong><\/td>\n<td valign=\"top\" width=\"103\"><strong>5-6<\/strong><\/td>\n<td valign=\"top\" width=\"108\"><strong>7-12<\/strong><\/td>\n<td valign=\"top\" width=\"88\"><strong>13-20<\/strong><\/td>\n<\/tr>\n<tr>\n<td valign=\"top\" width=\"75\">5kg<\/td>\n<td colspan=\"3\" valign=\"top\">80-100g<\/td>\n<td valign=\"top\" width=\"101\">100-120g<\/td>\n<td colspan=\"3\" valign=\"top\">120-130g<\/td>\n<\/tr>\n<tr>\n<td valign=\"top\" width=\"75\">10kg<\/td>\n<td colspan=\"3\" valign=\"top\">150-160g<\/td>\n<td valign=\"top\" width=\"101\">170-200g<\/td>\n<td colspan=\"3\" valign=\"top\">200-220g<\/td>\n<\/tr>\n<tr>\n<td valign=\"top\" width=\"75\">20kg<\/td>\n<td colspan=\"3\" valign=\"top\">250-270g<\/td>\n<td valign=\"top\" width=\"101\">280-340g<\/td>\n<td valign=\"top\" width=\"103\">340-360g<\/td>\n<td colspan=\"2\" valign=\"top\">360-400g<\/td>\n<\/tr>\n<tr>\n<td valign=\"top\" width=\"75\">35kg<\/td>\n<td colspan=\"3\" valign=\"top\">400-450g<\/td>\n<td valign=\"top\" width=\"101\">450-500g<\/td>\n<td valign=\"top\" width=\"103\">500-525g<\/td>\n<td colspan=\"2\" valign=\"top\">525-570g<\/td>\n<\/tr>\n<tr>\n<td colspan=\"2\" valign=\"top\">60kg<\/td>\n<td colspan=\"2\" valign=\"top\">550-600g<\/td>\n<td valign=\"top\" width=\"101\">600-720g<\/td>\n<td valign=\"top\" width=\"103\">720-850g<\/td>\n<td valign=\"top\" width=\"108\">850-1000g<\/td>\n<td valign=\"top\" width=\"88\">1000-1200g<\/td>\n<\/tr>\n<tr>\n<td colspan=\"2\" valign=\"top\">80kg<\/td>\n<td colspan=\"2\" valign=\"top\">680-800g<\/td>\n<td valign=\"top\" width=\"101\">800-940g<\/td>\n<td valign=\"top\" width=\"103\">940-1000g<\/td>\n<td valign=\"top\" width=\"108\">1000-1200g<\/td>\n<td valign=\"top\" width=\"88\">1200-1300g<\/td>\n<\/tr>\n<\/tbody>\n<\/table>\n<p>&nbsp;<\/p>\n<p align=\"left\"><strong>\u00d6sszetev\u0151k<\/strong><\/p>\n<table border=\"1\" cellspacing=\"0\" cellpadding=\"0\">\n<tbody>\n<tr>\n<td valign=\"top\" width=\"149\"><strong>Szerep\u00fck<\/strong><\/td>\n<td colspan=\"2\" valign=\"top\" width=\"149\"><strong>Alkot\u00f3r\u00e9szek<\/strong><\/td>\n<td colspan=\"2\" valign=\"top\" width=\"149\"><strong>%<\/strong><\/td>\n<td valign=\"top\" width=\"149\"><strong>Junior<\/strong><\/td>\n<\/tr>\n<tr>\n<td valign=\"top\" width=\"149\">N\u00f6veked\u00e9s, mozg\u00e1s, regener\u00e1ci\u00f3<\/td>\n<td colspan=\"2\" valign=\"top\" width=\"149\">Nyers feh\u00e9rje<\/td>\n<td colspan=\"2\" valign=\"top\" width=\"149\">%<\/td>\n<td valign=\"top\" width=\"149\">26,0<\/td>\n<\/tr>\n<tr>\n<td valign=\"top\" width=\"149\">Sz\u00e9p, er\u0151s sz\u0151rzet, eg\u00e9szs\u00e9ges b\u0151r<\/td>\n<td colspan=\"2\" valign=\"top\" width=\"149\">Zs\u00edr ( \u00e9ter kivonat)<\/td>\n<td colspan=\"2\" valign=\"top\" width=\"149\">%<\/td>\n<td valign=\"top\" width=\"149\">13,50<\/td>\n<\/tr>\n<tr>\n<td valign=\"top\" width=\"149\">Em\u00e9szt\u00e9s<\/td>\n<td colspan=\"2\" valign=\"top\" width=\"149\">Nyers rost<\/td>\n<td colspan=\"2\" valign=\"top\" width=\"149\">%<\/td>\n<td valign=\"top\" width=\"149\">2,50<\/td>\n<\/tr>\n<tr>\n<td valign=\"top\" width=\"149\">\u00c1sv\u00e1nyi anyag ell\u00e1t\u00e1s<\/td>\n<td colspan=\"2\" valign=\"top\" width=\"149\">Nyers hamu<\/td>\n<td colspan=\"2\" valign=\"top\" width=\"149\">%<\/td>\n<td valign=\"top\" width=\"149\">7,0<\/td>\n<\/tr>\n<tr>\n<td valign=\"top\" width=\"149\">Csontok, fogazat, v\u00e9ralvad\u00e1s, idegrendszer<\/td>\n<td colspan=\"2\" valign=\"top\" width=\"149\">K\u00e1lcium<\/td>\n<td colspan=\"2\" valign=\"top\" width=\"149\">%<\/td>\n<td valign=\"top\" width=\"149\">1,40<\/td>\n<\/tr>\n<tr>\n<td valign=\"top\" width=\"149\">Csontok, fogazat, mozg\u00e1s<\/td>\n<td colspan=\"2\" valign=\"top\" width=\"149\">Foszfor<\/td>\n<td colspan=\"2\" valign=\"top\" width=\"149\">%<\/td>\n<td valign=\"top\" width=\"149\">1,0<\/td>\n<\/tr>\n<tr>\n<td valign=\"top\" width=\"149\">V\u00edz \u00e9s elektrolit h\u00e1ztart\u00e1s egyens\u00falya<\/td>\n<td colspan=\"2\" valign=\"top\" width=\"149\">N\u00e1trium<\/td>\n<td colspan=\"2\" valign=\"top\" width=\"149\">%<\/td>\n<td valign=\"top\" width=\"149\">0,30<\/td>\n<\/tr>\n<tr>\n<td valign=\"top\" width=\"149\">Izomzat \u00e9s idegrendszer<\/td>\n<td colspan=\"2\" valign=\"top\" width=\"149\">Magn\u00e9zium<\/td>\n<td colspan=\"2\" valign=\"top\" width=\"149\">%<\/td>\n<td valign=\"top\" width=\"149\">0,12<\/td>\n<\/tr>\n<tr>\n<td colspan=\"2\" valign=\"top\" width=\"199\">Metaboliz\u00e1lhat\u00f3 energia<\/td>\n<td colspan=\"2\" valign=\"top\" width=\"199\">MJ\/kg<\/td>\n<td colspan=\"2\" valign=\"top\" width=\"199\">15,70<\/td>\n<\/tr>\n<tr>\n<td colspan=\"6\" valign=\"top\" width=\"598\"><strong>Vitamin tartalom \/ kg<\/strong><\/td>\n<\/tr>\n<tr>\n<td valign=\"top\" width=\"149\">L\u00e1t\u00e1s, fertilit\u00e1s, ellen\u00e1ll\u00f3k\u00e9pess\u00e9g<\/td>\n<td colspan=\"2\" valign=\"top\" width=\"149\">A<\/td>\n<td colspan=\"2\" valign=\"top\" width=\"149\">I.E<\/td>\n<td valign=\"top\" width=\"149\">13000<\/td>\n<\/tr>\n<tr>\n<td valign=\"top\" width=\"149\">\u00c1sv\u00e1nyi anyag egyens\u00faly<\/td>\n<td colspan=\"2\" valign=\"top\" width=\"149\">D<\/td>\n<td colspan=\"2\" valign=\"top\" width=\"149\">I.E<\/td>\n<td valign=\"top\" width=\"149\">1300<\/td>\n<\/tr>\n<tr>\n<td valign=\"top\" width=\"149\">Mozg\u00e1s, reprodukci\u00f3<\/td>\n<td colspan=\"2\" valign=\"top\" width=\"149\">E<\/td>\n<td colspan=\"2\" valign=\"top\" width=\"149\">mg<\/td>\n<td valign=\"top\" width=\"149\">150<\/td>\n<\/tr>\n<tr>\n<td valign=\"top\" width=\"149\">Idegrendszer, metabolikus energia<\/td>\n<td colspan=\"2\" valign=\"top\" width=\"149\">B1<\/td>\n<td colspan=\"2\" valign=\"top\" width=\"149\">mg<\/td>\n<td valign=\"top\" width=\"149\">10,0<\/td>\n<\/tr>\n<tr>\n<td valign=\"top\" width=\"149\">N\u00f6veked\u00e9s, em\u00e9szt\u00e9s<\/td>\n<td colspan=\"2\" valign=\"top\" width=\"149\">B2<\/td>\n<td colspan=\"2\" valign=\"top\" width=\"149\">mg<\/td>\n<td valign=\"top\" width=\"149\">15,0<\/td>\n<\/tr>\n<tr>\n<td valign=\"top\" width=\"149\">N\u00f6veked\u00e9s, izomfejl\u0151d\u00e9s, idegrendszer<\/td>\n<td colspan=\"2\" valign=\"top\" width=\"149\">B6<\/td>\n<td colspan=\"2\" valign=\"top\" width=\"149\">mg<\/td>\n<td valign=\"top\" width=\"149\">15,0<\/td>\n<\/tr>\n<tr>\n<td valign=\"top\" width=\"149\">V\u00e9rk\u00e9pz\u00e9s, n\u00f6veked\u00e9s, anyagcsere<\/td>\n<td colspan=\"2\" valign=\"top\" width=\"149\">B12<\/td>\n<td colspan=\"2\" valign=\"top\" width=\"149\">mcg<\/td>\n<td valign=\"top\" width=\"149\">70,0<\/td>\n<\/tr>\n<tr>\n<td valign=\"top\" width=\"149\">Immunrendszer,v\u00e9rk\u00e9pz\u00e9s<\/td>\n<td colspan=\"2\" valign=\"top\" width=\"149\">Folsav<\/td>\n<td colspan=\"2\" valign=\"top\" width=\"149\">mg<\/td>\n<td valign=\"top\" width=\"149\">3,0<\/td>\n<\/tr>\n<tr>\n<td valign=\"top\" width=\"149\">Ellen\u00e1ll\u00f3k\u00e9pess\u00e9g, anyagcsere<\/td>\n<td colspan=\"2\" valign=\"top\" width=\"149\">Ca-d- Pantoten\u00e1t<\/td>\n<td colspan=\"2\" valign=\"top\" width=\"149\">mg<\/td>\n<td valign=\"top\" width=\"149\">30,0<\/td>\n<\/tr>\n<tr>\n<td valign=\"top\" width=\"149\">B\u0151r, em\u00e9szt\u00e9s, metabolikus energia<\/td>\n<td colspan=\"2\" valign=\"top\" width=\"149\">Niacin<\/td>\n<td colspan=\"2\" valign=\"top\" width=\"149\">mg<\/td>\n<td valign=\"top\" width=\"149\">60,0<\/td>\n<\/tr>\n<tr>\n<td valign=\"top\" width=\"149\">Eg\u00e9szs\u00e9ges, f\u00e9nyl\u0151 sz\u0151rzet<\/td>\n<td colspan=\"2\" valign=\"top\" width=\"149\">Biotin<\/td>\n<td colspan=\"2\" valign=\"top\" width=\"149\">mcg<\/td>\n<td valign=\"top\" width=\"149\">500<\/td>\n<\/tr>\n<tr>\n<td colspan=\"6\" valign=\"top\" width=\"598\"><strong>Nyomelem\/ kg<\/strong><\/td>\n<\/tr>\n<tr>\n<td valign=\"top\" width=\"149\">V\u00e9rk\u00e9pz\u00e9s, l\u00e9gz\u00e9s<\/td>\n<td colspan=\"2\" valign=\"top\" width=\"149\">Vas<\/td>\n<td colspan=\"2\" valign=\"top\" width=\"149\">mg<\/td>\n<td valign=\"top\" width=\"149\">160<\/td>\n<\/tr>\n<tr>\n<td valign=\"top\" width=\"149\">Eg\u00e9szs\u00e9ges b\u0151r, l\u00e1t\u00e1s, anyagcsere<\/td>\n<td colspan=\"2\" valign=\"top\" width=\"149\">Cink<\/td>\n<td colspan=\"2\" valign=\"top\" width=\"149\">mg<\/td>\n<td valign=\"top\" width=\"149\">130<\/td>\n<\/tr>\n<tr>\n<td valign=\"top\" width=\"149\">F\u00e9nyes sz\u0151r, er\u0151s csontok, anyagcsere<\/td>\n<td colspan=\"2\" valign=\"top\" width=\"149\">Mang\u00e1n<\/td>\n<td colspan=\"2\" valign=\"top\" width=\"149\">mg<\/td>\n<td valign=\"top\" width=\"149\">20,0<\/td>\n<\/tr>\n<tr>\n<td valign=\"top\" width=\"149\">V\u00e9rk\u00e9pz\u00e9s, eg\u00e9szs\u00e9ges b\u0151r<\/td>\n<td colspan=\"2\" valign=\"top\" width=\"149\">R\u00e9z<\/td>\n<td colspan=\"2\" valign=\"top\" width=\"149\">mg<\/td>\n<td valign=\"top\" width=\"149\">20,0<\/td>\n<\/tr>\n<tr>\n<td valign=\"top\" width=\"149\">Thyroid<\/td>\n<td colspan=\"2\" valign=\"top\" width=\"149\">J\u00f3d<\/td>\n<td colspan=\"2\" valign=\"top\" width=\"149\">mg<\/td>\n<td valign=\"top\" width=\"149\">2,50<\/td>\n<\/tr>\n<tr>\n<td valign=\"top\" width=\"149\">V\u00e9rk\u00e9pz\u00e9s<\/td>\n<td colspan=\"2\" valign=\"top\" width=\"149\">Kobalt<\/td>\n<td colspan=\"2\" valign=\"top\" width=\"149\">mg<\/td>\n<td valign=\"top\" width=\"149\">0,20<\/td>\n<\/tr>\n<tr>\n<td valign=\"top\" width=\"149\">Izomzat<\/td>\n<td colspan=\"2\" valign=\"top\" width=\"149\">Szel\u00e9n<\/td>\n<td colspan=\"2\" valign=\"top\" width=\"149\">mg<\/td>\n<td valign=\"top\" width=\"149\">0,50<\/td>\n<\/tr>\n<\/tbody>\n<\/table>\n","protected":false},"excerpt":{"rendered":"<p>A JUNIOR speci\u00e1lisan k\u00f6ly\u00f6k- \u00e9s n\u00f6vend\u00e9kkuty\u00e1k r\u00e9sz\u00e9re kifejlesztett teljes \u00e9rt\u00e9k\u0171 kutyat\u00e1p. A fiatal \u00e1llatok anyagcser\u00e9je gyors, test\u00fck folyamatos n\u00f6veked\u00e9sben van. Csak a t\u00f6r\u00e9smentesen fejl\u0151d\u0151 kiskuty\u00e1kb\u00f3l v\u00e1lik eg\u00e9szs\u00e9ges feln\u0151tt \u00e1llat. Fontos, hogy az izomzat, a csontozat \u00e9s a bels\u0151 szervek fejl\u0151d\u00e9se \u00f6sszhangban legyen. Az optim\u00e1lis Ca:P ar\u00e1ny, az \u00e9rt\u00e9kes feh\u00e9rj\u00e9k, \u00e9s k\u00f6nnyen em\u00e9szthet\u0151, kiv\u00e1l\u00f3 min\u0151s\u00e9g\u0171 h\u00fasalapanyagok &hellip; <\/p>\n<p><a class=\"more-link block-button\" href=\"https:\/\/luposan.d250.hu\/luposan\/josera\/josera-junior\/\">Olvass tov\u00e1bb &raquo;<\/a><\/p>\n","protected":false},"author":1,"featured_media":705,"parent":372,"menu_order":1,"comment_status":"closed","ping_status":"closed","template":"","meta":[],"_links":{"self":[{"href":"https:\/\/luposan.d250.hu\/luposan\/wp-json\/wp\/v2\/pages\/638"}],"collection":[{"href":"https:\/\/luposan.d250.hu\/luposan\/wp-json\/wp\/v2\/pages"}],"about":[{"href":"https:\/\/luposan.d250.hu\/luposan\/wp-json\/wp\/v2\/types\/page"}],"author":[{"embeddable":true,"href":"https:\/\/luposan.d250.hu\/luposan\/wp-json\/wp\/v2\/users\/1"}],"replies":[{"embeddable":true,"href":"https:\/\/luposan.d250.hu\/luposan\/wp-json\/wp\/v2\/comments?post=638"}],"version-history":[{"count":16,"href":"https:\/\/luposan.d250.hu\/luposan\/wp-json\/wp\/v2\/pages\/638\/revisions"}],"predecessor-version":[{"id":674,"href":"https:\/\/luposan.d250.hu\/luposan\/wp-json\/wp\/v2\/pages\/638\/revisions\/674"}],"up":[{"embeddable":true,"href":"https:\/\/luposan.d250.hu\/luposan\/wp-json\/wp\/v2\/pages\/372"}],"wp:featuredmedia":[{"embeddable":true,"href":"https:\/\/luposan.d250.hu\/luposan\/wp-json\/wp\/v2\/media\/705"}],"wp:attachment":[{"href":"https:\/\/luposan.d250.hu\/luposan\/wp-json\/wp\/v2\/media?parent=638"}],"curies":[{"name":"wp","href":"https:\/\/api.w.org\/{rel}","templated":true}]}}