{"id":372,"date":"2012-02-23T15:17:18","date_gmt":"2012-02-23T15:17:18","guid":{"rendered":"http:\/\/luposan.d250.hu\/luposan\/?page_id=372"},"modified":"2012-03-12T03:31:08","modified_gmt":"2012-03-12T03:31:08","slug":"josera","status":"publish","type":"page","link":"https:\/\/luposan.d250.hu\/luposan\/josera\/","title":{"rendered":"Josera kutyat\u00e1p"},"content":{"rendered":"<p style=\"text-align: justify;\" align=\"justify\">A n\u00e9metorsz\u00e1gi Kleinheubach v\u00e1ros\u00e1ban tal\u00e1lhat\u00f3 Josera a nagy m\u00falttal \u00e9s trad\u00edci\u00f3kkal rendelkez\u0151, csal\u00e1di k\u00e9zben l\u00e9v\u0151 Erbacher \u00fczletcsoport r\u00e9szek\u00e9nt j\u00f6tt l\u00e9tre. A c\u00e9g k\u00f6zel 65 \u00e9ve gy\u00e1rt \u00e1llateledelt. V\u00e9djegy\u00e9t a kiv\u00e1l\u00f3 min\u0151s\u00e9g, a szigor\u00fa ellen\u0151rz\u00e9s \u00e9s a folyamatos fejl\u0151d\u00e9s mellett tette le. Gyakorl\u00f3 \u00e9s elm\u00e9leti szakemberek egy\u00fctt dolgoznak azon, hogy a legmodernebb technol\u00f3gi\u00e1t \u00e9s kutat\u00e1si eredm\u00e9nyeket felhaszn\u00e1lva a fogyaszt\u00f3i &#8220;\u00e1llatt\u00e1rsadalom&#8221; minden ig\u00e9ny\u00e9t kiel\u00e9g\u00edts\u00e9k.<\/p>\n<p style=\"text-align: justify;\">Josera k\u00e9t term\u00e9kvonalon k\u00edn\u00e1lja kutyat\u00e1pjait, \u00edgy minden gazdi kiv\u00e1laszthatja saj\u00e1t mag\u00e1nak \u00e9s kedvenc\u00e9nek &#8211; legyen az k\u00f6ly\u00f6k vagy kifejlett kutya, h\u00e1zi kedvenc vagy sport eb &#8211; legink\u00e1bb megfelel\u0151, teljes \u00e9rt\u00e9k\u0171 t\u00e1pot. Ami mindk\u00e9t term\u00e9kcsal\u00e1dban k\u00f6z\u00f6s, az a kiv\u00e1l\u00f3 min\u0151s\u00e9g \u00e9s a sz\u00e9les v\u00e1laszt\u00e9k.<\/p>\n<p>\u00a0 <strong>Ami a min\u0151s\u00e9get garant\u00e1lja:<\/strong><\/p>\n<p align=\"justify\">Nagy ar\u00e1nyban emberi fogyaszt\u00e1sra alkalmas h\u00fasalapanyagok felhaszn\u00e1l\u00e1sa, gondosan kiv\u00e1lasztott n\u00f6v\u00e9nyi \u00f6sszetev\u0151k. K\u00edm\u00e9letes nyersanyag-feldolgoz\u00e1s (a legmodernebb sajtol\u00e1si technol\u00f3gia alkalmaz\u00e1sa). Szigor\u00fa szab\u00e1lyok alapj\u00e1n megv\u00e1lasztott besz\u00e1ll\u00edt\u00f3i k\u00f6r. Saj\u00e1t kutat\u00f3labor. Az itt dolgoz\u00f3 takarm\u00e1nyoz\u00e1si szakemberek kutat\u00f3munk\u00e1ja biztos\u00edtja a folyamatos innov\u00e1ci\u00f3t. A term\u00e9kek nem tartalmaznak mesters\u00e9ges sz\u00ednez\u0151 \u00e9s \u00edz fokoz\u00f3 anyagokat. A Josera DIN ISO 9001:2000, illetve a HACCP \u00e1ltal el\u0151\u00edrtaknak megfelel. A c\u00e9g nem folytat semmilyen \u00e1llatk\u00eds\u00e9rletet term\u00e9keinek kifejleszt\u00e9se sor\u00e1n.<\/p>\n<p align=\"justify\">\n<h1 align=\"justify\"><a title=\"Josera \u00c1rlista\" href=\"http:\/\/luposan.d250.hu\/luposan\/josera-arlista\/\">\u00c1RLISTA<\/a><\/h1>\n<p>&nbsp;<\/p>\n<table width=\"550\" border=\"0\" cellspacing=\"0\" cellpadding=\"0\">\n<tbody>\n<tr>\n<td valign=\"top\" width=\"250\">\n<h5>Basic Line<\/h5>\n<ul>\n<li>Nagyobb r\u00e9szt csirkeh\u00fasb\u00f3l k\u00e9sz\u00fcl<\/li>\n<li>Nem tartalmaz b\u00faz\u00e1t<\/li>\n<li>Nem tartalmaz sz\u00f3j\u00e1t<\/li>\n<li>Term\u00e9szetes rost (r\u00e9pap\u00e9p)<\/li>\n<\/ul>\n<\/td>\n<td valign=\"top\" width=\"400\"><img loading=\"lazy\" src=\"http:\/\/luposan.d250.hu\/wp-content\/uploads\/2012\/03\/josera-basic-line-01-junior.jpg\" alt=\"\" width=\"75\" height=\"164\" hspace=\"2\" \/><img loading=\"lazy\" src=\"http:\/\/luposan.d250.hu\/wp-content\/uploads\/2012\/03\/josera-basic-line-02-regular.jpg\" alt=\"\" width=\"75\" height=\"164\" hspace=\"2\" \/><img loading=\"lazy\" src=\"http:\/\/luposan.d250.hu\/wp-content\/uploads\/2012\/03\/josera-basic-line-03-active.jpg\" alt=\"\" width=\"75\" height=\"164\" hspace=\"2\" \/><img loading=\"lazy\" src=\"http:\/\/luposan.d250.hu\/wp-content\/uploads\/2012\/03\/josera-basic-line-04-sensitive.jpg\" alt=\"\" width=\"75\" height=\"164\" hspace=\"2\" \/><img loading=\"lazy\" src=\"http:\/\/luposan.d250.hu\/wp-content\/uploads\/2012\/03\/josera-basic-line-05-lamb.jpg\" alt=\"\" width=\"75\" height=\"164\" hspace=\"2\" \/><\/td>\n<\/tr>\n<\/tbody>\n<\/table>\n<table width=\"550\" border=\"0\" cellspacing=\"0\" cellpadding=\"0\">\n<tbody>\n<tr>\n<td bgcolor=\"#000000\" height=\"1\"><\/td>\n<\/tr>\n<\/tbody>\n<\/table>\n<table width=\"550\" border=\"0\" cellspacing=\"0\" cellpadding=\"0\">\n<tbody>\n<tr>\n<td valign=\"top\" width=\"250\">\n<h4>Emotion Line<\/h4>\n<ul>\n<li>Term\u00e9szetes probiotikumok (inulin)<\/li>\n<li>Em\u00e9szt\u00e9st \u00e9s felsz\u00edv\u00f3d\u00e1st seg\u00edt\u0151 \u00e9leszt\u0151, cik\u00f3ria<\/li>\n<li>\u00c9rt\u00e9kes feh\u00e9rj\u00e9k (lazacliszt)<\/li>\n<li>Porck\u00e9pz\u0151 gl\u00fckozamin \u00e9s kondroitin- szulf\u00e1t<\/li>\n<\/ul>\n<\/td>\n<td valign=\"top\" width=\"400\"><img loading=\"lazy\" src=\"http:\/\/luposan.d250.hu\/wp-content\/uploads\/2012\/03\/josera-emotion-line-01-family.gif\" alt=\"\" width=\"75\" height=\"164\" hspace=\"2\" \/><img loading=\"lazy\" src=\"http:\/\/luposan.d250.hu\/wp-content\/uploads\/2012\/03\/josera-emotion-line-02-kids.jpg\" alt=\"\" width=\"70\" height=\"164\" hspace=\"2\" \/><img loading=\"lazy\" src=\"http:\/\/luposan.d250.hu\/wp-content\/uploads\/2012\/03\/josera-emotion-line-03-festival.jpg\" alt=\"\" width=\"75\" height=\"164\" hspace=\"2\" \/><img loading=\"lazy\" src=\"http:\/\/luposan.d250.hu\/wp-content\/uploads\/2012\/03\/josera-emotion-line-04-sensiplus.jpg\" alt=\"\" width=\"75\" height=\"164\" hspace=\"2\" \/><img loading=\"lazy\" src=\"http:\/\/luposan.d250.hu\/wp-content\/uploads\/2012\/03\/josera-emotion-line-05-high-energy.gif\" alt=\"\" width=\"75\" height=\"164\" hspace=\"2\" \/><img loading=\"lazy\" src=\"http:\/\/luposan.d250.hu\/wp-content\/uploads\/2012\/03\/josera-emotion-line-06-balance.jpg\" alt=\"\" width=\"75\" height=\"164\" hspace=\"2\" \/><\/td>\n<\/tr>\n<\/tbody>\n<\/table>\n<table width=\"550\" border=\"0\" cellspacing=\"0\" cellpadding=\"0\">\n<tbody>\n<tr>\n<td bgcolor=\"#000000\" height=\"1\"><\/td>\n<\/tr>\n<\/tbody>\n<\/table>\n","protected":false},"excerpt":{"rendered":"<p>A n\u00e9metorsz\u00e1gi Kleinheubach v\u00e1ros\u00e1ban tal\u00e1lhat\u00f3 Josera a nagy m\u00falttal \u00e9s trad\u00edci\u00f3kkal rendelkez\u0151, csal\u00e1di k\u00e9zben l\u00e9v\u0151 Erbacher \u00fczletcsoport r\u00e9szek\u00e9nt j\u00f6tt l\u00e9tre. A c\u00e9g k\u00f6zel 65 \u00e9ve gy\u00e1rt \u00e1llateledelt. V\u00e9djegy\u00e9t a kiv\u00e1l\u00f3 min\u0151s\u00e9g, a szigor\u00fa ellen\u0151rz\u00e9s \u00e9s a folyamatos fejl\u0151d\u00e9s mellett tette le. Gyakorl\u00f3 \u00e9s elm\u00e9leti szakemberek egy\u00fctt dolgoznak azon, hogy a legmodernebb technol\u00f3gi\u00e1t \u00e9s kutat\u00e1si eredm\u00e9nyeket &hellip; <\/p>\n<p><a class=\"more-link block-button\" href=\"https:\/\/luposan.d250.hu\/luposan\/josera\/\">Olvass tov\u00e1bb &raquo;<\/a><\/p>\n","protected":false},"author":1,"featured_media":350,"parent":0,"menu_order":0,"comment_status":"closed","ping_status":"closed","template":"","meta":[],"_links":{"self":[{"href":"https:\/\/luposan.d250.hu\/luposan\/wp-json\/wp\/v2\/pages\/372"}],"collection":[{"href":"https:\/\/luposan.d250.hu\/luposan\/wp-json\/wp\/v2\/pages"}],"about":[{"href":"https:\/\/luposan.d250.hu\/luposan\/wp-json\/wp\/v2\/types\/page"}],"author":[{"embeddable":true,"href":"https:\/\/luposan.d250.hu\/luposan\/wp-json\/wp\/v2\/users\/1"}],"replies":[{"embeddable":true,"href":"https:\/\/luposan.d250.hu\/luposan\/wp-json\/wp\/v2\/comments?post=372"}],"version-history":[{"count":38,"href":"https:\/\/luposan.d250.hu\/luposan\/wp-json\/wp\/v2\/pages\/372\/revisions"}],"predecessor-version":[{"id":685,"href":"https:\/\/luposan.d250.hu\/luposan\/wp-json\/wp\/v2\/pages\/372\/revisions\/685"}],"wp:featuredmedia":[{"embeddable":true,"href":"https:\/\/luposan.d250.hu\/luposan\/wp-json\/wp\/v2\/media\/350"}],"wp:attachment":[{"href":"https:\/\/luposan.d250.hu\/luposan\/wp-json\/wp\/v2\/media?parent=372"}],"curies":[{"name":"wp","href":"https:\/\/api.w.org\/{rel}","templated":true}]}}