{"id":31,"date":"2012-02-10T18:14:43","date_gmt":"2012-02-10T18:14:43","guid":{"rendered":"http:\/\/luposan.d250.hu\/luposan\/?page_id=31"},"modified":"2012-02-23T19:32:04","modified_gmt":"2012-02-23T19:32:04","slug":"luposan-lachsol-salmon-oil","status":"publish","type":"page","link":"https:\/\/luposan.d250.hu\/luposan\/termekek\/luposan-lachsol-salmon-oil\/","title":{"rendered":"Lachs\u00f6l (Salmon oil)"},"content":{"rendered":"<h2 align=\"center\"><span style=\"color: #3366ff;\"><strong>Lazacolaj &#8211; eg\u00e9szs\u00e9g a tengerb\u0151l<\/strong><\/span><strong>\u00a0<\/strong><\/h2>\n<h4 style=\"text-align: center;\"><span style=\"color: #3366ff;\"><strong>Egyed\u00fcl\u00e1ll\u00f3 \u00e9trend kieg\u00e9sz\u00edt\u0151 kuty\u00e1knak \u00e9s macsk\u00e1knak <\/strong><\/span><\/h4>\n<p>&nbsp;<\/p>\n<p>A Luposan Lazacolajat hidegen sajtol\u00e1sos m\u00f3dszerrel nyerj\u00fck friss skandin\u00e1v lazacb\u00f3l. <strong>Nem tartalmaz semmif\u00e9le mesters\u00e9ges (k\u00e9miai) \u00f6sszetev\u0151t!<\/strong><\/p>\n<p style=\"text-align: justify;\"><img loading=\"lazy\" class=\"alignright size-medium wp-image-453\" title=\"lazac\" src=\"http:\/\/luposan.d250.hu\/wp-content\/uploads\/2012\/02\/lazac-300x206.jpg\" alt=\"\" width=\"300\" height=\"206\" srcset=\"https:\/\/luposan.d250.hu\/luposan\/wp-content\/uploads\/2012\/02\/lazac-300x206.jpg 300w, https:\/\/luposan.d250.hu\/luposan\/wp-content\/uploads\/2012\/02\/lazac.jpg 500w\" sizes=\"(max-width: 300px) 100vw, 300px\" \/><strong>Az ut\u00f3bbi \u00e9vekben<\/strong> a hum\u00e1n \u00e9s \u00e1llatgy\u00f3gy\u00e1szatban robban\u00e1sszer\u0171en megn\u0151tt az \u00e9rdekl\u0151d\u00e9s a term\u00e9szetes hat\u00f3anyagok \u00e9s ezen bel\u00fcl az esszenci\u00e1lis zs\u00edrsavak ir\u00e1nt. Bizonyos vitaminokat, aminosavakat, zs\u00edrsavakat, melyeket a szervezet el\u0151\u00e1ll\u00edtani nem tud, csak a t\u00e1pl\u00e1l\u00e9kb\u00f3l juthat a szervezetbe nevezik esszenci\u00e1lisnak.<\/p>\n<p style=\"text-align: justify;\"><strong>Az esszenci\u00e1lis zs\u00edrsavakat<\/strong> k\u00e9t f\u0151 csoportba az<strong> OMEGA-3<\/strong> \u00e9s az <strong>OMEGA-6<\/strong> soroljuk. Az OMEGA-3 vegy\u00fcletek k\u00f6z\u00e9 tartozik a fontosabb zs\u00edrsavak az EPA (Eikozapento\u00e9nsav), a DHA (Dokozahexa\u00e9nsav) \u00e9s az ALA (Alfa-Linol\u00e9nsav). A szervezet az \u03a9-3 zs\u00edrsavakat az anyagcsere-szab\u00e1lyoz\u00f3k k\u00e9pz\u00e9s\u00e9hez, valamint a sejtfalak k\u00e9pz\u00e9s\u00e9hez \u00e9s megtart\u00e1s\u00e1hoz haszn\u00e1lja. Ezek t\u00f6bb fiziol\u00f3giai folyamatban j\u00e1tszanak fontos szerepet, mindenek el\u0151tt a gyullad\u00e1sos folyamatok lek\u00fczd\u00e9s\u00e9ben. Magas t\u00f6bbsz\u00f6r\u00f6sen tel\u00edtetlen zs\u00edrsav tartalma biztos\u00edtja a <strong>Lachs\u00f6l<\/strong> kiv\u00e1l\u00f3 hat\u00e1sfok\u00e1t.<\/p>\n<h3><a href=\"http:\/\/luposan.d250.hu\/wp-content\/uploads\/2012\/02\/wildlachsoel1.jpg\"><img loading=\"lazy\" class=\"alignright size-full wp-image-454\" title=\"_wildlachsoel\" src=\"http:\/\/luposan.d250.hu\/wp-content\/uploads\/2012\/02\/wildlachsoel1.jpg\" alt=\"\" width=\"115\" height=\"250\" \/><\/a><strong>A lazacolaj hagyom\u00e1nyos felhaszn\u00e1l\u00e1si ter\u00fcletei:<\/strong><\/h3>\n<ul>\n<li>Gyenge immunrendszer<\/li>\n<li>Allergi\u00e1s megbeteged\u00e9sek: ekc\u00e9ma, h\u00e1nyinger, sz\u00e1raz, korp\u00e1s b\u0151r<\/li>\n<li>M\u00e1jfunkci\u00f3-zavarok<\/li>\n<li>Vesebetegs\u00e9gek<\/li>\n<li>Anyagcserezavarok<\/li>\n<li>\u00c9tv\u00e1gytalans\u00e1g<\/li>\n<\/ul>\n<p style=\"text-align: justify;\"><strong>\u00d6sszet\u00e9tel: <\/strong>100% tiszta lazacolaj. Nyerszs\u00edr tartalom: 99%<\/p>\n<p style=\"text-align: justify;\"><strong>Haszn\u00e1lat el\u0151tt felr\u00e1zand\u00f3. \u00a0 \u00a0Eltarthat\u00f3s\u00e1g: <\/strong>A palack alj\u00e1n felt\u00fcntetve<\/p>\n<p><strong>Az adand\u00f3 mennyis\u00e9g: <\/strong>(1 te\u00e1skan\u00e1l = kb. 5 ml)\u00a0 Kiszerel\u00e9s: 250 ml \u00e9s 500 m<\/p>\n","protected":false},"excerpt":{"rendered":"<p>Lazacolaj &#8211; eg\u00e9szs\u00e9g a tengerb\u0151l\u00a0 Egyed\u00fcl\u00e1ll\u00f3 \u00e9trend kieg\u00e9sz\u00edt\u0151 kuty\u00e1knak \u00e9s macsk\u00e1knak &nbsp; A Luposan Lazacolajat hidegen sajtol\u00e1sos m\u00f3dszerrel nyerj\u00fck friss skandin\u00e1v lazacb\u00f3l. Nem tartalmaz semmif\u00e9le mesters\u00e9ges (k\u00e9miai) \u00f6sszetev\u0151t! Az ut\u00f3bbi \u00e9vekben a hum\u00e1n \u00e9s \u00e1llatgy\u00f3gy\u00e1szatban robban\u00e1sszer\u0171en megn\u0151tt az \u00e9rdekl\u0151d\u00e9s a term\u00e9szetes hat\u00f3anyagok \u00e9s ezen bel\u00fcl az esszenci\u00e1lis zs\u00edrsavak ir\u00e1nt. Bizonyos vitaminokat, aminosavakat, zs\u00edrsavakat, melyeket a &hellip; <\/p>\n<p><a class=\"more-link block-button\" href=\"https:\/\/luposan.d250.hu\/luposan\/termekek\/luposan-lachsol-salmon-oil\/\">Olvass tov\u00e1bb &raquo;<\/a><\/p>\n","protected":false},"author":1,"featured_media":324,"parent":7,"menu_order":7,"comment_status":"closed","ping_status":"closed","template":"","meta":[],"_links":{"self":[{"href":"https:\/\/luposan.d250.hu\/luposan\/wp-json\/wp\/v2\/pages\/31"}],"collection":[{"href":"https:\/\/luposan.d250.hu\/luposan\/wp-json\/wp\/v2\/pages"}],"about":[{"href":"https:\/\/luposan.d250.hu\/luposan\/wp-json\/wp\/v2\/types\/page"}],"author":[{"embeddable":true,"href":"https:\/\/luposan.d250.hu\/luposan\/wp-json\/wp\/v2\/users\/1"}],"replies":[{"embeddable":true,"href":"https:\/\/luposan.d250.hu\/luposan\/wp-json\/wp\/v2\/comments?post=31"}],"version-history":[{"count":10,"href":"https:\/\/luposan.d250.hu\/luposan\/wp-json\/wp\/v2\/pages\/31\/revisions"}],"predecessor-version":[{"id":367,"href":"https:\/\/luposan.d250.hu\/luposan\/wp-json\/wp\/v2\/pages\/31\/revisions\/367"}],"up":[{"embeddable":true,"href":"https:\/\/luposan.d250.hu\/luposan\/wp-json\/wp\/v2\/pages\/7"}],"wp:featuredmedia":[{"embeddable":true,"href":"https:\/\/luposan.d250.hu\/luposan\/wp-json\/wp\/v2\/media\/324"}],"wp:attachment":[{"href":"https:\/\/luposan.d250.hu\/luposan\/wp-json\/wp\/v2\/media?parent=31"}],"curies":[{"name":"wp","href":"https:\/\/api.w.org\/{rel}","templated":true}]}}