{"id":29,"date":"2012-02-10T18:13:51","date_gmt":"2012-02-10T18:13:51","guid":{"rendered":"http:\/\/luposan.d250.hu\/luposan\/?page_id=29"},"modified":"2012-02-23T21:07:06","modified_gmt":"2012-02-23T21:07:06","slug":"luposan-biotin","status":"publish","type":"page","link":"https:\/\/luposan.d250.hu\/luposan\/termekek\/luposan-biotin\/","title":{"rendered":"Biotin"},"content":{"rendered":"<h2>Luposan Biotin*\u00a0<strong>(H \u2013 vitamin)<\/strong><\/h2>\n<p><strong>Takarm\u00e1nykieg\u00e9sz\u00edt\u0151 kuty\u00e1knak \u00e9s macsk\u00e1knak <\/strong><\/p>\n<p>A <strong>gy\u00f3gyn\u00f6v\u00e9nyeket<\/strong> \u00e9s <strong>mikr\u00f3alg\u00e1kat <\/strong>is tartalmaz\u00f3 <strong>Luposan Biotin<\/strong> term\u00e9szetes m\u00f3don er\u0151s\u00edti a b\u0151rt, a sz\u0151rzetet \u00e9s a karmokat.<\/p>\n<p><strong>* B<\/strong><strong>iotin. <\/strong>V\u00edzben old\u00f3d\u00f3 vitamin, legal\u00e1bb ennyire elterjed elnevez\u00e9se a <strong>H-vitamin<\/strong> is. \u00c9rdekess\u00e9ge, hogy molekul\u00e1ja k\u00e9nt tartalmaz. A szervezetben legink\u00e1bb az anyagcser\u00e9ben r\u00e9szt vev\u0151 k\u00fcl\u00f6nb\u00f6z\u0151 enzimek alkot\u00f3r\u00e9szek\u00e9nt szerepel.<\/p>\n<p><img loading=\"lazy\" class=\"alignright size-full wp-image-512\" title=\"P1400169\" src=\"http:\/\/luposan.d250.hu\/wp-content\/uploads\/2012\/02\/P1400169.jpg\" alt=\"\" width=\"240\" height=\"180\" \/><\/p>\n<p><strong>Mihez sz\u00fcks\u00e9ges:<\/strong><\/p>\n<ul>\n<li>Feh\u00e9rje-anyagcsere<\/li>\n<li>Stabiliz\u00e1lja a v\u00e9rcukorszintet<\/li>\n<li>Bel\u00fclr\u0151l er\u0151s\u00edti a hajat \u00e9s a k\u00f6rm\u00f6ket<\/li>\n<li>Seg\u00edti a zs\u00edr\u00e9get\u00e9st, enyh\u00edti a b\u0151rki\u00fct\u00e9seket, \u00e9s az izomf\u00e1jdalmakat.<\/li>\n<\/ul>\n<p><strong>A Biotin hi\u00e1ny jelei:<\/strong><\/p>\n<ul>\n<li>lehangolts\u00e1g, kimer\u00fclts\u00e9g,<\/li>\n<li>izomf\u00e1jdalom, \u00e9tv\u00e1gytalans\u00e1g,<\/li>\n<li>v\u00e9rszeg\u00e9nys\u00e9g \u00e9s a koleszterinszint emelked\u00e9se.<\/li>\n<li>fak\u00f3 \u00e9s f\u00e9nytelen sz\u0151rzet<\/li>\n<li>sz\u0151rhull\u00e1s, sz\u0151rt\u00f6redez\u00e9s<\/li>\n<li>b\u0151rgyullad\u00e1s (Ekc\u00e9ma, viszketegs\u00e9g, korp\u00e1sod\u00e1s)<\/li>\n<li>a b\u0151r megvastagod\u00e1sa \u00e9s varasod\u00e1sa<\/li>\n<li>pigment probl\u00e9m\u00e1k, \u0151sz\u00fcl\u00e9s<\/li>\n<li>szarusod\u00e1si probl\u00e9m\u00e1k, zavarok a karmok n\u00f6veked\u00e9s\u00e9ben<\/li>\n<\/ul>\n<h3><strong>T\u00faladagol\u00e1s:\u00a0<\/strong>V\u00edzoldhat\u00f3 vitamin l\u00e9v\u00e9n nem lehet t\u00faladagolni!<\/h3>\n<p>&nbsp;<\/p>\n<p><img loading=\"lazy\" class=\"alignright size-medium wp-image-446\" title=\"biotin\" src=\"http:\/\/luposan.d250.hu\/wp-content\/uploads\/2012\/02\/biotin3-300x214.png\" alt=\"\" width=\"240\" height=\"172\" srcset=\"https:\/\/luposan.d250.hu\/luposan\/wp-content\/uploads\/2012\/02\/biotin3-300x214.png 300w, https:\/\/luposan.d250.hu\/luposan\/wp-content\/uploads\/2012\/02\/biotin3.png 490w\" sizes=\"(max-width: 240px) 100vw, 240px\" \/><strong>\u00d6sszet\u00e9tele:\u00a0<\/strong>Gy\u00f3gyn\u00f6v\u00e9nykever\u00e9k,\u00a0Alg\u00e1k,\u00a0Biotin \u2013 Vitamin el\u0151kever\u00e9k<\/p>\n<p><strong>Minden 1000 g tartalmaz:<\/strong><br \/>\nBiotin (H-vitamin)500000 mikrogramm<br \/>\nB1 100 mg<br \/>\nB2 50 mg<br \/>\nB12 100 mikrogramm<br \/>\nVitamin C 185 mg<\/p>\n<p><strong>Adagol\u00e1sa:<\/strong><br \/>\nKistest\u0171 kuty\u00e1k, illetve macsk\u00e1k: naponta 1-2x 1 tabletta<br \/>\nNagytest\u0171 kuty\u00e1k: naponta 2-szer 2-3 tabletta<\/p>\n<p>Dobozonk\u00e9nt kb. 130 tablett\u00e1t tartalmaz<\/p>\n","protected":false},"excerpt":{"rendered":"<p>Luposan Biotin*\u00a0(H \u2013 vitamin) Takarm\u00e1nykieg\u00e9sz\u00edt\u0151 kuty\u00e1knak \u00e9s macsk\u00e1knak A gy\u00f3gyn\u00f6v\u00e9nyeket \u00e9s mikr\u00f3alg\u00e1kat is tartalmaz\u00f3 Luposan Biotin term\u00e9szetes m\u00f3don er\u0151s\u00edti a b\u0151rt, a sz\u0151rzetet \u00e9s a karmokat. * Biotin. V\u00edzben old\u00f3d\u00f3 vitamin, legal\u00e1bb ennyire elterjed elnevez\u00e9se a H-vitamin is. \u00c9rdekess\u00e9ge, hogy molekul\u00e1ja k\u00e9nt tartalmaz. A szervezetben legink\u00e1bb az anyagcser\u00e9ben r\u00e9szt vev\u0151 k\u00fcl\u00f6nb\u00f6z\u0151 enzimek alkot\u00f3r\u00e9szek\u00e9nt szerepel. Mihez &hellip; <\/p>\n<p><a class=\"more-link block-button\" href=\"https:\/\/luposan.d250.hu\/luposan\/termekek\/luposan-biotin\/\">Olvass tov\u00e1bb &raquo;<\/a><\/p>\n","protected":false},"author":1,"featured_media":314,"parent":7,"menu_order":6,"comment_status":"closed","ping_status":"closed","template":"","meta":[],"_links":{"self":[{"href":"https:\/\/luposan.d250.hu\/luposan\/wp-json\/wp\/v2\/pages\/29"}],"collection":[{"href":"https:\/\/luposan.d250.hu\/luposan\/wp-json\/wp\/v2\/pages"}],"about":[{"href":"https:\/\/luposan.d250.hu\/luposan\/wp-json\/wp\/v2\/types\/page"}],"author":[{"embeddable":true,"href":"https:\/\/luposan.d250.hu\/luposan\/wp-json\/wp\/v2\/users\/1"}],"replies":[{"embeddable":true,"href":"https:\/\/luposan.d250.hu\/luposan\/wp-json\/wp\/v2\/comments?post=29"}],"version-history":[{"count":13,"href":"https:\/\/luposan.d250.hu\/luposan\/wp-json\/wp\/v2\/pages\/29\/revisions"}],"predecessor-version":[{"id":364,"href":"https:\/\/luposan.d250.hu\/luposan\/wp-json\/wp\/v2\/pages\/29\/revisions\/364"}],"up":[{"embeddable":true,"href":"https:\/\/luposan.d250.hu\/luposan\/wp-json\/wp\/v2\/pages\/7"}],"wp:featuredmedia":[{"embeddable":true,"href":"https:\/\/luposan.d250.hu\/luposan\/wp-json\/wp\/v2\/media\/314"}],"wp:attachment":[{"href":"https:\/\/luposan.d250.hu\/luposan\/wp-json\/wp\/v2\/media?parent=29"}],"curies":[{"name":"wp","href":"https:\/\/api.w.org\/{rel}","templated":true}]}}