{"id":257,"date":"2012-02-13T17:56:46","date_gmt":"2012-02-13T17:56:46","guid":{"rendered":"http:\/\/luposan.d250.hu\/luposan\/?page_id=257"},"modified":"2012-08-02T14:48:49","modified_gmt":"2012-08-02T14:48:49","slug":"letoltesek2","status":"publish","type":"page","link":"https:\/\/luposan.d250.hu\/luposan\/letoltesek2\/","title":{"rendered":"Let\u00f6lt\u00e9sek"},"content":{"rendered":"<h3>\u00c1rlista<\/h3>\n<ul>\n<li style=\"padding-left: 30px;\"><a title=\"\u00c1rlista\" href=\"http:\/\/luposan.d250.hu\/luposan\/arlista\/\">Kisker. &#8211; Nagyker. \u00e1rlista<\/a><\/li>\n<\/ul>\n<h3>LUPOSAN Gelenkkraft<\/h3>\n<ul>\n<li style=\"padding-left: 30px;\">Term\u00e9kle\u00edr\u00e1s (pdf) &#8211;\u00a0<span style=\"text-decoration: underline;\"><em><a href=\"http:\/\/luposan.d250.hu\/wp-content\/uploads\/2012\/02\/LUPOSAN-GELENKKRAFT.pdf\" target=\"_blank\">LET\u00d6LT\u00c9S<\/a><\/em><\/span><\/li>\n<\/ul>\n<h3>LUPOSAN Biomineral<\/h3>\n<ul>\n<li style=\"padding-left: 30px;\">Term\u00e9kle\u00edr\u00e1s\u00a0(pdf)\u00a0&#8211;<a href=\"http:\/\/luposan.d250.hu\/wp-content\/uploads\/2012\/02\/LUPOSAN-BIOMINERAL.pdf\" target=\"_blank\">\u00a0<span style=\"text-decoration: underline;\"><em>LET\u00d6LT\u00c9S<\/em><\/span><\/a><\/li>\n<\/ul>\n<h3>LUPOSAN Zeckweg<\/h3>\n<ul>\n<li style=\"padding-left: 30px;\">Term\u00e9kle\u00edr\u00e1s\u00a0(pdf)\u00a0&#8211;\u00a0<span style=\"text-decoration: underline;\"><em><a href=\"http:\/\/luposan.d250.hu\/wp-content\/uploads\/2012\/02\/LUPOSAN-ZECKWEG.pdf\" target=\"_blank\">LET\u00d6LT\u00c9S<\/a><\/em><\/span><\/li>\n<\/ul>\n<h3>LUPOSAN Kr\u00e4eterkraft<\/h3>\n<ul>\n<li style=\"padding-left: 30px;\">Term\u00e9kle\u00edr\u00e1s\u00a0&#8211;\u00a0<span style=\"text-decoration: underline;\"><em><a href=\"http:\/\/luposan.d250.hu\/wp-content\/uploads\/2012\/02\/LUPOSAN-KREUTERKRAFT.pdf\" target=\"_blank\">LET\u00d6LT\u00c9S<\/a><\/em><\/span><\/li>\n<\/ul>\n<h3>LUPOSAN Lupoderm+lecitin<\/h3>\n<ul>\n<li style=\"padding-left: 30px;\">Term\u00e9kle\u00edr\u00e1s\u00a0(pdf)\u00a0&#8211;\u00a0<span style=\"text-decoration: underline;\"><em><a href=\"http:\/\/luposan.d250.hu\/wp-content\/uploads\/2012\/02\/LUPOSAN-LUPODERM.pdf\" target=\"_blank\">LET\u00d6LT\u00c9S<\/a><\/em><\/span><\/li>\n<\/ul>\n<h3>LUPOSAN Lazacolaj<\/h3>\n<ul>\n<li style=\"padding-left: 30px;\">Term\u00e9kle\u00edr\u00e1s\u00a0(pdf)\u00a0&#8211;\u00a0<span style=\"text-decoration: underline;\"><em><a href=\"http:\/\/luposan.d250.hu\/wp-content\/uploads\/2012\/02\/LUPOSAN-LACHS\u00d6L.pdf\" target=\"_blank\">LET\u00d6LT\u00c9S<\/a><\/em><\/span><\/li>\n<\/ul>\n<h3>LUPOSAN Moorliquid<\/h3>\n<ul>\n<li style=\"padding-left: 30px;\">Term\u00e9kle\u00edr\u00e1s\u00a0(pdf)\u00a0&#8211;\u00a0<span style=\"text-decoration: underline;\"><em>LET\u00d6LT\u00c9S<\/em><\/span> &#8211; szerkeszt\u00e9s alatt!<\/li>\n<\/ul>\n","protected":false},"excerpt":{"rendered":"<p>\u00c1rlista Kisker. &#8211; Nagyker. \u00e1rlista LUPOSAN Gelenkkraft Term\u00e9kle\u00edr\u00e1s (pdf) &#8211;\u00a0LET\u00d6LT\u00c9S LUPOSAN Biomineral Term\u00e9kle\u00edr\u00e1s\u00a0(pdf)\u00a0&#8211;\u00a0LET\u00d6LT\u00c9S LUPOSAN Zeckweg Term\u00e9kle\u00edr\u00e1s\u00a0(pdf)\u00a0&#8211;\u00a0LET\u00d6LT\u00c9S LUPOSAN Kr\u00e4eterkraft Term\u00e9kle\u00edr\u00e1s\u00a0&#8211;\u00a0LET\u00d6LT\u00c9S LUPOSAN Lupoderm+lecitin Term\u00e9kle\u00edr\u00e1s\u00a0(pdf)\u00a0&#8211;\u00a0LET\u00d6LT\u00c9S LUPOSAN Lazacolaj Term\u00e9kle\u00edr\u00e1s\u00a0(pdf)\u00a0&#8211;\u00a0LET\u00d6LT\u00c9S LUPOSAN Moorliquid Term\u00e9kle\u00edr\u00e1s\u00a0(pdf)\u00a0&#8211;\u00a0LET\u00d6LT\u00c9S &#8211; szerkeszt\u00e9s alatt!<\/p>\n","protected":false},"author":1,"featured_media":0,"parent":0,"menu_order":10,"comment_status":"closed","ping_status":"closed","template":"","meta":[],"_links":{"self":[{"href":"https:\/\/luposan.d250.hu\/luposan\/wp-json\/wp\/v2\/pages\/257"}],"collection":[{"href":"https:\/\/luposan.d250.hu\/luposan\/wp-json\/wp\/v2\/pages"}],"about":[{"href":"https:\/\/luposan.d250.hu\/luposan\/wp-json\/wp\/v2\/types\/page"}],"author":[{"embeddable":true,"href":"https:\/\/luposan.d250.hu\/luposan\/wp-json\/wp\/v2\/users\/1"}],"replies":[{"embeddable":true,"href":"https:\/\/luposan.d250.hu\/luposan\/wp-json\/wp\/v2\/comments?post=257"}],"version-history":[{"count":26,"href":"https:\/\/luposan.d250.hu\/luposan\/wp-json\/wp\/v2\/pages\/257\/revisions"}],"predecessor-version":[{"id":889,"href":"https:\/\/luposan.d250.hu\/luposan\/wp-json\/wp\/v2\/pages\/257\/revisions\/889"}],"wp:attachment":[{"href":"https:\/\/luposan.d250.hu\/luposan\/wp-json\/wp\/v2\/media?parent=257"}],"curies":[{"name":"wp","href":"https:\/\/api.w.org\/{rel}","templated":true}]}}