{"id":23,"date":"2012-02-10T18:10:20","date_gmt":"2012-02-10T18:10:20","guid":{"rendered":"http:\/\/luposan.d250.hu\/luposan\/?page_id=23"},"modified":"2012-02-23T20:51:16","modified_gmt":"2012-02-23T20:51:16","slug":"luposan-zeckweg","status":"publish","type":"page","link":"https:\/\/luposan.d250.hu\/luposan\/termekek\/luposan-zeckweg\/","title":{"rendered":"Zeckweg"},"content":{"rendered":"<h1 style=\"text-align: center;\"><span style=\"color: #0000ff;\">BIOL\u00d3GIAI HAT\u00d3ANYAG KOMPLEXUM<\/span><\/h1>\n<h3 style=\"text-align: center;\"><span style=\"color: #0000ff;\">Bolha \u00e9s kullancs elleni v\u00e9delem az eg\u00e9szs\u00e9ges b\u0151r \u00e1ltal<\/span><\/h3>\n<p>&nbsp;<\/p>\n<p><img loading=\"lazy\" class=\"alignright size-full wp-image-464\" title=\"kullancs_bolha\" src=\"http:\/\/luposan.d250.hu\/wp-content\/uploads\/2012\/02\/kullancs_bolha1.jpg\" alt=\"\" width=\"241\" height=\"126\" \/><\/p>\n<p><strong>Etet\u00e9se:<\/strong> \u00a0A javasolt napi mennyis\u00e9get a dobozban lev\u0151 m\u00e9r\u0151kan\u00e1llal kim\u00e9rve, a takarm\u00e1nyba kell keverni.<\/p>\n<p><strong>Kiszerel\u00e9se:<\/strong>\u00a0Por alak\u00fa. A k\u00e9tf\u00e9le kiszerel\u00e9s: 600 g &amp; 1200 g nett\u00f3 mennyis\u00e9get\u00a0tartalmaz.<\/p>\n<p><strong>Jelent\u0151s\u00e9ge:<\/strong>\u00a0term\u00e9szetes, parazita elleni v\u00e9delem<\/p>\n<p>&nbsp;<\/p>\n<p>&nbsp;<\/p>\n<h1 style=\"text-align: center;\"><span style=\"color: #0000ff;\">EG\u00c9SZS\u00c9GES KUTYA EG\u00c9SZS\u00c9GES B\u0150RBEN<\/span><\/h1>\n<p>&nbsp;<\/p>\n<p style=\"text-align: left;\"><img loading=\"lazy\" class=\"size-full wp-image-460 alignleft\" style=\"border-image: initial; border-width: 3px; border-color: black; border-style: solid;\" title=\"images (2)\" src=\"http:\/\/luposan.d250.hu\/wp-content\/uploads\/2012\/02\/images-2.jpg\" alt=\"\" width=\"144\" height=\"98\" \/><strong>Kedves kutyabar\u00e1t!<\/strong> A helytelen t\u00e1pl\u00e1l\u00e1s, p\u00e9ld\u00e1ul a feh\u00e9rje t\u00faletet\u00e9s \u00e9s az ebb\u0151l ad\u00f3d\u00f3 anyagcserezavar k\u00e1ros hat\u00e1sa el\u0151sz\u00f6r a kutya sz\u0151r\u00e9n \u00e9s b\u0151r\u00e9n jelentkezik.\u00a0Lehet, hogy a bunda m\u00e9g nem v\u00e1lt matt\u00e1, t\u00f6redez\u0151v\u00e9, de az \u201e\u00e1tlagos\u201d takarm\u00e1ny gyakran id\u00e9zi el\u0151, hogy kuty\u00e1ja bolh\u00e1s lesz, vagy kullancsokat illetve m\u00e1s ektoparazit\u00e1kat (k\u00fcls\u0151 \u00e9l\u0151sk\u00f6d\u0151ket) szed \u00f6ssze.<\/p>\n<p>\u00a0Er\u0151s\u00edtse kuty\u00e1ja v\u00e9dekez\u0151 rendszer\u00e9t LUPOSAN ZECKWEG-gel!\u00a0<span style=\"text-align: justify;\">Ell\u00e1tja a b\u0151rt a\u00a0sz\u00fcks\u00e9ges t\u00e1panyagokkal \u00e9s serkenti az anyagcser\u00e9t. A kataliz\u00e1l\u00f3 hat\u00e1s hozz\u00e1j\u00e1rul a salaktalan\u00edt\u00e1shoz,\u00a0<\/span><strong style=\"text-align: justify;\"><span style=\"text-decoration: underline;\">cs\u00f6kkenti a kutyaszagot,<\/span><\/strong><span style=\"text-align: justify;\"> \u00e9s pozit\u00edv hat\u00e1ssal van az \u00e1llat k\u00f6z\u00e9rzet\u00e9re.<\/span><\/p>\n<p>&nbsp;<\/p>\n<h3 style=\"text-align: justify;\"><img loading=\"lazy\" class=\"size-full wp-image-481 alignright\" title=\"images (3)\" src=\"http:\/\/luposan.d250.hu\/wp-content\/uploads\/2012\/02\/images-31.jpg\" alt=\"\" width=\"287\" height=\"154\" \/><span style=\"text-align: justify;\">A nemk\u00edv\u00e1natos vend\u00e9gek nem \u00e9rzik magukat j\u00f3l, mert:\u00a0<\/span><strong style=\"text-align: justify;\">a legjobb v\u00e9delem<\/strong><span style=\"text-align: justify;\"> a parazita-t\u00e1mad\u00e1s ellen az eg\u00e9szs\u00e9ges kutya eg\u00e9szs\u00e9ges b\u0151rben! <\/span><\/h3>\n<h3 style=\"text-align: justify;\"><span style=\"text-align: justify;\">Ez\u00e9rt: <\/span><span style=\"color: #0000ff;\"><strong>LUPOSAN ZECKWEG!<\/strong><\/span><\/h3>\n<div><span style=\"font-weight: 800;\"><br \/>\n<\/span><\/div>\n<h1 style=\"text-align: center;\"><\/h1>\n<p>&nbsp;<\/p>\n<h1 style=\"text-align: center;\"><span style=\"color: #993300;\">Tart\u00f3zkodjon az er\u0151s k\u00e9miai anyagokt\u00f3l, melyek a hagyom\u00e1nyos kullancs- \u00e9s bolhariaszt\u00f3 szerekben haszn\u00e1latosak. Az ezekben gyakran el\u0151fordul\u00f3 m\u00e9rgez\u0151 anyagok a k\u00f6zponti idegrendszer \u00e9s a bels\u0151 szervek s\u00falyos k\u00e1rosod\u00e1s\u00e1t okozhatj\u00e1k!<\/span><\/h1>\n<p style=\"text-align: center;\"><strong><br \/>\nK\u00e9miai beavatkoz\u00e1s helyett, term\u00e9szetes v\u00e9dekez\u00e9st!<\/strong><\/p>\n<h4 align=\"center\"><strong>TAKARM\u00c1NYKIEG\u00c9SZ\u00cdT\u0150<\/strong><strong> KUTY\u00c1KNAK<\/strong><\/h4>\n<p>&nbsp;<\/p>\n<p>&nbsp;<\/p>\n<h4><img loading=\"lazy\" class=\"alignright size-full wp-image-491\" title=\"images (4)\" src=\"http:\/\/luposan.d250.hu\/wp-content\/uploads\/2012\/02\/images-41.jpg\" alt=\"\" width=\"210\" height=\"267\" \/><strong>TARTALMAZ:<\/strong><\/h4>\n<div>Savany\u00fa tejsav\u00f3, \u00e9leszt\u0151,<br \/>\nkoml\u00f3, lepkeszeg mag,<br \/>\nfokhagyma, metionin, lysin<\/p>\n<h4>\u00d6SSZET\u00c9TEL:<\/h4>\n<p>nyersfeh\u00e9rje: 25,0 %<br \/>\nzs\u00edr: 1,7 %<br \/>\nnyershamu: 8,6 %<br \/>\nrost: 1,0 %<\/p>\n<p><strong>1 KIL\u00d3GRAMMBAN VAN:\u00a0<\/strong><br \/>\nB1 vitamin: 6. 000 mg<br \/>\nB2 vitamin: 24 mg<br \/>\nB3 vitamin: 48 mg<br \/>\nCink: 250 mg<\/p>\n<\/div>\n<p>&nbsp;<\/p>\n<div><\/div>\n<div><strong>KISZEREL\u00c9SE:<\/strong> NETT\u00d3 <strong>600 g \u00e9s 1200 g\u00a0<\/strong><img loading=\"lazy\" class=\"size-medium wp-image-410 alignleft\" style=\"border-style: initial; border-color: initial;\" title=\"zeckweg2\" src=\"http:\/\/luposan.d250.hu\/wp-content\/uploads\/2012\/02\/zeckweg2-300x214.png\" alt=\"\" width=\"240\" height=\"172\" srcset=\"https:\/\/luposan.d250.hu\/luposan\/wp-content\/uploads\/2012\/02\/zeckweg2-300x214.png 300w, https:\/\/luposan.d250.hu\/luposan\/wp-content\/uploads\/2012\/02\/zeckweg2.png 490w\" sizes=\"(max-width: 240px) 100vw, 240px\" \/><\/div>\n<div><\/div>\n<p>&nbsp;<\/p>\n<div><strong>ADAGOL\u00c1S\u00a0<\/strong>m\u00e9r\u0151kan\u00e1llal: (1 m\u00e9r\u0151kan\u00e1l = 6 g)<\/div>\n<div><\/div>\n<p><strong>K\u00f6lyk\u00f6k \/ mini m\u00e9ret\u0171 fajt\u00e1k:<\/strong> 1\/2 m\u00e9r\u0151kan\u00e1l\/nap<br \/>\n<strong>Kistermet\u0171 fajt\u00e1k:<\/strong> 1 m\u00e9r\u0151kan\u00e1l\/nap<br \/>\n<strong>K\u00f6z\u00e9ptermet\u0171 fajt\u00e1k:<\/strong> 2 m\u00e9r\u0151kan\u00e1l\/nap<br \/>\n<strong>Nagytermet\u0171 fajt\u00e1k:<\/strong> 4 m\u00e9r\u0151kan\u00e1l\/nap<\/p>\n<p>&nbsp;<\/p>\n<p>&nbsp;<\/p>\n<p>Aj\u00e1nlott az adott mennyis\u00e9get naponta a t\u00e1phoz keverni. K\u00edm\u00e9letes mechanizmusa miatt, ak\u00e1r k\u00e9t h\u00e9tig is eltarthat, m\u00edg a LUPOSAN ZECKWEG a teljes hat\u00e1s\u00e1t kifejti<\/p>\n","protected":false},"excerpt":{"rendered":"<p>BIOL\u00d3GIAI HAT\u00d3ANYAG KOMPLEXUM Bolha \u00e9s kullancs elleni v\u00e9delem az eg\u00e9szs\u00e9ges b\u0151r \u00e1ltal &nbsp; Etet\u00e9se: \u00a0A javasolt napi mennyis\u00e9get a dobozban lev\u0151 m\u00e9r\u0151kan\u00e1llal kim\u00e9rve, a takarm\u00e1nyba kell keverni. Kiszerel\u00e9se:\u00a0Por alak\u00fa. A k\u00e9tf\u00e9le kiszerel\u00e9s: 600 g &amp; 1200 g nett\u00f3 mennyis\u00e9get\u00a0tartalmaz. Jelent\u0151s\u00e9ge:\u00a0term\u00e9szetes, parazita elleni v\u00e9delem &nbsp; &nbsp; EG\u00c9SZS\u00c9GES KUTYA EG\u00c9SZS\u00c9GES B\u0150RBEN &nbsp; Kedves kutyabar\u00e1t! A helytelen t\u00e1pl\u00e1l\u00e1s, &hellip; <\/p>\n<p><a class=\"more-link block-button\" href=\"https:\/\/luposan.d250.hu\/luposan\/termekek\/luposan-zeckweg\/\">Olvass tov\u00e1bb &raquo;<\/a><\/p>\n","protected":false},"author":1,"featured_media":340,"parent":7,"menu_order":3,"comment_status":"closed","ping_status":"closed","template":"","meta":[],"_links":{"self":[{"href":"https:\/\/luposan.d250.hu\/luposan\/wp-json\/wp\/v2\/pages\/23"}],"collection":[{"href":"https:\/\/luposan.d250.hu\/luposan\/wp-json\/wp\/v2\/pages"}],"about":[{"href":"https:\/\/luposan.d250.hu\/luposan\/wp-json\/wp\/v2\/types\/page"}],"author":[{"embeddable":true,"href":"https:\/\/luposan.d250.hu\/luposan\/wp-json\/wp\/v2\/users\/1"}],"replies":[{"embeddable":true,"href":"https:\/\/luposan.d250.hu\/luposan\/wp-json\/wp\/v2\/comments?post=23"}],"version-history":[{"count":59,"href":"https:\/\/luposan.d250.hu\/luposan\/wp-json\/wp\/v2\/pages\/23\/revisions"}],"predecessor-version":[{"id":361,"href":"https:\/\/luposan.d250.hu\/luposan\/wp-json\/wp\/v2\/pages\/23\/revisions\/361"}],"up":[{"embeddable":true,"href":"https:\/\/luposan.d250.hu\/luposan\/wp-json\/wp\/v2\/pages\/7"}],"wp:featuredmedia":[{"embeddable":true,"href":"https:\/\/luposan.d250.hu\/luposan\/wp-json\/wp\/v2\/media\/340"}],"wp:attachment":[{"href":"https:\/\/luposan.d250.hu\/luposan\/wp-json\/wp\/v2\/media?parent=23"}],"curies":[{"name":"wp","href":"https:\/\/api.w.org\/{rel}","templated":true}]}}