{"id":21,"date":"2012-02-10T18:09:55","date_gmt":"2012-02-10T18:09:55","guid":{"rendered":"http:\/\/luposan.d250.hu\/luposan\/?page_id=21"},"modified":"2012-02-23T22:21:02","modified_gmt":"2012-02-23T22:21:02","slug":"luposan-biomineral","status":"publish","type":"page","link":"https:\/\/luposan.d250.hu\/luposan\/termekek\/luposan-biomineral\/","title":{"rendered":"Biomineral"},"content":{"rendered":"<div>\n<h3>A\u00a0<span style=\"color: #800080;\">LUPOSAN BioMineral\u00a0<\/span>seg\u00edti az eg\u00e9szs\u00e9ges csontn\u00f6veked\u00e9st, tengeri puhatest\u0171ekb\u0151l sz\u00e1rmaz\u00f3\u00a0feh\u00e9rj\u00e9kkel (MMP)<\/h3>\n<p>&nbsp;<\/p>\n<\/div>\n<div><\/div>\n<div><\/div>\n<div id=\"contentArea\">\n<div id=\"album_pagelet\" data-referrer=\"album_pagelet\">\n<div id=\"album_metadata_pagelet\" data-referrer=\"album_metadata_pagelet\">\n<div id=\"u3me8s_27\">\u00a0<img loading=\"lazy\" class=\"alignright size-medium wp-image-546\" title=\"P1610819\" src=\"http:\/\/luposan.d250.hu\/wp-content\/uploads\/2012\/02\/P1610819-300x224.jpg\" alt=\"\" width=\"300\" height=\"224\" srcset=\"https:\/\/luposan.d250.hu\/luposan\/wp-content\/uploads\/2012\/02\/P1610819-300x224.jpg 300w, https:\/\/luposan.d250.hu\/luposan\/wp-content\/uploads\/2012\/02\/P1610819.jpg 314w\" sizes=\"(max-width: 300px) 100vw, 300px\" \/><strong>Etet\u00e9se:<\/strong>\u00a0A javasolt napi mennyis\u00e9get a dobozban lev\u0151 m\u00e9r\u0151kan\u00e1llal kim\u00e9rve, a takarm\u00e1nyba kell keverni.<\/div>\n<div><\/div>\n<div>\n<p><strong>Kiszerel\u00e9se:<\/strong>\u00a0Por alak\u00fa. A k\u00e9tf\u00e9le kiszerel\u00e9s: 600 g &amp; 1200 g nett\u00f3 mennyis\u00e9get tartalmaz.<\/p>\n<p><strong>Jelent\u0151s\u00e9ge:<\/strong>\u00a0term\u00e9szeteshez hasonl\u00f3, akt\u00edv \u00e1sv\u00e1nyianyag ell\u00e1t\u00e1s<\/p>\n<p>&nbsp;<\/p>\n<p>&nbsp;<\/p>\n<p>&nbsp;<\/p>\n<ul>\n<li>A kuty\u00e1k ide\u00e1lis \u00e1sv\u00e1nyi anyag ell\u00e1t\u00e1s\u00e1hoz, a feh\u00e9rj\u00e9ket \u00e9s az \u00e1sv\u00e1nyi anyagokat a megfelel\u0151 ar\u00e1nyban kell biztos\u00edtanunk.\u00a0Kiemelked\u0151en fontos, hogy az \u00e1sv\u00e1nyi anyagok sz\u00e1ll\u00edt\u00e1s\u00e1t v\u00e9gz\u0151 feh\u00e9rj\u00e9k lebontatlan form\u00e1ban legyenek. Ezt speci\u00e1lis elj\u00e1r\u00e1ssal; fagyasztva sz\u00e1r\u00edt\u00e1ssal \u00e9rj\u00fck el.<\/li>\n<li><strong>LUPOSAN BioMineral<\/strong>-ban benne van <strong>minden<\/strong> a term\u00e9szeteshez hasonl\u00f3 biol\u00f3giailag akt\u00edv \u00f6sszet\u00e9tel\u0171 \u00e1sv\u00e1nyi \u00e9s szerves anyag \u2013 k\u00fcl\u00f6n\u00f6s tekintettel a fagyasztva sz\u00e1r\u00edtott<strong> <\/strong>feh\u00e9rj\u00e9kre -, amelyek n\u00e9lk\u00fcl\u00f6zhetetlenek b\u00e1rmely kor\u00fa kutya <strong>csontt\u00f6meg\u00e9nek<\/strong> fel\u00e9p\u00edt\u00e9s\u00e9hez \u00e9s megtart\u00e1s\u00e1hoz.<\/li>\n<li>A <strong>LUPOSAN BioMineral <\/strong>fagyasztva sz\u00e1r\u00edtott<strong> feh\u00e9rj\u00e9i<\/strong> speci\u00e1lis \u00f6sszet\u00e9tel\u0171ek, tengeri<strong> puhatest\u0171ekb\u0151l; az \u00faj-z\u00e9landi z\u00f6ldperem\u0171 kagyl\u00f3b\u00f3l<\/strong> (Perna Canaliculus) \u00e9s borj\u00facsontb\u00f3l sz\u00e1rmaznak. Ez biztos\u00edtja, hogy a vel\u00fck biol\u00f3giai k\u00f6t\u00e9sben l\u00e9v\u0151 \u00e1sv\u00e1nyi anyagok \u2013 \u00fagy, mint kalcium, foszfor, magn\u00e9zium, n\u00e1trium stb. \u2013, a <strong>belekben azonnal felsz\u00edv\u00f3djanak<\/strong>. Ezzel biztos\u00edtj\u00e1k a szervezet sz\u00e1m\u00e1ra a csontfel\u00e9p\u00edt\u00e9shez sz\u00fcks\u00e9ges \u00e1sv\u00e1nyi anyagokat. Tov\u00e1bb\u00e1 arr\u00f3l is gondoskodnak, hogy ezek a csontokba be\u00e9p\u00fcljenek.<\/li>\n<\/ul>\n<div><\/div>\n<h3>\u00a0<img loading=\"lazy\" class=\"alignright size-full wp-image-539\" title=\"images (1)\" src=\"http:\/\/luposan.d250.hu\/wp-content\/uploads\/2012\/02\/images-1.jpg\" alt=\"\" width=\"275\" height=\"183\" \/>Biztos\u00edtja:<\/h3>\n<ul>\n<li>A szuka lehet\u0151 legjobb \u00e1sv\u00e1nyanyag ell\u00e1t\u00e1s\u00e1t a vemhess\u00e9g \u00e9s a szoptat\u00e1s alatt. Ezzel megel\u0151zhet\u0151 az \u00e1sv\u00e1nyanyag-hi\u00e1ny, ami s\u00falyos sz\u00f6v\u0151dm\u00e9nyekhez vezethet.<\/li>\n<\/ul>\n<ul>\n<li>A k\u00f6lyk\u00f6k \u00e9s fiatal kuty\u00e1k eg\u00e9szs\u00e9ges csontfejl\u0151d\u00e9s\u00e9t.<\/li>\n<li>Az \u00e1sv\u00e1nyanyag cs\u00f6kken\u00e9s \u00e9s a csontle\u00e9p\u00fcl\u00e9s megel\u0151z\u00e9s\u00e9t feln\u0151tt \u00e9s id\u0151s kuty\u00e1kn\u00e1l.<\/li>\n<\/ul>\n<p>&nbsp;<\/p>\n<p style=\"text-align: center;\" align=\"center\"><strong>Tengeri puhatest\u0171ekb\u0151l sz\u00e1rmaz\u00f3 feh\u00e9rj\u00e9kkel (MMP)<\/strong><\/p>\n<h1 style=\"text-align: center;\"><strong>El\u00e9rhet\u0151 az \u00e1sv\u00e1nyianyag-felv\u00e9tel <\/strong><strong>optimaliz\u00e1l\u00e1sa!<\/strong><\/h1>\n<p style=\"text-align: center;\" align=\"center\"><strong><span style=\"text-decoration: underline;\">\u00c1sv\u00e1nyi anyagokban gazdag \u00c9TREND-KIEG\u00c9SZ\u00cdT\u0150 kuty\u00e1knak<\/span><\/strong><\/p>\n<p><img loading=\"lazy\" class=\"alignleft size-medium wp-image-544\" title=\"Csontv\u00e1z-2\" src=\"http:\/\/luposan.d250.hu\/wp-content\/uploads\/2012\/02\/Csontv\u00e1z-2-300x157.jpg\" alt=\"\" width=\"300\" height=\"157\" srcset=\"https:\/\/luposan.d250.hu\/luposan\/wp-content\/uploads\/2012\/02\/Csontv\u00e1z-2-300x157.jpg 300w, https:\/\/luposan.d250.hu\/luposan\/wp-content\/uploads\/2012\/02\/Csontv\u00e1z-2.jpg 389w\" sizes=\"(max-width: 300px) 100vw, 300px\" \/><span style=\"text-align: left;\">A <\/span><strong style=\"text-align: left;\">LUPOSAN BioMineral<\/strong><span style=\"text-align: left;\">-ban megtal\u00e1lhat\u00f3 az \u00f6sszes \u00e1sv\u00e1nyi anyag \u00e9s nyomelem \u00e9lettanilag optim\u00e1lis \u00f6sszet\u00e9telben.<\/span>A <strong>LUPOSAN BioMineral <\/strong>garant\u00e1ltan <strong>mentes az anorganikus <\/strong>(szervetlen)<strong> \u00e1sv\u00e1nyi anyagokt\u00f3l<\/strong>, mint pl. a takarm\u00e1nym\u00e9sz, ami a rossz felsz\u00edv\u00f3d\u00e1sa miatt k\u00fcl\u00f6nb\u00f6z\u0151 zavarokat okozhat.<\/p>\n<p><img loading=\"lazy\" class=\"alignleft size-medium wp-image-543\" title=\"beinagrind\" src=\"http:\/\/luposan.d250.hu\/wp-content\/uploads\/2012\/02\/beinagrind-300x223.jpg\" alt=\"\" width=\"300\" height=\"223\" srcset=\"https:\/\/luposan.d250.hu\/luposan\/wp-content\/uploads\/2012\/02\/beinagrind-300x223.jpg 300w, https:\/\/luposan.d250.hu\/luposan\/wp-content\/uploads\/2012\/02\/beinagrind.jpg 600w\" sizes=\"(max-width: 300px) 100vw, 300px\" \/>A <strong>LUPOSAN BioMineral<\/strong> hidegen sajtolt napraforg\u00f3olajat is tartalmaz, ami biztos\u00edtja a zs\u00edrban old\u00f3d\u00f3 vitaminok felsz\u00edv\u00f3d\u00e1s\u00e1t<\/p>\n<p><strong>Sz\u00e1nd\u00e9kosan kihagytuk az<\/strong> <strong>A \u00e9s D vitamint<\/strong>, mert ezeket a legt\u00f6bb kutyat\u00e1p elegend\u0151 mennyis\u00e9gben tartalmazza. A vitamin-t\u00faladagol\u00e1s kr\u00f3nikus ill. szubkr\u00f3nikus vitaminm\u00e9rgez\u00e9shez, anyagcserezavarokhoz, visszaford\u00edthatatlan k\u00e1rosod\u00e1sokhoz vezetne.<\/p>\n<p>&nbsp;<\/p>\n<p>&nbsp;<\/p>\n<p><strong>\u00d6sszet\u00e9tel:<\/strong>\u00a0Borj\u00facsontliszt, fagyasztva sz\u00e1r\u00edtott feh\u00e9rj\u00e9k tengeri puhatest\u0171ekb\u0151l: (<strong>10%<\/strong> <strong>Perna Canaliculus<\/strong>), fagyasztva sz\u00e1r\u00edtott borj\u00facsont-feh\u00e9rje, hidegen sajtolt napraforg\u00f3olaj, kovaf\u00f6ld<\/p>\n<p>&nbsp;<\/p>\n<p>&nbsp;<\/p>\n<p><img loading=\"lazy\" class=\"alignright size-medium wp-image-398\" title=\"biomineral\" src=\"http:\/\/luposan.d250.hu\/wp-content\/uploads\/2012\/02\/biomineral3-300x214.png\" alt=\"\" width=\"240\" height=\"172\" srcset=\"https:\/\/luposan.d250.hu\/luposan\/wp-content\/uploads\/2012\/02\/biomineral3-300x214.png 300w, https:\/\/luposan.d250.hu\/luposan\/wp-content\/uploads\/2012\/02\/biomineral3.png 490w\" sizes=\"(max-width: 240px) 100vw, 240px\" \/><strong>T<\/strong><strong>artalmaz:\u00a0<\/strong><\/p>\n<div><strong><\/strong><strong><\/strong>16,5 % feh\u00e9rje*\u00b7<\/div>\n<div>7,5 % zs\u00edr<\/div>\n<div>1,1 % rost<\/div>\n<div>60,0\u00a0 % salakanyag<\/div>\n<div>20,0\u00a0\u00a0 % kalcium<\/div>\n<div>10,0\u00a0\u00a0 % foszfor<\/div>\n<div>0,45 % magn\u00e9zium<\/div>\n<div>100 mg cink \/kg<\/div>\n<div>20 mg fluor \/kg<\/div>\n<div>*fagyasztva sz\u00e1r\u00edtott form\u00e1ban<\/div>\n<div><\/div>\n<p><strong>Adagol\u00e1s **:<\/strong><\/p>\n<div>K\u00f6ly\u00f6k 2 h\u00f3napos korig: 1,50 g\/tests\u00faly kg<\/div>\n<div>Fiatal kuty\u00e1k 2-6 h\u00f3napos korig: 1,30 g\/tests\u00faly kg<\/div>\n<div>Fiatal kuty\u00e1k 6-9 h\u00f3napos korig: 1,00 g\/tests\u00faly kg<\/div>\n<div>Fiatal kuty\u00e1k 9 h\u00f3napos kor felett: 0,75 g\/tests\u00faly kg<\/div>\n<div>Vemhes \u00e9s szoptat\u00f3 szuk\u00e1k: 1,00 g\/tests\u00faly kg<\/div>\n<div>Feln\u0151tt kuty\u00e1k: 0,75 g\/tests\u00faly kg<\/div>\n<div>Id\u0151sebb kuty\u00e1k: \u00a00,50 g\/tests\u00faly kg<\/div>\n<h6>**(1 m\u00e9r\u0151kan\u00e1l = 6,0\u00a0 g)<\/h6>\n<p>&nbsp;<\/p>\n<p><img loading=\"lazy\" class=\"alignright size-medium wp-image-540\" title=\"DSC00025\" src=\"http:\/\/luposan.d250.hu\/wp-content\/uploads\/2012\/02\/DSC00025-225x300.jpg\" alt=\"\" width=\"225\" height=\"300\" srcset=\"https:\/\/luposan.d250.hu\/luposan\/wp-content\/uploads\/2012\/02\/DSC00025-225x300.jpg 225w, https:\/\/luposan.d250.hu\/luposan\/wp-content\/uploads\/2012\/02\/DSC00025.jpg 319w\" sizes=\"(max-width: 225px) 100vw, 225px\" \/><\/p>\n<ul>\n<li>A <strong>LUPOSAN BioMineralt <\/strong>kifejezetten arra a c\u00e9lra fejlesztett\u00e9k ki, hogy b\u00e1rmely kor\u00fa kutya csontn\u00f6veked\u00e9s\u00e9nek \u00e9s csontt\u00f6meg\u00e9nek megtart\u00e1s\u00e1hoz sz\u00fcks\u00e9ges \u00e1sv\u00e1nyianyag-ell\u00e1t\u00e1s\u00e1t biztos\u00edtsa. Benne van minden \u00e1sv\u00e1nyi \u00e9s szerves anyag, k\u00fcl\u00f6n\u00f6s tekintettel a fagyasztva sz\u00e1r\u00edtott<strong> <\/strong>feh\u00e9rj\u00e9kre, amelyek k\u00fcl\u00f6n\u00f6sen fontosak az \u00e1sv\u00e1nyi anyagok felsz\u00edv\u00f3d\u00e1s\u00e1ban.<\/li>\n<li><strong>LUPOSAN BioMineral<\/strong> seg\u00edti a kutyak\u00f6lyk\u00f6k \u00e9s fiatal kuty\u00e1k eg\u00e9szs\u00e9ges csontn\u00f6veked\u00e9s\u00e9t<\/li>\n<li><strong>LUPOSAN BioMineral<\/strong> fedezi a vemhes \u00e9s szoptat\u00f3 szuk\u00e1k fokozott \u00e1sv\u00e1nyi anyag ig\u00e9ny\u00e9t<\/li>\n<li><strong>LUPOSAN BioMineral<\/strong> ide\u00e1lis a feln\u0151tt \u00e9s id\u0151s\u00f6d\u0151 kuty\u00e1k csontle\u00e9p\u00fcl\u00e9s\u00e9nek megel\u0151z\u00e9s\u00e9hez<\/li>\n<\/ul>\n<\/div>\n<div><\/div>\n<\/div>\n<\/div>\n<\/div>\n","protected":false},"excerpt":{"rendered":"<p>A\u00a0LUPOSAN BioMineral\u00a0seg\u00edti az eg\u00e9szs\u00e9ges csontn\u00f6veked\u00e9st, tengeri puhatest\u0171ekb\u0151l sz\u00e1rmaz\u00f3\u00a0feh\u00e9rj\u00e9kkel (MMP) &nbsp; \u00a0Etet\u00e9se:\u00a0A javasolt napi mennyis\u00e9get a dobozban lev\u0151 m\u00e9r\u0151kan\u00e1llal kim\u00e9rve, a takarm\u00e1nyba kell keverni. Kiszerel\u00e9se:\u00a0Por alak\u00fa. A k\u00e9tf\u00e9le kiszerel\u00e9s: 600 g &amp; 1200 g nett\u00f3 mennyis\u00e9get tartalmaz. Jelent\u0151s\u00e9ge:\u00a0term\u00e9szeteshez hasonl\u00f3, akt\u00edv \u00e1sv\u00e1nyianyag ell\u00e1t\u00e1s &nbsp; &nbsp; &nbsp; A kuty\u00e1k ide\u00e1lis \u00e1sv\u00e1nyi anyag ell\u00e1t\u00e1s\u00e1hoz, a feh\u00e9rj\u00e9ket \u00e9s az \u00e1sv\u00e1nyi &hellip; <\/p>\n<p><a class=\"more-link block-button\" href=\"https:\/\/luposan.d250.hu\/luposan\/termekek\/luposan-biomineral\/\">Olvass tov\u00e1bb &raquo;<\/a><\/p>\n","protected":false},"author":1,"featured_media":316,"parent":7,"menu_order":2,"comment_status":"closed","ping_status":"closed","template":"","meta":[],"_links":{"self":[{"href":"https:\/\/luposan.d250.hu\/luposan\/wp-json\/wp\/v2\/pages\/21"}],"collection":[{"href":"https:\/\/luposan.d250.hu\/luposan\/wp-json\/wp\/v2\/pages"}],"about":[{"href":"https:\/\/luposan.d250.hu\/luposan\/wp-json\/wp\/v2\/types\/page"}],"author":[{"embeddable":true,"href":"https:\/\/luposan.d250.hu\/luposan\/wp-json\/wp\/v2\/users\/1"}],"replies":[{"embeddable":true,"href":"https:\/\/luposan.d250.hu\/luposan\/wp-json\/wp\/v2\/comments?post=21"}],"version-history":[{"count":33,"href":"https:\/\/luposan.d250.hu\/luposan\/wp-json\/wp\/v2\/pages\/21\/revisions"}],"predecessor-version":[{"id":356,"href":"https:\/\/luposan.d250.hu\/luposan\/wp-json\/wp\/v2\/pages\/21\/revisions\/356"}],"up":[{"embeddable":true,"href":"https:\/\/luposan.d250.hu\/luposan\/wp-json\/wp\/v2\/pages\/7"}],"wp:featuredmedia":[{"embeddable":true,"href":"https:\/\/luposan.d250.hu\/luposan\/wp-json\/wp\/v2\/media\/316"}],"wp:attachment":[{"href":"https:\/\/luposan.d250.hu\/luposan\/wp-json\/wp\/v2\/media?parent=21"}],"curies":[{"name":"wp","href":"https:\/\/api.w.org\/{rel}","templated":true}]}}