{"id":196,"date":"2012-02-11T13:07:13","date_gmt":"2012-02-11T13:07:13","guid":{"rendered":"http:\/\/luposan.d250.hu\/luposan\/?page_id=196"},"modified":"2012-08-02T14:20:06","modified_gmt":"2012-08-02T14:20:06","slug":"arlista","status":"publish","type":"page","link":"https:\/\/luposan.d250.hu\/luposan\/arlista\/","title":{"rendered":"\u00c1rlista"},"content":{"rendered":"<p style=\"text-align: center;\">Serpico Bt viszontelad\u00f3i \u00e1rlista<\/p>\n<p align=\"center\"><strong>\u00c9rv\u00e9nyes: 2012 augusztus 1-t\u0151l<\/strong><\/p>\n<p align=\"center\">A nagykereskedelmi \u00e1r 1 karton feletti megrendel\u00e9s eset\u00e9n \u00e9rtend\u0151.<\/p>\n<p align=\"center\"><strong><span style=\"text-decoration: underline;\">\u00a0<\/span><\/strong><\/p>\n<table width=\"431\" border=\"1\" cellspacing=\"0\" cellpadding=\"0\" align=\"left\">\n<tbody>\n<tr>\n<td valign=\"top\" width=\"218\">TERM\u00c9K<\/td>\n<td valign=\"top\" width=\"100\">KISZEREL\u00c9S<\/td>\n<td valign=\"top\" width=\"57\">Nagyker. \u00e1r\u00a0(brutt\u00f3)*<\/td>\n<td style=\"text-align: center;\" valign=\"top\" width=\"57\">Fogy. \u00c1r<\/td>\n<\/tr>\n<tr>\n<td valign=\"top\" width=\"218\"><\/td>\n<td valign=\"top\" width=\"100\"><\/td>\n<td width=\"57\"><\/td>\n<td valign=\"top\" width=\"57\"><\/td>\n<\/tr>\n<tr>\n<td width=\"218\"><a title=\"Gelenkkraft\" href=\"http:\/\/luposan.d250.hu\/luposan\/termekek\/luposan-gelenkkraft\/\">LUPOSAN Gelenkkraft Original<\/a><\/td>\n<td width=\"100\">1200gr<\/td>\n<td width=\"57\">\n<p align=\"right\">12\u00a0060.-<\/p>\n<\/td>\n<td width=\"57\">\n<p align=\"right\">12\u00a0900.-<\/p>\n<\/td>\n<\/tr>\n<tr>\n<td width=\"218\"><a title=\"Gelenkkraft\" href=\"http:\/\/luposan.d250.hu\/luposan\/termekek\/luposan-gelenkkraft\/\">LUPOSAN Gelenkkraft Original<\/a><\/td>\n<td width=\"100\">600gr<\/td>\n<td width=\"57\">\n<p align=\"right\">8\u00a0340.-<\/p>\n<\/td>\n<td width=\"57\">\n<p align=\"right\">8\u00a0920.-<\/p>\n<\/td>\n<\/tr>\n<tr>\n<td width=\"218\"><a title=\"Gelenkkraft\" href=\"http:\/\/luposan.d250.hu\/luposan\/termekek\/luposan-gelenkkraft\/\">LUPOSAN Gelenkkraft Pellets<\/a><\/td>\n<td width=\"100\">675gr<\/td>\n<td width=\"57\">\n<p align=\"right\">8\u00a0360.-<\/p>\n<\/td>\n<td width=\"57\">\n<p align=\"right\">8\u00a0900.-<\/p>\n<\/td>\n<\/tr>\n<tr>\n<td width=\"218\"><a title=\"Gelenkkraft\" href=\"http:\/\/luposan.d250.hu\/luposan\/termekek\/luposan-gelenkkraft\/\">LUPOSAN Gelenkkraft Pellets<\/a><\/td>\n<td width=\"100\">1350gr<\/td>\n<td width=\"57\">\n<p align=\"right\">13\u00a0995.-<\/p>\n<\/td>\n<td width=\"57\">\n<p align=\"right\">14\u00a0970.-<\/p>\n<\/td>\n<\/tr>\n<tr>\n<td width=\"218\"><a title=\"Gelenkkraft\" href=\"http:\/\/luposan.d250.hu\/luposan\/termekek\/luposan-gelenkkraft\/\">LUPOSAN Gelenkkraft Tabletta<\/a><\/td>\n<td width=\"100\">60db\/125gr<\/td>\n<td width=\"57\">\n<p align=\"right\">5\u00a0580.-<\/p>\n<\/td>\n<td width=\"57\">\n<p align=\"right\">5\u00a0970.-<\/p>\n<\/td>\n<\/tr>\n<tr>\n<td width=\"218\"><a title=\"Gelenkkraft\" href=\"http:\/\/luposan.d250.hu\/luposan\/termekek\/luposan-gelenkkraft\/\">LUPOSAN Gelenkkraft Tabletta<\/a><\/td>\n<td width=\"100\">200db\/400gr<\/td>\n<td width=\"57\">\n<p align=\"right\">13\u00a0995.-<\/p>\n<\/td>\n<td width=\"57\">\n<p align=\"right\">14\u00a0970.-<\/p>\n<\/td>\n<\/tr>\n<tr>\n<td width=\"218\"><a title=\"Gelenkkraft\" href=\"http:\/\/luposan.d250.hu\/luposan\/termekek\/luposan-gelenkkraft\/\">LUPOSAN Gelenkkraft Katze Por<\/a><\/td>\n<td width=\"100\">300gr<\/td>\n<td width=\"57\">\n<p align=\"right\">11\u00a0190.-<\/p>\n<\/td>\n<td width=\"57\">\n<p align=\"right\">11\u00a0970.-<\/p>\n<\/td>\n<\/tr>\n<tr>\n<td width=\"218\"><a title=\"Zeckweg\" href=\"http:\/\/luposan.d250.hu\/luposan\/termekek\/luposan-zeckweg\/\">LUPOSAN Zeckweg<\/a><\/td>\n<td width=\"100\">1200gr<\/td>\n<td width=\"57\">\n<p align=\"right\">10\u00a0700.-<\/p>\n<\/td>\n<td width=\"57\">\n<p align=\"right\">11\u00a0450.-<\/p>\n<\/td>\n<\/tr>\n<tr>\n<td width=\"218\"><a title=\"Zeckweg\" href=\"http:\/\/luposan.d250.hu\/luposan\/termekek\/luposan-zeckweg\/\">LUPOSAN Zeckweg<\/a><\/td>\n<td width=\"100\">600gr<\/td>\n<td width=\"57\">\n<p align=\"right\">6\u00a0720.-<\/p>\n<\/td>\n<td width=\"57\">\n<p align=\"right\">7\u00a0190.-<\/p>\n<\/td>\n<\/tr>\n<tr>\n<td width=\"218\"><a title=\"Biomineral\" href=\"http:\/\/luposan.d250.hu\/luposan\/termekek\/luposan-biomineral\/\">LUPOSAN BioMineral<\/a><\/td>\n<td width=\"100\">1200gr<\/td>\n<td width=\"57\">\n<p align=\"right\">11\u00a0210.-<\/p>\n<\/td>\n<td width=\"57\">\n<p align=\"right\">11\u00a0990.-<\/p>\n<\/td>\n<\/tr>\n<tr>\n<td width=\"218\"><a title=\"Biomineral\" href=\"http:\/\/luposan.d250.hu\/luposan\/termekek\/luposan-biomineral\/\">LUPOSAN BioMineral<\/a><\/td>\n<td width=\"100\">600gr<\/td>\n<td width=\"57\">\n<p align=\"right\">7\u00a0825.-<\/p>\n<\/td>\n<td width=\"57\">\n<p align=\"right\">8\u00a0370.-<\/p>\n<\/td>\n<\/tr>\n<tr>\n<td width=\"218\"><a title=\"Lupoderm + Lecitin\" href=\"http:\/\/luposan.d250.hu\/luposan\/termekek\/luposan-lupoderm-lecitin\/\">LupoDerm Haut&amp;Haarkur<\/a><\/td>\n<td width=\"100\">250ml<\/td>\n<td width=\"57\">\n<p align=\"right\">4\u00a0460.-<\/p>\n<\/td>\n<td width=\"57\">\n<p align=\"right\">4\u00a0800.-<\/p>\n<\/td>\n<\/tr>\n<tr>\n<td width=\"218\"><a title=\"Lupoderm + Lecitin\" href=\"http:\/\/luposan.d250.hu\/luposan\/termekek\/luposan-lupoderm-lecitin\/\">LupoDerm Haut&amp;Haarkur<\/a><\/td>\n<td width=\"100\">500ml<\/td>\n<td width=\"57\">\n<p align=\"right\">8\u00a0130.-<\/p>\n<\/td>\n<td width=\"57\">\n<p align=\"right\">8\u00a0700.-<\/p>\n<\/td>\n<\/tr>\n<tr>\n<td width=\"218\"><a title=\"Lupoderm + Lecitin\" href=\"http:\/\/luposan.d250.hu\/luposan\/termekek\/luposan-lupoderm-lecitin\/\">LupoDerm Haut&amp;Haarkur<\/a><\/td>\n<td width=\"100\">1000ml<\/td>\n<td width=\"57\">\n<p align=\"right\">12\u00a0340.-<\/p>\n<\/td>\n<td width=\"57\">\n<p align=\"right\">13\u00a0200.-<\/p>\n<\/td>\n<\/tr>\n<tr>\n<td width=\"218\"><a title=\"Lupoderm + Lecitin\" href=\"http:\/\/luposan.d250.hu\/luposan\/termekek\/luposan-lupoderm-lecitin\/\">LupoDerm Haut&amp;Haarkur<\/a><\/td>\n<td width=\"100\">5000ml<\/td>\n<td width=\"57\">\n<p align=\"right\">39\u00a0260.-<\/p>\n<\/td>\n<td width=\"57\">\n<p align=\"right\">41\u00a0990.-<\/p>\n<\/td>\n<\/tr>\n<tr>\n<td width=\"218\"><a title=\"Lachs\u00f6l (Salmon oil)\" href=\"http:\/\/luposan.d250.hu\/luposan\/termekek\/luposan-lachsol-salmon-oil\/\">LUPOSAN Lachs\u00f6l<\/a><\/td>\n<td width=\"100\">250ml<\/td>\n<td width=\"57\">\n<p align=\"right\">2\u00a0800.-<\/p>\n<\/td>\n<td width=\"57\">\n<p align=\"right\">2\u00a0990.-<\/p>\n<\/td>\n<\/tr>\n<tr>\n<td width=\"218\"><a title=\"Lachs\u00f6l (Salmon oil)\" href=\"http:\/\/luposan.d250.hu\/luposan\/termekek\/luposan-lachsol-salmon-oil\/\">LUPOSAN Lachs\u00f6l<\/a><\/td>\n<td width=\"100\">500ml<\/td>\n<td width=\"57\">\n<p align=\"right\">4\u00a0205.-<\/p>\n<\/td>\n<td width=\"57\">\n<p align=\"right\">4\u00a0500.-<\/p>\n<\/td>\n<\/tr>\n<tr>\n<td width=\"218\"><a title=\"Lachs\u00f6l (Salmon oil)\" href=\"http:\/\/luposan.d250.hu\/luposan\/termekek\/luposan-lachsol-salmon-oil\/\">LUPOSAN Lachs\u00f6l<\/a><\/td>\n<td width=\"100\">1000ml<\/td>\n<td width=\"57\">\n<p align=\"right\">5\u00a0610.-<\/p>\n<\/td>\n<td width=\"57\">\n<p align=\"right\">6 000.-<\/p>\n<\/td>\n<\/tr>\n<tr>\n<td width=\"218\"><a title=\"Biotin\" href=\"http:\/\/luposan.d250.hu\/luposan\/termekek\/luposan-biotin\/\">LUPOSAN Biotin Tabletta<\/a><\/td>\n<td width=\"100\">130db\/150gr<\/td>\n<td width=\"57\">\n<p align=\"right\">3\u00a0645.-<\/p>\n<\/td>\n<td width=\"57\">\n<p align=\"right\">3\u00a0900.-<\/p>\n<\/td>\n<\/tr>\n<tr>\n<td width=\"218\"><a title=\"Kr\u00e4uterkraft 30\" href=\"http:\/\/luposan.d250.hu\/luposan\/termekek\/luposan-krauterkraft\/\">LUPOSAN KrauterKraft 30 Por<\/a><\/td>\n<td width=\"100\">500gr<\/td>\n<td width=\"57\">\n<p align=\"right\">4\u00a0205.-<\/p>\n<\/td>\n<td width=\"57\">\n<p align=\"right\">4\u00a0500.-<\/p>\n<\/td>\n<\/tr>\n<tr>\n<td width=\"218\"><a title=\"Kr\u00e4uterkraft 30\" href=\"http:\/\/luposan.d250.hu\/luposan\/termekek\/luposan-krauterkraft\/\">LUPOSAN KrauterKraft 30 Por<\/a><\/td>\n<td width=\"100\">1000gr<\/td>\n<td width=\"57\">\n<p align=\"right\">7\u00a0230.-<\/p>\n<\/td>\n<td width=\"57\">\n<p align=\"right\">7\u00a0730.-<\/p>\n<\/td>\n<\/tr>\n<tr>\n<td width=\"218\"><a title=\"Kr\u00e4uterkraft 30\" href=\"http:\/\/luposan.d250.hu\/luposan\/termekek\/luposan-krauterkraft\/\">LUPOSAN KrauterKraft 30 Tabletta<\/a><\/td>\n<td width=\"100\">400gr<\/td>\n<td width=\"57\">\n<p align=\"right\">6\u00a0730.-<\/p>\n<\/td>\n<td width=\"57\">\n<p align=\"right\">7\u00a0200.-<\/p>\n<\/td>\n<\/tr>\n<tr>\n<td width=\"218\">LUPOSAN Schnellschlank<\/td>\n<td width=\"100\">1200gr<\/td>\n<td width=\"57\">\n<p align=\"right\">9\u00a0255.-<\/p>\n<\/td>\n<td width=\"57\">\n<p align=\"right\">9\u00a0900.-<\/p>\n<\/td>\n<\/tr>\n<tr>\n<td width=\"218\">LUPOSAN Moorliquid<\/td>\n<td width=\"100\">500gr<\/td>\n<td width=\"57\">\n<p align=\"right\">5\u00a0130.-<\/p>\n<\/td>\n<td width=\"57\">\n<p align=\"right\">5\u00a0490.-<\/p>\n<\/td>\n<\/tr>\n<tr>\n<td width=\"218\">LUPOSAN Moorliquid<\/td>\n<td width=\"100\">1000gr<\/td>\n<td width=\"57\">\n<p align=\"right\">7\u00a0290.-<\/p>\n<\/td>\n<td width=\"57\">\n<p align=\"right\">7\u00a0800.-<\/p>\n<\/td>\n<\/tr>\n<tr>\n<td width=\"218\">Markus M\u00fchle Neturnahhundefutter<\/td>\n<td width=\"100\">1,5kg<\/td>\n<td width=\"57\">\n<p align=\"right\">1\u00a0965.-<\/p>\n<\/td>\n<td width=\"57\">\n<p align=\"right\">2\u00a0100.-<\/p>\n<\/td>\n<\/tr>\n<tr>\n<td width=\"218\">Markus M\u00fchle Neturnahhundefutter<\/td>\n<td width=\"100\">5kg<\/td>\n<td width=\"57\">\n<p align=\"right\">4\u00a0440.-<\/p>\n<\/td>\n<td width=\"57\">\n<p align=\"right\">4\u00a0750.-<\/p>\n<\/td>\n<\/tr>\n<tr>\n<td width=\"218\">Markus M\u00fchle Neturnahhundefutter<\/td>\n<td width=\"100\">15kg<\/td>\n<td width=\"57\">\n<p align=\"right\">13\u00a0060.-<\/p>\n<\/td>\n<td width=\"57\">\n<p align=\"right\">13\u00a0970.-<\/p>\n<\/td>\n<\/tr>\n<\/tbody>\n<\/table>\n<p><code><\/code> \u00a0 \u00a0 \u00a0 \u00a0 \u00a0 \u00a0 \u00a0 \u00a0 \u00a0 \u00a0 \u00a0 \u00a0 *1 karton 6db term\u00e9ket tartalmaz! T\u00e1pok eset\u00e9ben a rendelt mennyis\u00e9g zs\u00e1kban \u00e9rtend\u0151.<\/p>\n","protected":false},"excerpt":{"rendered":"<p>Serpico Bt viszontelad\u00f3i \u00e1rlista \u00c9rv\u00e9nyes: 2012 augusztus 1-t\u0151l A nagykereskedelmi \u00e1r 1 karton feletti megrendel\u00e9s eset\u00e9n \u00e9rtend\u0151. \u00a0 TERM\u00c9K KISZEREL\u00c9S Nagyker. \u00e1r\u00a0(brutt\u00f3)* Fogy. \u00c1r LUPOSAN Gelenkkraft Original 1200gr 12\u00a0060.- 12\u00a0900.- LUPOSAN Gelenkkraft Original 600gr 8\u00a0340.- 8\u00a0920.- LUPOSAN Gelenkkraft Pellets 675gr 8\u00a0360.- 8\u00a0900.- LUPOSAN Gelenkkraft Pellets 1350gr 13\u00a0995.- 14\u00a0970.- LUPOSAN Gelenkkraft Tabletta 60db\/125gr 5\u00a0580.- 5\u00a0970.- LUPOSAN &hellip; <\/p>\n<p><a class=\"more-link block-button\" href=\"https:\/\/luposan.d250.hu\/luposan\/arlista\/\">Olvass tov\u00e1bb &raquo;<\/a><\/p>\n","protected":false},"author":1,"featured_media":0,"parent":0,"menu_order":0,"comment_status":"closed","ping_status":"closed","template":"","meta":[],"_links":{"self":[{"href":"https:\/\/luposan.d250.hu\/luposan\/wp-json\/wp\/v2\/pages\/196"}],"collection":[{"href":"https:\/\/luposan.d250.hu\/luposan\/wp-json\/wp\/v2\/pages"}],"about":[{"href":"https:\/\/luposan.d250.hu\/luposan\/wp-json\/wp\/v2\/types\/page"}],"author":[{"embeddable":true,"href":"https:\/\/luposan.d250.hu\/luposan\/wp-json\/wp\/v2\/users\/1"}],"replies":[{"embeddable":true,"href":"https:\/\/luposan.d250.hu\/luposan\/wp-json\/wp\/v2\/comments?post=196"}],"version-history":[{"count":18,"href":"https:\/\/luposan.d250.hu\/luposan\/wp-json\/wp\/v2\/pages\/196\/revisions"}],"predecessor-version":[{"id":296,"href":"https:\/\/luposan.d250.hu\/luposan\/wp-json\/wp\/v2\/pages\/196\/revisions\/296"}],"wp:attachment":[{"href":"https:\/\/luposan.d250.hu\/luposan\/wp-json\/wp\/v2\/media?parent=196"}],"curies":[{"name":"wp","href":"https:\/\/api.w.org\/{rel}","templated":true}]}}