{"id":19,"date":"2012-02-10T18:08:44","date_gmt":"2012-02-10T18:08:44","guid":{"rendered":"http:\/\/luposan.d250.hu\/luposan\/?page_id=19"},"modified":"2013-11-12T13:19:05","modified_gmt":"2013-11-12T13:19:05","slug":"luposan-gelenkkraft","status":"publish","type":"page","link":"https:\/\/luposan.d250.hu\/luposan\/termekek\/luposan-gelenkkraft\/","title":{"rendered":"Gelenkkraft"},"content":{"rendered":"<h2 style=\"text-align: center;\"><strong>J\u00d3 FORM\u00c1BAN AZ EG\u00c9SZS\u00c9GES K\u00d6T\u0150SZ\u00d6VET MIATT<\/strong><strong> <\/strong><\/h2>\n<p style=\"text-align: justify;\">\u00a0<img loading=\"lazy\" class=\"alignright size-full wp-image-514\" title=\"images\" alt=\"\" src=\"http:\/\/luposan.d250.hu\/wp-content\/uploads\/2012\/02\/images.png\" width=\"268\" height=\"188\" \/>Teny\u00e9szt\u00e9si \u00e9s tart\u00e1si t\u00e9nyez\u0151k gyakran vezetnek a k\u00f6t\u0151sz\u00f6veti elemek, mint p\u00e9ld\u00e1ul a szalagok, inak, synovium (iz\u00fcleti ken\u0151anyag), iz\u00fcleti tokok\u00a0iz\u00fcleti \u00e9s f\u00fclkagyl\u00f3porcok degener\u00e1ci\u00f3j\u00e1hoz.\u00a0A k\u00f6t\u0151sz\u00f6veti elemek biok\u00e9miai egyens\u00faly\u00e1ban t\u00e1madt zavar, valamint a mozg\u00e1sszerv-rendszer terhelhet\u0151s\u00e9g\u00e9nek besz\u0171k\u00fcl\u00e9se, amit p\u00e9ld\u00e1ul a sz\u00f6vetek t\u00e1panyagell\u00e1t\u00e1s\u00e1nak zavara okozhat gyakran iz\u00fcleti f\u00e1jdalomhoz, iz\u00fcleti r\u00e9szek pusztul\u00e1s\u00e1hoz, \u00e9s v\u00e9g\u00fcl arthrosishoz vezetnek.<\/p>\n<p>M\u00e1r k\u00f6ly\u00f6k korban \u00e9s fiatal kuty\u00e1kon is mutatkozhatnak a f\u00e1jdalom \u00e9s a mozg\u00e1sbesz\u0171k\u00fcl\u00e9s jelei. A term\u00e9szetes \u00f6sszetev\u0151k egy\u00fctthat\u00e1sa miatt a szervezet kiv\u00e1l\u00f3an hasznos\u00edtja a <strong>LUPOSAN GELENKKRAFT<\/strong>-ot. \u00a0 <img loading=\"lazy\" class=\"alignleft size-full wp-image-518\" title=\"\u00f6reg\" alt=\"\" src=\"http:\/\/luposan.d250.hu\/wp-content\/uploads\/2012\/02\/\u00f6reg.jpg\" width=\"144\" height=\"110\" \/> Ez biztos\u00edtja:<\/p>\n<p style=\"padding-left: 30px; text-align: justify;\"><strong>A vemhes szuka<\/strong> optim\u00e1lis\u00a0t\u00e1panyagell\u00e1t\u00e1s\u00e1t a harmadik \u00e9s az utols\u00f3\u00a0vemhess\u00e9gi peri\u00f3dusban, valamint a\u00a0magzatok t\u00e1maszt\u00f3sz\u00f6veteinek ide\u00e1lis\u00a0fejl\u0151d\u00e9s\u00e9t<\/p>\n<p style=\"padding-left: 30px; text-align: justify;\"><strong>Az \u00e9letmin\u0151s\u00e9g jav\u00edt\u00e1s\u00e1t,<\/strong> k\u00fcl\u00f6n\u00f6sen\u00a0azokn\u00e1l az id\u0151sebb kuty\u00e1kn\u00e1l, ahol m\u00e1r\u00a0fenn\u00e1llnak a mozg\u00e1sszervi panaszok,\u00a0\u00e9s ezek megel\u0151z\u00e9s\u00e9re is alkalmas<\/p>\n<p><img loading=\"lazy\" class=\"alignleft size-full wp-image-517\" title=\"agar\" alt=\"\" src=\"http:\/\/luposan.d250.hu\/wp-content\/uploads\/2012\/02\/agar1.jpg\" width=\"144\" height=\"192\" \/><\/p>\n<p style=\"padding-left: 30px; text-align: justify;\">\u00a0<strong>A k\u00f6ly\u00f6k \u00e9s fiatal kuty\u00e1k<\/strong>ban a mozg\u00e1s szervrendszer\u00e9nek \u00e9s a f\u00fclkagyl\u00f3porc optim\u00e1lis fejl\u0151d\u00e9s\u00e9t. Ez jav\u00edtja a f\u00fcltart\u00e1st bizonyos fajt\u00e1kn\u00e1l, p\u00e9ld\u00e1ul a n\u00e9met juh\u00e1szkuty\u00e1k, bullterrierek, stb.<\/p>\n<p style=\"text-align: justify;\"><strong>A teljes\u00edt\u0151k\u00e9pess\u00e9g n\u00f6veked\u00e9s\u00e9t<\/strong>, p\u00e9ld\u00e1ul kik\u00e9pz\u00e9sn\u00e9l, ki\u00e1ll\u00edt\u00e1sokon, vad\u00e1szaton, agility, ag\u00e1r \u00e9s m\u00e1s versenyeken.<\/p>\n<p>\u00a0 A <strong>LUPOSAN GELENKKRAFT<\/strong> term\u00e9szetes eredet\u0171, 100%-ban tiszta hat\u00f3anyag-komplex (mivel minden alkot\u00f3r\u00e9sze a t\u00e1panyagell\u00e1t\u00e1st szolg\u00e1lja) amit kifejezetten arra fejlesztettek ki, hogy seg\u00edtse a k\u00f6t\u0151- \u00e9s t\u00e1maszt\u00f3sz\u00f6vetek fel\u00e9p\u00edt\u00e9s\u00e9t \u00e9s regener\u00e1ci\u00f3j\u00e1t.<\/p>\n<h2 style=\"text-align: center;\">A kuty\u00e1knak eg\u00e9szs\u00e9gesebb \u00e9letet\u00a0\u2192\u00a0Luposant!<\/h2>\n<p>A k\u00f6t\u0151 \u00e9s t\u00e1maszt\u00f3sz\u00f6vetek a\u00a0gl\u00fckozaminoglik\u00e1nnak megfelel\u0151\u00a0mucopolisachariddal, heparin szulf\u00e1ttal<strong>\u00a0omega 3 zs\u00edrsavakkal val\u00f3 ell\u00e1t\u00e1s\u00e1t\u00a0biztos\u00edtja a\u00a0<strong>Perna canaliculus* kagyl\u00f3 izomkivonat<\/strong><\/strong> <strong><span style=\"text-decoration: underline;\">Az oroszl\u00e1nr\u00e9sz<\/span>:<\/strong> <strong>LUPOSAN<\/strong>,<strong> GELENKKRAFT\u00a0<\/strong><strong>stabiliz\u00e1lt, finom\u00edtott\u00a0<\/strong><strong>k\u00e9zzel v\u00e1logatott, speci\u00e1lis\u00a0<\/strong><strong>sz\u00e1r\u00edtott kagyl\u00f3h\u00faskivonat az\u00a0<\/strong><strong>\u00faj-z\u00e9landi \u201ePerna canaliculus\u201d!<\/strong> \u00a0 <img loading=\"lazy\" class=\"alignright size-medium wp-image-527\" title=\"mentes\" alt=\"\" src=\"http:\/\/luposan.d250.hu\/wp-content\/uploads\/2012\/02\/mentes-224x300.jpg\" width=\"224\" height=\"300\" srcset=\"https:\/\/luposan.d250.hu\/luposan\/wp-content\/uploads\/2012\/02\/mentes-224x300.jpg 224w, https:\/\/luposan.d250.hu\/luposan\/wp-content\/uploads\/2012\/02\/mentes.jpg 336w\" sizes=\"(max-width: 224px) 100vw, 224px\" \/><span style=\"text-align: justify;\">A <\/span><strong style=\"text-align: justify;\">LUPOSAN GELENKKRAFT<\/strong><span style=\"text-align: justify;\">-ban megtal\u00e1lhat\u00f3 s\u00f6r\u00e9leszt\u0151 sok B \u2013 vitaminnal, valamint egy speci\u00e1lis mal\u00e1takever\u00e9k magas\u00a0gl\u00fck\u00f3z, malt\u00f3z, frukt\u00f3z tartalommal<\/span><strong style=\"text-align: justify;\">\u00a0<\/strong><span style=\"text-align: justify;\">seg\u00edti az iz\u00fcleti porc sejtanyagcser\u00e9j\u00e9t <\/span><strong style=\"text-align: justify;\">PERNA CANALICULUS*-B\u00d3L<\/strong><\/p>\n<p style=\"text-align: justify;\">A kovamoszat \u00e9s a zsurl\u00f3k, biol\u00f3giailag \u00e9rt\u00e9kes kovasavval gazdag\u00edtj\u00e1k a t\u00e1pot. Ezenk\u00edv\u00fcl az aminosavak, a zselatin \u00e9s a tengeri-algaliszt kiv\u00e1l\u00f3an hasznosul\u00f3 k\u00e9nforr\u00e1s<\/p>\n<p style=\"text-align: justify;\">A LUPOSAN GELENKKRAFT biztos\u00edtja az inak, szalagok, iz\u00fcleti porcok, porckorongok \u00e9s a k\u00f6t\u0151sz\u00f6veti r\u00e9szek term\u00e9szetes\u00a0illetve hat\u00e9kony stabiliz\u00e1l\u00e1s\u00e1t \u00e9s regener\u00e1ci\u00f3j\u00e1t<\/p>\n<p style=\"text-align: justify;\">A term\u00e9szetes hat\u00f3anyagok k\u00e9miai\u00a0adal\u00e9kok n\u00e9lk\u00fcl garant\u00e1lj\u00e1k az optim\u00e1lis\u00a0eredm\u00e9nyt. \u00cdgy el\u00e9rheti, hossz\u00fa ideig fenntarthatja\u00a0kuty\u00e1ja vitalit\u00e1s\u00e1t, teljes\u00edt\u0151k\u00e9pess\u00e9g\u00e9t, kitart\u00e1s\u00e1t \u00e9s \u00a0 \u00a0 \u00a0 \u00a0mozg\u00e9konys\u00e1g\u00e1t. Ez az \u00e1llatnak napi sz\u00fcks\u00e9glete!<\/p>\n<p><strong>\u00a0 \u00a0 \u00a0 \u00a0 \u00a0 \u00a0 \u00a0 \u00a0 \u00a0 \u00a0 \u00a0 \u00a0 \u00a0 \u00a0 \u00a0 \u00a0 \u00a0 \u00a0 \u00a0 \u00a0 \u00a0 \u00a0 \u00a0 \u00a0 \u00a0 \u00a0 \u00a0 \u00a0 \u00a0 \u00a0 \u00a0 \u00a0 \u00a0 \u00a0 \u00a0 \u00a0 \u00a0 \u00a0 \u00a0 \u00a0 \u00a0 \u00a0\u00a0<\/strong><\/p>\n<p style=\"text-align: left;\" align=\"center\"><strong>\u00a0<strong>\u00d6SSZET\u00c9TEL:<\/strong>\u00a0<\/strong><\/p>\n<p style=\"text-align: left;\" align=\"center\"><strong><\/strong>KAGYL\u00d3H\u00daSKIVONAT\u00a0\u00a020%-30-40-60%,\u00a0tengerialga-liszt, mal\u00e1takever\u00e9k,\u00a0zselatin, \u00e9leszt\u0151, kovamoszat,\u00a0zsurl\u00f3k, DL-metionin<\/p>\n<p style=\"text-align: left;\" align=\"center\"><strong>TARTALMAZ:<\/strong><\/p>\n<p style=\"text-align: left;\" align=\"center\">\u00a031,0% nyersfeh\u00e9rje\u00a0\u00a0\u00a0 2.5% nyersrost<\/p>\n<p style=\"text-align: left;\" align=\"center\">\u00a023.0% nyerszs\u00edr\u00a0\u00a0\u00a0\u00a0\u00a0\u00a0\u00a0\u00a0 1,7% DL metionin<\/p>\n<p style=\"text-align: left;\" align=\"center\">19,0% nyershamu<\/p>\n<p style=\"text-align: left;\" align=\"center\"><strong>ADAGOL\u00c1S por: (1 m\u00e9r\u0151kan\u00e1l=12 g.)<\/strong><\/p>\n<p style=\"text-align: left;\" align=\"center\">10 tests\u00faly kg-ig\u00a0\u00a0\u00a0\u00a0\u00a0\u00a0\u00a0\u00a0\u00a0\u00a0 \u00bc m\u00e9r\u0151kan\u00e1l\/nap<\/p>\n<p style=\"text-align: left;\" align=\"center\">20 tests\u00faly kg-ig\u00a0\u00a0\u00a0\u00a0\u00a0\u00a0\u00a0\u00a0\u00a0\u00a0 \u00bd m\u00e9r\u0151kan\u00e1l\/nap<\/p>\n<p style=\"text-align: left;\" align=\"center\">30 tests\u00faly kg-ig\u00a0\u00a0\u00a0\u00a0\u00a0\u00a0\u00a0\u00a0\u00a0\u00a0 \u00be m\u00e9r\u0151kan\u00e1l\/nap<\/p>\n<p style=\"text-align: left;\" align=\"center\">\u00a030 tests\u00faly kg-t\u00f3l \u00a0 \u00a0 \u00a0 \u00a0 \u00a01 m\u00e9r\u0151kan\u00e1l\/nap<\/p>\n<p style=\"text-align: left;\" align=\"center\">70 tests\u00faly kg-t\u00f3l\u00a0\u00a0\u00a0\u00a0\u00a0\u00a0\u00a0\u00a0\u00a0\u00a0 2 m\u00e9r\u0151kan\u00e1l\/nap<\/p>\n<h3 align=\"center\"><span style=\"color: #800000;\"><strong>A fejleszt\u00e9s sor\u00e1n \u00e1llatv\u00e9delmi okokb\u00f3l ker\u00fclt\u00fck az \u00e1llatk\u00eds\u00e9rleteket!<\/strong><\/span><\/h3>\n<h3 align=\"center\"><span style=\"color: #800000;\"><strong>A LUPOSAN term\u00e9kek nem tartalmaznak g\u00e9nmanipul\u00e1lt \u00f6sszetev\u0151ket!<\/strong><\/span><\/h3>\n<p><img loading=\"lazy\" class=\"alignright  wp-image-526\" title=\"termesztes\" alt=\"\" src=\"http:\/\/luposan.d250.hu\/wp-content\/uploads\/2012\/02\/termesztes.jpg\" width=\"207\" height=\"207\" srcset=\"https:\/\/luposan.d250.hu\/luposan\/wp-content\/uploads\/2012\/02\/termesztes.jpg 230w, https:\/\/luposan.d250.hu\/luposan\/wp-content\/uploads\/2012\/02\/termesztes-150x150.jpg 150w\" sizes=\"(max-width: 207px) 100vw, 207px\" \/><\/p>\n<p style=\"text-align: justify;\">* Az \u00fajz\u00e9landi tar\u00e9jos z\u00f6ldkagyl\u00f3 (Perna canaliculus) egy speci\u00e1lis kagyl\u00f3 faj, ami csak \u00daj-Z\u00e9land partjain\u00e1l a vil\u00e1g legtiszt\u00e1bb tengervizeiben \u00e9l. A jelenleg ismert leggazdagabb gl\u00fckozamin &#8211; az \u00e9l\u0151szervezetek k\u00f6t\u0151-t\u00e1maszt\u00f3 sz\u00f6veti v\u00e1z\u00e1t fel\u00e9p\u00edt\u0151 \u00f6sszetett feh\u00e9rje-sz\u00e9nhidr\u00e1t molekul\u00e1k, amik t\u00falnyom\u00f3r\u00e9szt tengeri puhatest\u0171ekben \u00e9s halakban tal\u00e1lhat\u00f3ak &#8211; forr\u00e1s, ez\u00e9rt &#8220;kagyl\u00f3-farmokon&#8221; speci\u00e1lis k\u00f6r\u00fclm\u00e9nyek k\u00f6z\u00f6tt, rendszeres ellen\u0151rz\u00e9s mellett teny\u00e9sztik. Egyetlen ilyen kagyl\u00f3 naponta 300 l tengervizet &#8220;sz\u0171r \u00e1t&#8221; mag\u00e1n (t\u00e1pl\u00e1l\u00e9k \u00e9s oxig\u00e9nforr\u00e1s), ennek k\u00f6sz\u00f6nhet\u0151en a &#8220;kagyl\u00f3 h\u00fasa&#8221; rendk\u00edv\u00fcl gazdag biol\u00f3giailag akt\u00edv anyagokban. A kagyl\u00f3kat teny\u00e9szidej\u00fck cs\u00facs\u00e1n (amikor a legt\u00f6bb t\u00e1panyagot tartalmazz\u00e1k), kb. 16-18 h\u00f3napos korukban gy\u0171jtik be \u00e9s rekord gyorsas\u00e1ggal, 1 \u00f3ra alatt (ez az\u00e9rt fontos, hogy a hat\u00f3anyagok ne k\u00e1rosodjanak, ne pusztuljanak el a kagyl\u00f3k, ne k\u00e9pz\u0151djenek k\u00e1ros anyagok) a feldolgoz\u00f3 \u00fczembe sz\u00e1ll\u00edtj\u00e1k. A feldolgoz\u00e1s gy\u00f3gyszergy\u00e1ri k\u00f6r\u00fclm\u00e9nyek k\u00f6z\u00f6tt (a legszigor\u00fabb nemzetk\u00f6zi el\u0151\u00edr\u00e1soknak megfelel\u0151en) t\u00f6rt\u00e9nik.<\/p>\n<p>&nbsp;<\/p>\n<h2>Kiszerel\u00e9s: por, granul\u00e1tum \u00e9s tabletta<\/h2>\n<p>&nbsp;<\/p>\n<h4>\u00a0<img loading=\"lazy\" class=\"alignright size-medium wp-image-532\" title=\"gelen20\" alt=\"\" src=\"http:\/\/luposan.d250.hu\/wp-content\/uploads\/2012\/02\/gelen201-300x214.png\" width=\"300\" height=\"214\" srcset=\"https:\/\/luposan.d250.hu\/luposan\/wp-content\/uploads\/2012\/02\/gelen201-300x214.png 300w, https:\/\/luposan.d250.hu\/luposan\/wp-content\/uploads\/2012\/02\/gelen201.png 490w\" sizes=\"(max-width: 300px) 100vw, 300px\" \/>20%-os Klasszikus pork\u00e9nt<\/h4>\n<p style=\"text-align: left;\" align=\"center\"><strong>TARTALMAZ:<\/strong><\/p>\n<p style=\"text-align: left;\" align=\"center\">31,0% nyersfeh\u00e9rje<\/p>\n<p style=\"text-align: left;\" align=\"center\">2.5% nyersrost<\/p>\n<p style=\"text-align: left;\" align=\"center\">23.0% nyerszs\u00edr<\/p>\n<p style=\"text-align: left;\" align=\"center\">1,7% DL metionin<\/p>\n<p style=\"text-align: left;\" align=\"center\">19,0% nyershamu<\/p>\n<p>600g \u00e9s 1200 g doboz ADAGOL\u00c1S por: (1 m\u00e9r\u0151kan\u00e1l=12 g.) 10 tests\u00faly kg-ig \u00bc m\u00e9r\u0151kan\u00e1l\/nap 20 tests\u00faly kg-ig \u00bd m\u00e9r\u0151kan\u00e1l\/nap 30 tests\u00faly kg-ig \u00be m\u00e9r\u0151kan\u00e1l\/nap 30 tests\u00faly kg-t\u00f3l 1 m\u00e9r\u0151kan\u00e1l\/nap 70 tests\u00faly kg-t\u00f3l 2 m\u00e9r\u0151kan\u00e1l\/nap 20 % kagyl\u00f3tartalommal \u00a0 \u00a0 <img loading=\"lazy\" class=\"alignright size-medium wp-image-533\" title=\"gelen30\" alt=\"\" src=\"http:\/\/luposan.d250.hu\/wp-content\/uploads\/2012\/02\/gelen302-300x214.png\" width=\"300\" height=\"214\" srcset=\"https:\/\/luposan.d250.hu\/luposan\/wp-content\/uploads\/2012\/02\/gelen302-300x214.png 300w, https:\/\/luposan.d250.hu\/luposan\/wp-content\/uploads\/2012\/02\/gelen302.png 490w\" sizes=\"(max-width: 300px) 100vw, 300px\" \/><\/p>\n<h4>30%-os Granul\u00e1lt koncentr\u00e1tum<\/h4>\n<p><strong>TARTALMAZ:<\/strong><\/p>\n<p style=\"text-align: left;\" align=\"center\">22 % nyersfeh\u00e9rje;<\/p>\n<p style=\"text-align: left;\" align=\"center\">8,5 % nyers zs\u00edr;<\/p>\n<p style=\"text-align: left;\" align=\"center\">19,5 % nyershamu;<\/p>\n<p style=\"text-align: left;\" align=\"center\">1,85 % nyersrost;<\/p>\n<p style=\"text-align: left;\" align=\"center\">2,7 % DL-Methionin;<\/p>\n<p style=\"text-align: left;\" align=\"center\">2,6 % DL-Lysin<\/p>\n<p>+ c vitamin (20.000 mg\/1 kg) 676 g \u00e9s 1350 g ADAGOL\u00c1S granul\u00e1tum: (1 m\u00e9r\u0151kan\u00e1l=10 g.) 10 tests\u00faly kg-ig \u00bc m\u00e9r\u0151kan\u00e1l\/nap 20 tests\u00faly kg-ig \u00bd m\u00e9r\u0151kan\u00e1l\/nap 30 tests\u00faly kg-ig 1 m\u00e9r\u0151kan\u00e1l\/nap 70 tests\u00faly kg-ig 2 m\u00e9r\u0151kan\u00e1l\/nap 30 % kagyl\u00f3tartalommal \u00a0 <img loading=\"lazy\" class=\"alignright size-medium wp-image-534\" title=\"tabletta\" alt=\"\" src=\"http:\/\/luposan.d250.hu\/wp-content\/uploads\/2012\/02\/tabletta1-300x210.png\" width=\"300\" height=\"210\" srcset=\"https:\/\/luposan.d250.hu\/luposan\/wp-content\/uploads\/2012\/02\/tabletta1-300x210.png 300w, https:\/\/luposan.d250.hu\/luposan\/wp-content\/uploads\/2012\/02\/tabletta1.png 490w\" sizes=\"(max-width: 300px) 100vw, 300px\" \/><\/p>\n<h4>40 %-os + c vitamin tablett\u00e1s<\/h4>\n<p style=\"text-align: left;\" align=\"center\"><strong>TARTALMAZ:<\/strong><\/p>\n<p style=\"text-align: left;\" align=\"center\">36 % nyersfeh\u00e9rje;<\/p>\n<p style=\"text-align: left;\" align=\"center\">5,5 % nyers zs\u00edr;<\/p>\n<p style=\"text-align: left;\" align=\"center\">43 % nyershamu;<\/p>\n<p style=\"text-align: left;\" align=\"center\">2 % nyersrost;<\/p>\n<p style=\"text-align: left;\" align=\"center\">3,2 % DL-Methionin;<\/p>\n<p style=\"text-align: left;\" align=\"center\">3 % DL-Lysin<\/p>\n<p>+ c vitamin (30.000 mg\/1 kg) 125g = 60 tabletta 400g = 200 tabletta ADAGOL\u00c1S tabletta: K\u00f6lyk\u00f6k 3 hetes kort\u00f3l: \u00bd tabletta\/nap Feln\u0151tt kutya10 kg-k\u00e9nt: 1 tabletta\/nap 40 % kagyl\u00f3tartalommal \u00a0 \u00a0 <img loading=\"lazy\" class=\"alignright size-medium wp-image-535\" title=\"gelen_katze\" alt=\"\" src=\"http:\/\/luposan.d250.hu\/wp-content\/uploads\/2012\/02\/gelen_katze2-300x214.png\" width=\"300\" height=\"214\" srcset=\"https:\/\/luposan.d250.hu\/luposan\/wp-content\/uploads\/2012\/02\/gelen_katze2-300x214.png 300w, https:\/\/luposan.d250.hu\/luposan\/wp-content\/uploads\/2012\/02\/gelen_katze2.png 490w\" sizes=\"(max-width: 300px) 100vw, 300px\" \/><\/p>\n<h4>60%-os speci\u00e1lisan macsk\u00e1knak<\/h4>\n<p>ADAGOL\u00c1S por: (1 m\u00e9r\u0151kan\u00e1l = 5 g.) 3 tests\u00faly kg-ig \u00bd m\u00e9r\u0151kan\u00e1l\/nap 3 tests\u00faly kg-t\u00f3l 1 m\u00e9r\u0151kan\u00e1l\/nap (a fajta \u00e9s kork\u00fcl\u00f6nbs\u00e9geket figyelembe v\u00e9ve) 60 % kagyl\u00f3tartalommal<\/p>\n<h2 style=\"text-align: center;\"><span style=\"color: #800000;\">A javasolt mennyis\u00e9get az els\u0151 14 napon, valamint s\u00falyos zavarok eset\u00e9n dupl\u00e1zzuk meg!<\/span><\/h2>\n<p>&nbsp;<\/p>\n","protected":false},"excerpt":{"rendered":"<p>J\u00d3 FORM\u00c1BAN AZ EG\u00c9SZS\u00c9GES K\u00d6T\u0150SZ\u00d6VET MIATT \u00a0Teny\u00e9szt\u00e9si \u00e9s tart\u00e1si t\u00e9nyez\u0151k gyakran vezetnek a k\u00f6t\u0151sz\u00f6veti elemek, mint p\u00e9ld\u00e1ul a szalagok, inak, synovium (iz\u00fcleti ken\u0151anyag), iz\u00fcleti tokok\u00a0iz\u00fcleti \u00e9s f\u00fclkagyl\u00f3porcok degener\u00e1ci\u00f3j\u00e1hoz.\u00a0A k\u00f6t\u0151sz\u00f6veti elemek biok\u00e9miai egyens\u00faly\u00e1ban t\u00e1madt zavar, valamint a mozg\u00e1sszerv-rendszer terhelhet\u0151s\u00e9g\u00e9nek besz\u0171k\u00fcl\u00e9se, amit p\u00e9ld\u00e1ul a sz\u00f6vetek t\u00e1panyagell\u00e1t\u00e1s\u00e1nak zavara okozhat gyakran iz\u00fcleti f\u00e1jdalomhoz, iz\u00fcleti r\u00e9szek pusztul\u00e1s\u00e1hoz, \u00e9s v\u00e9g\u00fcl arthrosishoz &hellip; <\/p>\n<p><a class=\"more-link block-button\" href=\"https:\/\/luposan.d250.hu\/luposan\/termekek\/luposan-gelenkkraft\/\">Olvass tov\u00e1bb &raquo;<\/a><\/p>\n","protected":false},"author":1,"featured_media":179,"parent":7,"menu_order":1,"comment_status":"closed","ping_status":"closed","template":"","meta":[],"_links":{"self":[{"href":"https:\/\/luposan.d250.hu\/luposan\/wp-json\/wp\/v2\/pages\/19"}],"collection":[{"href":"https:\/\/luposan.d250.hu\/luposan\/wp-json\/wp\/v2\/pages"}],"about":[{"href":"https:\/\/luposan.d250.hu\/luposan\/wp-json\/wp\/v2\/types\/page"}],"author":[{"embeddable":true,"href":"https:\/\/luposan.d250.hu\/luposan\/wp-json\/wp\/v2\/users\/1"}],"replies":[{"embeddable":true,"href":"https:\/\/luposan.d250.hu\/luposan\/wp-json\/wp\/v2\/comments?post=19"}],"version-history":[{"count":32,"href":"https:\/\/luposan.d250.hu\/luposan\/wp-json\/wp\/v2\/pages\/19\/revisions"}],"predecessor-version":[{"id":965,"href":"https:\/\/luposan.d250.hu\/luposan\/wp-json\/wp\/v2\/pages\/19\/revisions\/965"}],"up":[{"embeddable":true,"href":"https:\/\/luposan.d250.hu\/luposan\/wp-json\/wp\/v2\/pages\/7"}],"wp:featuredmedia":[{"embeddable":true,"href":"https:\/\/luposan.d250.hu\/luposan\/wp-json\/wp\/v2\/media\/179"}],"wp:attachment":[{"href":"https:\/\/luposan.d250.hu\/luposan\/wp-json\/wp\/v2\/media?parent=19"}],"curies":[{"name":"wp","href":"https:\/\/api.w.org\/{rel}","templated":true}]}}