{"id":15,"date":"2012-02-10T18:06:12","date_gmt":"2012-02-10T18:06:12","guid":{"rendered":"http:\/\/luposan.d250.hu\/luposan\/?page_id=15"},"modified":"2013-11-12T12:43:30","modified_gmt":"2013-11-12T12:43:30","slug":"kapcsolat","status":"publish","type":"page","link":"https:\/\/luposan.d250.hu\/luposan\/kapcsolat\/","title":{"rendered":"Kapcsolat"},"content":{"rendered":"<h4 style=\"text-align: center;\">Gy\u00e1rtja: Luposan Tiernahrung, Langenhahn, N\u00e9metorsz\u00e1g<\/h4>\n<p>&nbsp;<\/p>\n<h3 style=\"text-align: center;\">Forgalmazza:<\/h3>\n<p>A Serpico Bt k\u00e9pvisel\u0151je <strong>Sim\u00f3 Gergely<\/strong> \u00e1llatteny\u00e9szt\u0151 agr\u00e1rm\u00e9rn\u00f6k, a LUPOSAN term\u00e9kek magyarorsz\u00e1gi bevezet\u0151je \u00e9s szak\u00e9rt\u0151je. A LUPOSAN term\u00e9kcsal\u00e1ddal kapcsolatban m\u00e1r t\u00f6bb mint t\u00edz \u00e9ves tapasztalattal \u00e1ll partneri rendelkez\u00e9s\u00e9re.<\/p>\n<p style=\"text-align: center;\"><span style=\"text-decoration: underline;\"><strong>Serpico Bt.<\/strong><\/span> <strong> H-1185 Budapest, Duna u. 66.<\/strong><\/p>\n<p style=\"text-align: center;\"><strong><\/strong><strong>Tel: 1-294-1057, mobil: 70-314-80-12<\/strong><\/p>\n<p style=\"text-align: center;\"><strong><\/strong><strong>E-mail:\u00a0simogerg@t-online.hu<\/strong><\/p>\n<p>&nbsp;<\/p>\n<p style=\"text-align: center;\"><strong><div class=\"wpcf7\" id=\"wpcf7-f896-p15-o1\"><form action=\"\/luposan\/wp-json\/wp\/v2\/pages\/15#wpcf7-f896-p15-o1\" method=\"post\" class=\"wpcf7-form\" novalidate=\"novalidate\">\n<div style=\"display: none;\">\n<input type=\"hidden\" name=\"_wpcf7\" value=\"896\" \/>\n<input type=\"hidden\" name=\"_wpcf7_version\" value=\"3.6\" \/>\n<input type=\"hidden\" name=\"_wpcf7_locale\" value=\"\" \/>\n<input type=\"hidden\" name=\"_wpcf7_unit_tag\" value=\"wpcf7-f896-p15-o1\" \/>\n<input type=\"hidden\" name=\"_wpnonce\" value=\"ccccd8aa2d\" \/>\n<\/div>\n<p>N\u00e9v (k\u00f6telez\u0151)<br \/>\n    <span class=\"wpcf7-form-control-wrap your-name\"><input type=\"text\" name=\"your-name\" value=\"\" size=\"40\" class=\"wpcf7-form-control wpcf7-text wpcf7-validates-as-required\" aria-required=\"true\" aria-invalid=\"false\" \/><\/span> <\/p>\n<p>Email c\u00edm (k\u00f6telez\u0151)<br \/>\n    <span class=\"wpcf7-form-control-wrap your-email\"><input type=\"email\" name=\"your-email\" value=\"\" size=\"40\" class=\"wpcf7-form-control wpcf7-text wpcf7-email wpcf7-validates-as-required wpcf7-validates-as-email\" aria-required=\"true\" aria-invalid=\"false\" \/><\/span> <\/p>\n<p>T\u00e1rgy<br \/>\n    <span class=\"wpcf7-form-control-wrap your-subject\"><input type=\"text\" name=\"your-subject\" value=\"\" size=\"40\" class=\"wpcf7-form-control wpcf7-text\" aria-invalid=\"false\" \/><\/span> <\/p>\n<p>\u00dczenet<br \/>\n    <span class=\"wpcf7-form-control-wrap your-message\"><textarea name=\"your-message\" cols=\"40\" rows=\"10\" class=\"wpcf7-form-control wpcf7-textarea\" aria-invalid=\"false\"><\/textarea><\/span> <\/p>\n<p><input type=\"submit\" value=\"K\u00fcld\u00e9s\" class=\"wpcf7-form-control wpcf7-submit\" \/><\/p>\n<div class=\"wpcf7-response-output wpcf7-display-none\"><\/div><\/form><\/div><\/strong><\/p>\n","protected":false},"excerpt":{"rendered":"<p>Gy\u00e1rtja: Luposan Tiernahrung, Langenhahn, N\u00e9metorsz\u00e1g &nbsp; Forgalmazza: A Serpico Bt k\u00e9pvisel\u0151je Sim\u00f3 Gergely \u00e1llatteny\u00e9szt\u0151 agr\u00e1rm\u00e9rn\u00f6k, a LUPOSAN term\u00e9kek magyarorsz\u00e1gi bevezet\u0151je \u00e9s szak\u00e9rt\u0151je. A LUPOSAN term\u00e9kcsal\u00e1ddal kapcsolatban m\u00e1r t\u00f6bb mint t\u00edz \u00e9ves tapasztalattal \u00e1ll partneri rendelkez\u00e9s\u00e9re. Serpico Bt. H-1185 Budapest, Duna u. 66. Tel: 1-294-1057, mobil: 70-314-80-12 E-mail:\u00a0simogerg@t-online.hu &nbsp;<\/p>\n","protected":false},"author":1,"featured_media":0,"parent":0,"menu_order":6,"comment_status":"closed","ping_status":"closed","template":"","meta":[],"_links":{"self":[{"href":"https:\/\/luposan.d250.hu\/luposan\/wp-json\/wp\/v2\/pages\/15"}],"collection":[{"href":"https:\/\/luposan.d250.hu\/luposan\/wp-json\/wp\/v2\/pages"}],"about":[{"href":"https:\/\/luposan.d250.hu\/luposan\/wp-json\/wp\/v2\/types\/page"}],"author":[{"embeddable":true,"href":"https:\/\/luposan.d250.hu\/luposan\/wp-json\/wp\/v2\/users\/1"}],"replies":[{"embeddable":true,"href":"https:\/\/luposan.d250.hu\/luposan\/wp-json\/wp\/v2\/comments?post=15"}],"version-history":[{"count":16,"href":"https:\/\/luposan.d250.hu\/luposan\/wp-json\/wp\/v2\/pages\/15\/revisions"}],"predecessor-version":[{"id":960,"href":"https:\/\/luposan.d250.hu\/luposan\/wp-json\/wp\/v2\/pages\/15\/revisions\/960"}],"wp:attachment":[{"href":"https:\/\/luposan.d250.hu\/luposan\/wp-json\/wp\/v2\/media?parent=15"}],"curies":[{"name":"wp","href":"https:\/\/api.w.org\/{rel}","templated":true}]}}